{"id":27844,"date":"1999-11-30T00:00:00","date_gmt":"1999-11-29T22:00:00","guid":{"rendered":"https:\/\/www.ircica.org\/publications\/non%20class\u00e9\/en-afrique-de-louest-communications-du-symposium-international-tenu-les-27-30-decembre-1996-dakar-senegal"},"modified":"2024-12-17T13:46:29","modified_gmt":"2024-12-17T10:46:29","slug":"en-afrique-de-louest-communications-du-symposium-international-tenu-les-27-30-decembre-1996-dakar-senegal","status":"publish","type":"product","link":"https:\/\/www.ircica.org\/fr\/publications\/histoire-de-la-civilisation-islamique\/afrique\/la-civilisation-islamique-en-afrique-de-louest","title":{"rendered":"La Civilisation islamique en Afrique de l\u2019ouest"},"content":{"rendered":"<p>Cet ouvrage contient les actes du symposium international sur \u00ab La civilisation islamique en Afrique de l&rsquo;Ouest \u00bb organis\u00e9 par l&rsquo;Institut Fondamental d&rsquo;Afrique Noire Cheikh Anta Diop (IFAN) de l\u2019Universit\u00e9 de Dakar et l&rsquo;IRCICA, tenu sous le patronage du Pr\u00e9sident du S\u00e9n\u00e9gal S.E.M. Abdou Diouf et ouvert avec l\u2019allocution du Premier Ministre S.E.M. Habib Thiam , \u00e0 Dakar, du 27 au 30 d\u00e9cembre 1996. Le symposium a constitu\u00e9 une \u00e9tape importante dans le domaine des \u00e9tudes africaines focalis\u00e9es sur la culture islamique. Le recueil des actes contient trente-quatre articles, certains en anglais.<\/p>\n","protected":false},"excerpt":{"rendered":"<p><strong>Communications du Symposium international tenu les 27-30 d\u00e9cembre 1996, Dakar, S\u00e9n\u00e9gal<\/strong><\/p>\n<p>Edit\u00e9 par Samba Dieng<br \/>\nIstanbul, 1999 (en fran\u00e7ais, pr\u00e9faces en anglais)<\/p>\n","protected":false},"featured_media":27841,"template":"","meta":{"_acf_changed":false,"_mi_skip_tracking":false},"product_cat":[180,164],"product_tag":[],"class_list":{"0":"post-27844","1":"product","2":"type-product","3":"status-publish","4":"has-post-thumbnail","6":"product_cat-afrique","7":"product_cat-histoire-de-la-civilisation-islamique","9":"first","10":"instock","11":"shipping-taxable","12":"product-type-simple"},"acf":[],"aioseo_notices":[],"_links":{"self":[{"href":"https:\/\/www.ircica.org\/fr\/wp-json\/wp\/v2\/product\/27844","targetHints":{"allow":["GET"]}}],"collection":[{"href":"https:\/\/www.ircica.org\/fr\/wp-json\/wp\/v2\/product"}],"about":[{"href":"https:\/\/www.ircica.org\/fr\/wp-json\/wp\/v2\/types\/product"}],"wp:featuredmedia":[{"embeddable":true,"href":"https:\/\/www.ircica.org\/fr\/wp-json\/wp\/v2\/media\/27841"}],"wp:attachment":[{"href":"https:\/\/www.ircica.org\/fr\/wp-json\/wp\/v2\/media?parent=27844"}],"wp:term":[{"taxonomy":"product_cat","embeddable":true,"href":"https:\/\/www.ircica.org\/fr\/wp-json\/wp\/v2\/product_cat?post=27844"},{"taxonomy":"product_tag","embeddable":true,"href":"https:\/\/www.ircica.org\/fr\/wp-json\/wp\/v2\/product_tag?post=27844"}],"curies":[{"name":"wp","href":"https:\/\/api.w.org\/{rel}","templated":true}]}}