{"id":27853,"date":"1985-11-30T00:00:00","date_gmt":"1985-11-29T22:00:00","guid":{"rendered":"https:\/\/www.ircica.org\/publications\/non%20class\u00e9\/lenseignement-arabo-islamique-au-senegal"},"modified":"2024-12-17T14:01:58","modified_gmt":"2024-12-17T11:01:58","slug":"lenseignement-arabo-islamique-au-senegal","status":"publish","type":"product","link":"https:\/\/www.ircica.org\/fr\/publications\/histoire-de-la-civilisation-islamique\/afrique\/lenseignement-arabo-islamique-au-senegal","title":{"rendered":"L\u2019Enseignement arabo-islamique au S\u00e9n\u00e9gal"},"content":{"rendered":"<p>Cette \u00e9tude d\u00e9taill\u00e9e sur l&rsquo;introduction et la pr\u00e9servation de la langue arabe et de l&rsquo;enseignement islamique dans la langue arabe en Afrique de l&rsquo;Ouest, notamment au S\u00e9n\u00e9gal, \u00e9tait la th\u00e8se de doctorat de l\u2019historien Dr Mamadou Ndiaye publi\u00e9e par l&rsquo;IRCICA en 1985.<\/p>\n","protected":false},"excerpt":{"rendered":"<p>Par Mamadou Ndiaye<br \/>\nIstanbul, 1985 (en fran\u00e7ais)<\/p>\n","protected":false},"featured_media":27850,"template":"","meta":{"_acf_changed":false,"_mi_skip_tracking":false},"product_cat":[180,164],"product_tag":[],"class_list":{"0":"post-27853","1":"product","2":"type-product","3":"status-publish","4":"has-post-thumbnail","6":"product_cat-afrique","7":"product_cat-histoire-de-la-civilisation-islamique","9":"first","10":"outofstock","11":"shipping-taxable","12":"purchasable","13":"product-type-simple"},"acf":[],"aioseo_notices":[],"_links":{"self":[{"href":"https:\/\/www.ircica.org\/fr\/wp-json\/wp\/v2\/product\/27853","targetHints":{"allow":["GET"]}}],"collection":[{"href":"https:\/\/www.ircica.org\/fr\/wp-json\/wp\/v2\/product"}],"about":[{"href":"https:\/\/www.ircica.org\/fr\/wp-json\/wp\/v2\/types\/product"}],"wp:featuredmedia":[{"embeddable":true,"href":"https:\/\/www.ircica.org\/fr\/wp-json\/wp\/v2\/media\/27850"}],"wp:attachment":[{"href":"https:\/\/www.ircica.org\/fr\/wp-json\/wp\/v2\/media?parent=27853"}],"wp:term":[{"taxonomy":"product_cat","embeddable":true,"href":"https:\/\/www.ircica.org\/fr\/wp-json\/wp\/v2\/product_cat?post=27853"},{"taxonomy":"product_tag","embeddable":true,"href":"https:\/\/www.ircica.org\/fr\/wp-json\/wp\/v2\/product_tag?post=27853"}],"curies":[{"name":"wp","href":"https:\/\/api.w.org\/{rel}","templated":true}]}}