{"id":27861,"date":"1990-12-27T00:00:00","date_gmt":"1990-12-26T22:00:00","guid":{"rendered":"https:\/\/www.ircica.org\/publications\/non%20class\u00e9\/%d8%a7%d8%ae%d8%aa%d8%a7%d9%85-%d8%a7%d9%84%d8%a8%d8%b1%d9%8a%d8%af-%d8%a7%d9%84%d8%b9%d8%ab%d9%85%d8%a7%d9%86%d9%8a-the-ottoman-postal-stamps"},"modified":"2024-12-17T14:14:25","modified_gmt":"2024-12-17T11:14:25","slug":"%d8%a7%d8%ae%d8%aa%d8%a7%d9%85-%d8%a7%d9%84%d8%a8%d8%b1%d9%8a%d8%af-%d8%a7%d9%84%d8%b9%d8%ab%d9%85%d8%a7%d9%86%d9%8a-the-ottoman-postal-stamps","status":"publish","type":"product","link":"https:\/\/www.ircica.org\/fr\/publications\/bibliographies-catalogues\/les-timbres-postaux-ottomans","title":{"rendered":"Les timbres postaux ottomans"},"content":{"rendered":"<p>Ce catalogue contient les images de plus de 2000 timbres postaux utilis\u00e9s par l&rsquo;administration postale ottomane entre 1910 et 1918. Il a \u00e9t\u00e9 sp\u00e9cialement con\u00e7u pour les chercheurs int\u00e9ress\u00e9s par l&rsquo;histoire de l&rsquo;urbanisation, les mouvements d\u00e9mographiques, le commerce et l&rsquo;histoire militaire, aussi bien que les philat\u00e9listes.<\/p>\n","protected":false},"excerpt":{"rendered":"<p>Hidayet Y. Nuho\u011flu, Talip Mert<br \/>\nIstanbul, 1990 (en turc et en arabe)<\/p>\n","protected":false},"featured_media":27858,"template":"","meta":{"_acf_changed":false,"_mi_skip_tracking":false},"product_cat":[183],"product_tag":[],"class_list":{"0":"post-27861","1":"product","2":"type-product","3":"status-publish","4":"has-post-thumbnail","6":"product_cat-bibliographies-catalogues-3","8":"first","9":"outofstock","10":"shipping-taxable","11":"purchasable","12":"product-type-simple"},"acf":[],"aioseo_notices":[],"_links":{"self":[{"href":"https:\/\/www.ircica.org\/fr\/wp-json\/wp\/v2\/product\/27861","targetHints":{"allow":["GET"]}}],"collection":[{"href":"https:\/\/www.ircica.org\/fr\/wp-json\/wp\/v2\/product"}],"about":[{"href":"https:\/\/www.ircica.org\/fr\/wp-json\/wp\/v2\/types\/product"}],"wp:featuredmedia":[{"embeddable":true,"href":"https:\/\/www.ircica.org\/fr\/wp-json\/wp\/v2\/media\/27858"}],"wp:attachment":[{"href":"https:\/\/www.ircica.org\/fr\/wp-json\/wp\/v2\/media?parent=27861"}],"wp:term":[{"taxonomy":"product_cat","embeddable":true,"href":"https:\/\/www.ircica.org\/fr\/wp-json\/wp\/v2\/product_cat?post=27861"},{"taxonomy":"product_tag","embeddable":true,"href":"https:\/\/www.ircica.org\/fr\/wp-json\/wp\/v2\/product_tag?post=27861"}],"curies":[{"name":"wp","href":"https:\/\/api.w.org\/{rel}","templated":true}]}}