{"id":27872,"date":"2009-05-26T00:00:00","date_gmt":"2009-05-25T21:00:00","guid":{"rendered":"https:\/\/www.ircica.org\/publications\/non%20class\u00e9\/%d8%a8%d9%84%d8%a7%d8%af-%d8%a7%d9%84%d8%b4%d8%a7%d9%85-%d9%81%d9%8a-%d8%a7%d9%84%d8%b9%d9%87%d8%af-%d8%a7%d9%84%d8%b9%d8%ab%d9%85%d8%a7%d9%86%d9%8a-%d8%a8%d8%ad%d9%88%d8%ab-%d8%a7%d9%84%d9%86%d8%af"},"modified":"2024-12-17T14:32:25","modified_gmt":"2024-12-17T11:32:25","slug":"%d8%a8%d9%84%d8%a7%d8%af-%d8%a7%d9%84%d8%b4%d8%a7%d9%85-%d9%81%d9%8a-%d8%a7%d9%84%d8%b9%d9%87%d8%af-%d8%a7%d9%84%d8%b9%d8%ab%d9%85%d8%a7%d9%86%d9%8a-%d8%a8%d8%ad%d9%88%d8%ab-%d8%a7%d9%84%d9%86%d8%af","status":"publish","type":"product","link":"https:\/\/www.ircica.org\/fr\/publications\/histoire-de-la-civilisation-islamique\/asie\/moyen-orient-et-mediterranee\/actes-du-symposium-sur-bilad-al-sham-a-lepoque-ottomane","title":{"rendered":"Actes du symposium sur \u00ab\u00a0Bilad al-Sham \u00e0 l&rsquo;\u00e9poque ottomane\u00a0\u00bb"},"content":{"rendered":"<p>Le symposium sur \u00ab Bilad al-Sham \u00e0 l&rsquo;\u00e9poque ottomane \u00bb, coorganis\u00e9 par l&rsquo;IRCICA et le Minist\u00e8re de la Culture de Syrie, avait rassembl\u00e9 des \u00e9tudes acad\u00e9miques sur l&rsquo;histoire de la r\u00e9gion comprenant la Jordanie, le Liban, la Palestine et la Syrie d&rsquo;aujourd&rsquo;hui et qui a toujours eu une place importante dans l\u2019histoire politique, \u00e9conomique et culturelle de l\u2019Empire ottoman. Les articles ont \u00e9t\u00e9 regroup\u00e9s sous les rubriques suivantes : \u00c9tat et soci\u00e9t\u00e9, \u00e9conomie, modernisation, \u00e9ducation et culture, villes et infrastructures. Les discussions ont \u00e9galement abord\u00e9 les questions de m\u00e9thodologie de recherche et de sources de r\u00e9f\u00e9rence. Le livre contient des articles en anglais et en arabe.<\/p>\n","protected":false},"excerpt":{"rendered":"<p><strong>Damas, 26-30 Septembre 2005<\/strong><\/p>\n<p>Istanbul, 2009<br \/>\n(en arabe et anglais)<\/p>\n","protected":false},"featured_media":27865,"template":"","meta":{"_acf_changed":false,"_mi_skip_tracking":false},"product_cat":[164,362],"product_tag":[],"class_list":{"0":"post-27872","1":"product","2":"type-product","3":"status-publish","4":"has-post-thumbnail","6":"product_cat-histoire-de-la-civilisation-islamique","7":"product_cat-moyen-orient-et-mediterranee","9":"first","10":"instock","11":"shipping-taxable","12":"product-type-simple"},"acf":[],"aioseo_notices":[],"_links":{"self":[{"href":"https:\/\/www.ircica.org\/fr\/wp-json\/wp\/v2\/product\/27872","targetHints":{"allow":["GET"]}}],"collection":[{"href":"https:\/\/www.ircica.org\/fr\/wp-json\/wp\/v2\/product"}],"about":[{"href":"https:\/\/www.ircica.org\/fr\/wp-json\/wp\/v2\/types\/product"}],"wp:featuredmedia":[{"embeddable":true,"href":"https:\/\/www.ircica.org\/fr\/wp-json\/wp\/v2\/media\/27865"}],"wp:attachment":[{"href":"https:\/\/www.ircica.org\/fr\/wp-json\/wp\/v2\/media?parent=27872"}],"wp:term":[{"taxonomy":"product_cat","embeddable":true,"href":"https:\/\/www.ircica.org\/fr\/wp-json\/wp\/v2\/product_cat?post=27872"},{"taxonomy":"product_tag","embeddable":true,"href":"https:\/\/www.ircica.org\/fr\/wp-json\/wp\/v2\/product_tag?post=27872"}],"curies":[{"name":"wp","href":"https:\/\/api.w.org\/{rel}","templated":true}]}}