{"id":27881,"date":"1995-08-18T00:00:00","date_gmt":"1995-08-17T21:00:00","guid":{"rendered":"https:\/\/www.ircica.org\/publications\/non%20class\u00e9\/cagini-yakalayan-osmanli"},"modified":"2024-12-17T15:23:18","modified_gmt":"2024-12-17T12:23:18","slug":"cagini-yakalayan-osmanli","status":"publish","type":"product","link":"https:\/\/www.ircica.org\/fr\/publications\/etat-ottoman-et-sa-civilisation\/les-ottomans-suivent-leur-age","title":{"rendered":"Les Ottomans suivent leur \u00e2ge"},"content":{"rendered":"<p>Ce livre contient vingt-trois articles pr\u00e9sent\u00e9s lors du symposium sur les \u00ab\u00a0Techniques modernes de transport et de communication dans l&rsquo;\u00c9tat ottoman\u00a0\u00bb qui s&rsquo;est tenu \u00e0 l&rsquo;IRCICA en 1989. Un article introductif d&rsquo;Ekmeleddin \u0130hsano\u011flu intitul\u00e9 \u00ab\u00a0Tentatives des Ottomans pour suivre l&rsquo;\u00e8re de la technologie \u00bb d\u00e9crit les efforts ayant vis\u00e9 \u00e0 transf\u00e9rer les technologies de transport et de communication de l&rsquo;Occident vers l&rsquo;Empire ottoman au XIXe si\u00e8cle. Le livre est divis\u00e9 en trois parties, intitul\u00e9es \u00ab\u00a0Traditions des transports et des communications dans l&rsquo;Empire ottoman\u00a0\u00bb ; \u00ab\u00a0Les communications modernes dans l&rsquo;Empire ottoman\u00a0\u00bb et la troisi\u00e8me partie, sur \u00ab\u00a0Les transports modernes dans l&rsquo;Empire ottoman.\u00a0\u00bb<\/p>\n","protected":false},"excerpt":{"rendered":"<p>Istanbul, 1995 (en turc)<br \/>\nISBN 929063054X<\/p>\n","protected":false},"featured_media":27878,"template":"","meta":{"_acf_changed":false,"_mi_skip_tracking":false},"product_cat":[367],"product_tag":[],"class_list":{"0":"post-27881","1":"product","2":"type-product","3":"status-publish","4":"has-post-thumbnail","6":"product_cat-etat-ottoman-et-sa-civilisation","8":"first","9":"outofstock","10":"shipping-taxable","11":"purchasable","12":"product-type-simple"},"acf":[],"aioseo_notices":[],"_links":{"self":[{"href":"https:\/\/www.ircica.org\/fr\/wp-json\/wp\/v2\/product\/27881","targetHints":{"allow":["GET"]}}],"collection":[{"href":"https:\/\/www.ircica.org\/fr\/wp-json\/wp\/v2\/product"}],"about":[{"href":"https:\/\/www.ircica.org\/fr\/wp-json\/wp\/v2\/types\/product"}],"wp:featuredmedia":[{"embeddable":true,"href":"https:\/\/www.ircica.org\/fr\/wp-json\/wp\/v2\/media\/27878"}],"wp:attachment":[{"href":"https:\/\/www.ircica.org\/fr\/wp-json\/wp\/v2\/media?parent=27881"}],"wp:term":[{"taxonomy":"product_cat","embeddable":true,"href":"https:\/\/www.ircica.org\/fr\/wp-json\/wp\/v2\/product_cat?post=27881"},{"taxonomy":"product_tag","embeddable":true,"href":"https:\/\/www.ircica.org\/fr\/wp-json\/wp\/v2\/product_tag?post=27881"}],"curies":[{"name":"wp","href":"https:\/\/api.w.org\/{rel}","templated":true}]}}