{"id":27893,"date":"1986-08-24T00:00:00","date_gmt":"1986-08-23T21:00:00","guid":{"rendered":"https:\/\/www.ircica.org\/publications\/non%20class\u00e9\/istanbul-kutuphaneleri-arap-harfli-sureli-yayinlar-toplu-katalogu-1828-1928-union-catalogue-of-periodicals-in-arabic-script-in-the-libraries-of-istanbul-1828-1928"},"modified":"2024-12-17T16:11:37","modified_gmt":"2024-12-17T13:11:37","slug":"istanbul-kutuphaneleri-arap-harfli-sureli-yayinlar-toplu-katalogu-1828-1928-union-catalogue-of-periodicals-in-arabic-script-in-the-libraries-of-istanbul-1828-1928","status":"publish","type":"product","link":"https:\/\/www.ircica.org\/fr\/publications\/bibliographies-catalogues\/catalogue-unifie-des-periodiques-en-ecriture-arabe-des-bibliotheques-distanbul-1828-1928","title":{"rendered":"Catalogue unifi\u00e9 des p\u00e9riodiques en \u00e9criture arabe des biblioth\u00e8ques d&rsquo;Istanbul (1828-1928)"},"content":{"rendered":"<p>Ce catalogue contient des informations sur 1804 titres de p\u00e9riodiques dans diff\u00e9rentes langues imprim\u00e9s en \u00e9criture arabe. La pr\u00e9face, les explications et annotations bibliographiques ainsi que les index sont trilingues en anglais, arabe et turc.<\/p>\n","protected":false},"excerpt":{"rendered":"<p>Compil\u00e9 par Hasan Duman<br \/>\nIstanbul, 1986 (anglais, arabe, turc)<\/p>\n","protected":false},"featured_media":27886,"template":"","meta":{"_acf_changed":false,"_mi_skip_tracking":false},"product_cat":[183],"product_tag":[],"class_list":{"0":"post-27893","1":"product","2":"type-product","3":"status-publish","4":"has-post-thumbnail","6":"product_cat-bibliographies-catalogues-3","8":"first","9":"outofstock","10":"shipping-taxable","11":"purchasable","12":"product-type-simple"},"acf":[],"aioseo_notices":[],"_links":{"self":[{"href":"https:\/\/www.ircica.org\/fr\/wp-json\/wp\/v2\/product\/27893","targetHints":{"allow":["GET"]}}],"collection":[{"href":"https:\/\/www.ircica.org\/fr\/wp-json\/wp\/v2\/product"}],"about":[{"href":"https:\/\/www.ircica.org\/fr\/wp-json\/wp\/v2\/types\/product"}],"wp:featuredmedia":[{"embeddable":true,"href":"https:\/\/www.ircica.org\/fr\/wp-json\/wp\/v2\/media\/27886"}],"wp:attachment":[{"href":"https:\/\/www.ircica.org\/fr\/wp-json\/wp\/v2\/media?parent=27893"}],"wp:term":[{"taxonomy":"product_cat","embeddable":true,"href":"https:\/\/www.ircica.org\/fr\/wp-json\/wp\/v2\/product_cat?post=27893"},{"taxonomy":"product_tag","embeddable":true,"href":"https:\/\/www.ircica.org\/fr\/wp-json\/wp\/v2\/product_tag?post=27893"}],"curies":[{"name":"wp","href":"https:\/\/api.w.org\/{rel}","templated":true}]}}