{"id":27909,"date":"1986-08-24T00:00:00","date_gmt":"1986-08-23T21:00:00","guid":{"rendered":"https:\/\/www.ircica.org\/publications\/non%20class\u00e9\/%d9%81%d9%87%d8%b1%d8%b3-%d9%85%d8%ae%d8%b7%d9%88%d8%b7%d8%a7%d8%aa-%d9%85%d9%83%d8%aa%d8%a8%d8%a9-%d9%83%d9%88%d9%be%d8%b1%d9%8a%d9%84%d9%8a-catalogue-of-manuscripts-in-the-koprulu-library"},"modified":"2024-12-17T16:43:00","modified_gmt":"2024-12-17T13:43:00","slug":"%d9%81%d9%87%d8%b1%d8%b3-%d9%85%d8%ae%d8%b7%d9%88%d8%b7%d8%a7%d8%aa-%d9%85%d9%83%d8%aa%d8%a8%d8%a9-%d9%83%d9%88%d9%be%d8%b1%d9%8a%d9%84%d9%8a-catalogue-of-manuscripts-in-the-koprulu-library","status":"publish","type":"product","link":"https:\/\/www.ircica.org\/fr\/publications\/bibliographies-catalogues\/catalogue-des-manuscrits-de-la-bibliotheque-de-koprulu","title":{"rendered":"Catalogue des manuscrits de la biblioth\u00e8que de K\u00f6pr\u00fcl\u00fc"},"content":{"rendered":"<p>La biblioth\u00e8que de K\u00f6pr\u00fcl\u00fc d&rsquo;Istanbul contient l&rsquo;une des plus importantes collections de manuscrits au monde, compos\u00e9e de pr\u00e8s de 2 773 volumes regroup\u00e9s sous 3 500 titres et couvrant les domaines des sciences coraniques, de l&rsquo;histoire, de la philosophie, des sciences naturelles, des math\u00e9matiques, etc. Le catalogue fournit des informations bibliographiques compl\u00e8tes sur ces manuscrits. La pr\u00e9face retrace l&rsquo;histoire de la collection.<\/p>\n<p><strong>Commentaires\u00a0:<\/strong><br \/>\n\u00ab\u00a0Le catalogue des manuscrits de la biblioth\u00e8que de Koprulu est sans aucun doute un ouvrage pr\u00e9cieux et indispensable et peut \u00eatre consid\u00e9r\u00e9 comme l\u2019un des mieux trait\u00e9s publi\u00e9s ces derni\u00e8res ann\u00e9es en Turquie.\u00a0\u00bb Vojtech Kopcan, <em>Asian and African Studies<\/em>, XXV (1989)<\/p>\n<p>\u00ab\u00a0Les compilateurs doivent \u00eatre f\u00e9licit\u00e9s pour avoir pr\u00e9par\u00e9 une tr\u00e8s bonne gamme d&rsquo;index. Le catalogue est soigneusement pr\u00e9sent\u00e9 et constitue une mine d&rsquo;informations.\u00a0\u00bb Adam Gacek, <em>BRISMES Bulletin<\/em>, XIV, 2 (1988)<\/p>\n","protected":false},"excerpt":{"rendered":"<p>Compil\u00e9 par Ramazan \u015ee\u015fen, Cevat \u0130zgi, Cemil Akp\u0131nar<br \/>\n3 volumes. Istanbul, 1986 (en anglais et arabe)<\/p>\n","protected":false},"featured_media":27898,"template":"","meta":{"_acf_changed":false,"_mi_skip_tracking":false},"product_cat":[183],"product_tag":[],"class_list":{"0":"post-27909","1":"product","2":"type-product","3":"status-publish","4":"has-post-thumbnail","6":"product_cat-bibliographies-catalogues-3","8":"first","9":"instock","10":"shipping-taxable","11":"product-type-simple"},"acf":[],"aioseo_notices":[],"_links":{"self":[{"href":"https:\/\/www.ircica.org\/fr\/wp-json\/wp\/v2\/product\/27909","targetHints":{"allow":["GET"]}}],"collection":[{"href":"https:\/\/www.ircica.org\/fr\/wp-json\/wp\/v2\/product"}],"about":[{"href":"https:\/\/www.ircica.org\/fr\/wp-json\/wp\/v2\/types\/product"}],"wp:featuredmedia":[{"embeddable":true,"href":"https:\/\/www.ircica.org\/fr\/wp-json\/wp\/v2\/media\/27898"}],"wp:attachment":[{"href":"https:\/\/www.ircica.org\/fr\/wp-json\/wp\/v2\/media?parent=27909"}],"wp:term":[{"taxonomy":"product_cat","embeddable":true,"href":"https:\/\/www.ircica.org\/fr\/wp-json\/wp\/v2\/product_cat?post=27909"},{"taxonomy":"product_tag","embeddable":true,"href":"https:\/\/www.ircica.org\/fr\/wp-json\/wp\/v2\/product_tag?post=27909"}],"curies":[{"name":"wp","href":"https:\/\/api.w.org\/{rel}","templated":true}]}}