{"id":27918,"date":"2010-12-08T00:00:00","date_gmt":"2010-12-07T22:00:00","guid":{"rendered":"https:\/\/www.ircica.org\/publications\/non%20class\u00e9\/proceedings-of-the-third-international-congress-on-islamic-civilisation-in-the-balkans-bucharest-1-5-november-2006"},"modified":"2024-12-18T13:04:52","modified_gmt":"2024-12-18T10:04:52","slug":"proceedings-of-the-third-international-congress-on-islamic-civilisation-in-the-balkans-bucharest-1-5-november-2006","status":"publish","type":"product","link":"https:\/\/www.ircica.org\/fr\/publications\/histoire-de-la-civilisation-islamique\/europe-de-lest-et-balkans\/actes-du-troisieme-congres-international-sur-la-civilisation-islamique-dans-les-balkans-vol-i","title":{"rendered":"Actes du troisi\u00e8me Congr\u00e8s international sur la civilisation islamique dans les Balkans (Vol I)"},"content":{"rendered":"<p>Le troisi\u00e8me congr\u00e8s de l&rsquo;IRCICA sur la civilisation islamique dans les Balkans s&rsquo;\u00e9tait tenu \u00e0 Bucarest, en Roumanie, sous le patronage du Pr\u00e9sident de la Roumanie, S.E.M. Traian Basescu. Il avait \u00e9t\u00e9 organis\u00e9 conjointement par l&rsquo;IRCICA, l&rsquo;Universit\u00e9 de Bucarest et l&rsquo;Acad\u00e9mie des Sciences de Roumanie, du 1er au 5 novembre 2006. Le congr\u00e8s avait re\u00e7u des contributions de haute qualit\u00e9 sur divers aspects du th\u00e8me, regroup\u00e9es dans le livre sous les th\u00e8mes suivants : \u00ab Contexte historique \u00bb (six articles), \u00ab \u00c9ducation, culture et art \u00bb (six articles), \u00ab Vie sociale et rituels \u00bb (trois articles) et \u00ab Sujets divers \u00bb (cinq articles).<\/p>\n","protected":false},"excerpt":{"rendered":"<p><strong>Bucarest, 1er-5 novembre 2006)<\/strong><\/p>\n<p>Istanbul, 2010 (Vol I, en anglais)<\/p>\n","protected":false},"featured_media":27915,"template":"","meta":{"_acf_changed":false,"_mi_skip_tracking":false},"product_cat":[364,164],"product_tag":[],"class_list":{"0":"post-27918","1":"product","2":"type-product","3":"status-publish","4":"has-post-thumbnail","6":"product_cat-europe-de-lest-et-balkans","7":"product_cat-histoire-de-la-civilisation-islamique","9":"first","10":"instock","11":"shipping-taxable","12":"product-type-simple"},"acf":[],"aioseo_notices":[],"_links":{"self":[{"href":"https:\/\/www.ircica.org\/fr\/wp-json\/wp\/v2\/product\/27918","targetHints":{"allow":["GET"]}}],"collection":[{"href":"https:\/\/www.ircica.org\/fr\/wp-json\/wp\/v2\/product"}],"about":[{"href":"https:\/\/www.ircica.org\/fr\/wp-json\/wp\/v2\/types\/product"}],"wp:featuredmedia":[{"embeddable":true,"href":"https:\/\/www.ircica.org\/fr\/wp-json\/wp\/v2\/media\/27915"}],"wp:attachment":[{"href":"https:\/\/www.ircica.org\/fr\/wp-json\/wp\/v2\/media?parent=27918"}],"wp:term":[{"taxonomy":"product_cat","embeddable":true,"href":"https:\/\/www.ircica.org\/fr\/wp-json\/wp\/v2\/product_cat?post=27918"},{"taxonomy":"product_tag","embeddable":true,"href":"https:\/\/www.ircica.org\/fr\/wp-json\/wp\/v2\/product_tag?post=27918"}],"curies":[{"name":"wp","href":"https:\/\/api.w.org\/{rel}","templated":true}]}}