{"id":27937,"date":"2003-08-24T00:00:00","date_gmt":"2003-08-23T21:00:00","guid":{"rendered":"https:\/\/www.ircica.org\/publications\/non%20class\u00e9\/the-diwani-jaly-diwani-riqa-mashqs-by-m-halim-ozyazici"},"modified":"2024-12-18T14:27:13","modified_gmt":"2024-12-18T11:27:13","slug":"the-diwani-jaly-diwani-riqa-mashqs-by-m-halim-ozyazici","status":"publish","type":"product","link":"https:\/\/www.ircica.org\/fr\/publications\/arts-artisanats\/les-machqs-diwani-jeli-diwani-rika-de-m-halim-ozyazici","title":{"rendered":"Les machqs diwani-jeli diwani-rik&rsquo;a de M. Halim \u00d6zyaz\u0131c\u0131"},"content":{"rendered":"<p>Cet album contient les machqs (cahiers d&rsquo;exercices) qui avaient \u00e9t\u00e9 pr\u00e9par\u00e9s par le calligraphe Mustafa Halim \u00d6zyaz\u0131c\u0131 (1898-1964), ma\u00eetre renomm\u00e9 de la calligraphie en Turquie, et destin\u00e9s \u00e0 son \u00e9l\u00e8ve, plus tard professeur de calligraphie bien connu, le Prof. Dr. Ali Alparslan (1925-2006). Le livre contient \u00e9galement des informations sur la vie et l&rsquo;\u0153uvre du calligraphe \u00d6zyaz\u0131c\u0131 : il a \u00e9tudi\u00e9 \u00e0 l&rsquo;\u00e9cole des calligraphes d&rsquo;Istanbul \u00e0 partir de 1914 et approfondi ses exp\u00e9riences dans les \u00e9critures en diwani et jeli diwani au cours de ses services au Conseil imp\u00e9rial ottoman apr\u00e8s 1918. Il a \u00e9crit les machqs en diwani et jeli diwani \u00e0 partir de 1958. Ces machqs semblent \u00eatre les seuls pr\u00e9par\u00e9s par \u00d6zyaz\u0131c\u0131 pour ces \u00e9critures, car aucun de ces styles n&rsquo;a \u00e9t\u00e9 utilis\u00e9 en dehors du Conseil imp\u00e9rial. Ce feuillets, ainsi que ceux qu\u2019il a pr\u00e9par\u00e9s pour le riq\u2019a, sont rassembl\u00e9s dans ce livre.<\/p>\n","protected":false},"excerpt":{"rendered":"<p>Compil\u00e9 par Mohammed Tamimi<br \/>\nIstanbul, 2003 (texte en anglais, arabe et turc)<\/p>\n","protected":false},"featured_media":27931,"template":"","meta":{"_acf_changed":false,"_mi_skip_tracking":false},"product_cat":[189],"product_tag":[],"class_list":{"0":"post-27937","1":"product","2":"type-product","3":"status-publish","4":"has-post-thumbnail","6":"product_cat-arts-artisanats","8":"first","9":"outofstock","10":"shipping-taxable","11":"purchasable","12":"product-type-simple"},"acf":[],"aioseo_notices":[],"_links":{"self":[{"href":"https:\/\/www.ircica.org\/fr\/wp-json\/wp\/v2\/product\/27937","targetHints":{"allow":["GET"]}}],"collection":[{"href":"https:\/\/www.ircica.org\/fr\/wp-json\/wp\/v2\/product"}],"about":[{"href":"https:\/\/www.ircica.org\/fr\/wp-json\/wp\/v2\/types\/product"}],"wp:featuredmedia":[{"embeddable":true,"href":"https:\/\/www.ircica.org\/fr\/wp-json\/wp\/v2\/media\/27931"}],"wp:attachment":[{"href":"https:\/\/www.ircica.org\/fr\/wp-json\/wp\/v2\/media?parent=27937"}],"wp:term":[{"taxonomy":"product_cat","embeddable":true,"href":"https:\/\/www.ircica.org\/fr\/wp-json\/wp\/v2\/product_cat?post=27937"},{"taxonomy":"product_tag","embeddable":true,"href":"https:\/\/www.ircica.org\/fr\/wp-json\/wp\/v2\/product_tag?post=27937"}],"curies":[{"name":"wp","href":"https:\/\/api.w.org\/{rel}","templated":true}]}}