{"id":27948,"date":"1999-08-24T00:00:00","date_gmt":"1999-08-23T21:00:00","guid":{"rendered":"https:\/\/www.ircica.org\/publications\/non%20class\u00e9\/the-thuluth-and-naskh-mashqs-of-mehmed-sevki-efendi-1999"},"modified":"2024-12-18T13:48:50","modified_gmt":"2024-12-18T10:48:50","slug":"the-thuluth-and-naskh-mashqs-of-mehmed-sevki-efendi-1999","status":"publish","type":"product","link":"https:\/\/www.ircica.org\/fr\/publications\/arts-artisanats\/les-machqs-en-thuluth-et-naskh-de-mehmed-chevki-efendi-1999","title":{"rendered":"Les machqs en thuluth et naskh de Mehmed Chevki Efendi, 1999"},"content":{"rendered":"<p>Les machqs (cahiers d&rsquo;exercices) pr\u00e9par\u00e9s par le calligraphe Mehmed Chevki Efendi (1829-1887) pour les \u00e9critures en styles thuluth et naskh sont rassembl\u00e9s et publi\u00e9s pour servir de guide et de r\u00e9f\u00e9rence \u00e0 l&rsquo;usage des apprenants de cet art.<\/p>\n","protected":false},"excerpt":{"rendered":"<p>Compil\u00e9 par Mohammed Tamimi<br \/>\nIstanbul, 1999 (en arabe, pr\u00e9face en anglais et turc)<\/p>\n","protected":false},"featured_media":27942,"template":"","meta":{"_acf_changed":false,"_mi_skip_tracking":false},"product_cat":[189],"product_tag":[],"class_list":{"0":"post-27948","1":"product","2":"type-product","3":"status-publish","4":"has-post-thumbnail","6":"product_cat-arts-artisanats","8":"first","9":"outofstock","10":"shipping-taxable","11":"purchasable","12":"product-type-simple"},"acf":[],"aioseo_notices":[],"_links":{"self":[{"href":"https:\/\/www.ircica.org\/fr\/wp-json\/wp\/v2\/product\/27948","targetHints":{"allow":["GET"]}}],"collection":[{"href":"https:\/\/www.ircica.org\/fr\/wp-json\/wp\/v2\/product"}],"about":[{"href":"https:\/\/www.ircica.org\/fr\/wp-json\/wp\/v2\/types\/product"}],"wp:featuredmedia":[{"embeddable":true,"href":"https:\/\/www.ircica.org\/fr\/wp-json\/wp\/v2\/media\/27942"}],"wp:attachment":[{"href":"https:\/\/www.ircica.org\/fr\/wp-json\/wp\/v2\/media?parent=27948"}],"wp:term":[{"taxonomy":"product_cat","embeddable":true,"href":"https:\/\/www.ircica.org\/fr\/wp-json\/wp\/v2\/product_cat?post=27948"},{"taxonomy":"product_tag","embeddable":true,"href":"https:\/\/www.ircica.org\/fr\/wp-json\/wp\/v2\/product_tag?post=27948"}],"curies":[{"name":"wp","href":"https:\/\/api.w.org\/{rel}","templated":true}]}}