{"id":27955,"date":"1993-08-24T00:00:00","date_gmt":"1993-08-23T21:00:00","guid":{"rendered":"https:\/\/www.ircica.org\/publications\/non%20class\u00e9\/prospects-for-development-of-traditional-crafts-in-oic-countries-1993"},"modified":"2024-12-18T14:02:35","modified_gmt":"2024-12-18T11:02:35","slug":"prospects-for-development-of-traditional-crafts-in-oic-countries-1993","status":"publish","type":"product","link":"https:\/\/www.ircica.org\/fr\/publications\/arts-artisanats\/perspectives-de-developpement-de-lartisanat-traditionnel-dans-les-pays-de-loci-1993","title":{"rendered":"Perspectives de d\u00e9veloppement de l&rsquo;artisanat traditionnel dans les pays de l&rsquo;OCI, 1993"},"content":{"rendered":"<p>Ce livre contient les images d&rsquo;\u0153uvres artisanales pr\u00e9sent\u00e9es par des artisans de diff\u00e9rents pays lors de l&rsquo;exposition qui accompagnait le S\u00e9minaire international sur l&rsquo;artisanat : perspectives de d\u00e9veloppement organis\u00e9 \u00e0 Rabat par l&rsquo;Association Ribat al-Fath et l\u2019IRCICA, du 23 au 25 octobre 1991. Il pr\u00e9sente, avec des informations sur les artisans, des d\u00e9corations architecturales, des objets en bois, de mosa\u00efques, des portraits en coquillages, des portraits en verre, des poteries, des \u0153uvres en paille, des textiles et des tapis.<\/p>\n","protected":false},"excerpt":{"rendered":"<p><strong>Actes du S\u00e9minaire international sur l&rsquo;artisanat : perspectives de d\u00e9veloppement tenu \u00e0 Rabat, 23-25 octobre 1991<\/strong><\/p>\n<p>Compil\u00e9 pour publication par Nazih Maarouf<br \/>\nIRCICA, Istanbul, 1993, ill. 472 p. (articles en anglais, arabe ou fran\u00e7ais)<\/p>\n","protected":false},"featured_media":27953,"template":"","meta":{"_acf_changed":false,"_mi_skip_tracking":false},"product_cat":[189],"product_tag":[],"class_list":{"0":"post-27955","1":"product","2":"type-product","3":"status-publish","4":"has-post-thumbnail","6":"product_cat-arts-artisanats","8":"first","9":"outofstock","10":"shipping-taxable","11":"purchasable","12":"product-type-simple"},"acf":[],"aioseo_notices":[],"_links":{"self":[{"href":"https:\/\/www.ircica.org\/fr\/wp-json\/wp\/v2\/product\/27955","targetHints":{"allow":["GET"]}}],"collection":[{"href":"https:\/\/www.ircica.org\/fr\/wp-json\/wp\/v2\/product"}],"about":[{"href":"https:\/\/www.ircica.org\/fr\/wp-json\/wp\/v2\/types\/product"}],"wp:featuredmedia":[{"embeddable":true,"href":"https:\/\/www.ircica.org\/fr\/wp-json\/wp\/v2\/media\/27953"}],"wp:attachment":[{"href":"https:\/\/www.ircica.org\/fr\/wp-json\/wp\/v2\/media?parent=27955"}],"wp:term":[{"taxonomy":"product_cat","embeddable":true,"href":"https:\/\/www.ircica.org\/fr\/wp-json\/wp\/v2\/product_cat?post=27955"},{"taxonomy":"product_tag","embeddable":true,"href":"https:\/\/www.ircica.org\/fr\/wp-json\/wp\/v2\/product_tag?post=27955"}],"curies":[{"name":"wp","href":"https:\/\/api.w.org\/{rel}","templated":true}]}}