{"id":27962,"date":"1990-11-24T00:00:00","date_gmt":"1990-11-23T22:00:00","guid":{"rendered":"https:\/\/www.ircica.org\/publications\/non%20class\u00e9\/ottoman-architecture-in-albania-1385-1912"},"modified":"2024-12-18T14:16:42","modified_gmt":"2024-12-18T11:16:42","slug":"ottoman-architecture-in-albania-1385-1912","status":"publish","type":"product","link":"https:\/\/www.ircica.org\/fr\/publications\/patrimoine-culturel-et-architectural\/larchitecture-ottomane-en-albanie-1385-1912-ed-1990","title":{"rendered":"L\u2019Architecture ottomane en Albanie 1385-1912 (ed. 1990)"},"content":{"rendered":"<p>Une \u00e9tude approfondie des nombreux monuments islamiques en Albanie. L&rsquo;auteur a examin\u00e9 les contextes historiques dans lequel ils ont \u00e9t\u00e9 construits, leurs caract\u00e9ristiques architecturales et leur \u00e9tat actuel.<\/p>\n<p>L\u2019analyse est plac\u00e9e dans le contexte de l\u2019administration de l\u2019\u00c9tat, de la vie culturelle et sociale et des institutions pendant la p\u00e9riode ottomane. En tant que tel, le livre est bien plus qu\u2019une \u00e9tude architecturale ; il refl\u00e8te \u00e9galement divers aspects de l&rsquo;histoire ottomane dans les provinces, les fonctions sociales de l&rsquo;\u00c9tat et les structures soci\u00e9tales.<\/p>\n","protected":false},"excerpt":{"rendered":"<p>Par Machiel Kiel<br \/>\npubli\u00e9 en coop\u00e9ration avec le Fonds de promotion du Premier minist\u00e8re turc<br \/>\nIstanbul, 1990 (illustr\u00e9, en anglais)<\/p>\n","protected":false},"featured_media":27960,"template":"","meta":{"_acf_changed":false,"_mi_skip_tracking":false},"product_cat":[173],"product_tag":[],"class_list":{"0":"post-27962","1":"product","2":"type-product","3":"status-publish","4":"has-post-thumbnail","6":"product_cat-patrimoine-culturel-et-architectural","8":"first","9":"outofstock","10":"shipping-taxable","11":"purchasable","12":"product-type-simple"},"acf":[],"aioseo_notices":[],"_links":{"self":[{"href":"https:\/\/www.ircica.org\/fr\/wp-json\/wp\/v2\/product\/27962","targetHints":{"allow":["GET"]}}],"collection":[{"href":"https:\/\/www.ircica.org\/fr\/wp-json\/wp\/v2\/product"}],"about":[{"href":"https:\/\/www.ircica.org\/fr\/wp-json\/wp\/v2\/types\/product"}],"wp:featuredmedia":[{"embeddable":true,"href":"https:\/\/www.ircica.org\/fr\/wp-json\/wp\/v2\/media\/27960"}],"wp:attachment":[{"href":"https:\/\/www.ircica.org\/fr\/wp-json\/wp\/v2\/media?parent=27962"}],"wp:term":[{"taxonomy":"product_cat","embeddable":true,"href":"https:\/\/www.ircica.org\/fr\/wp-json\/wp\/v2\/product_cat?post=27962"},{"taxonomy":"product_tag","embeddable":true,"href":"https:\/\/www.ircica.org\/fr\/wp-json\/wp\/v2\/product_tag?post=27962"}],"curies":[{"name":"wp","href":"https:\/\/api.w.org\/{rel}","templated":true}]}}