{"id":27977,"date":"2003-08-18T00:00:00","date_gmt":"2003-08-17T21:00:00","guid":{"rendered":"https:\/\/www.ircica.org\/publications\/non%20class\u00e9\/inventory-of-ottoman-turkish-documents-about-waqf-preserved-in-the-oriental-department-at-the-st-st-cyril-and-methodius-national-library-part-1-registers"},"modified":"2024-12-19T10:39:04","modified_gmt":"2024-12-19T07:39:04","slug":"inventory-of-ottoman-turkish-documents-about-waqf-preserved-in-the-oriental-department-at-the-st-st-cyril-and-methodius-national-library-part-1-registers","status":"publish","type":"product","link":"https:\/\/www.ircica.org\/fr\/publications\/etat-ottoman-et-sa-civilisation\/inventaire-des-documents-turcs-ottomans-sur-le-waqf-conserves-dans-le-departement-oriental-de-la-bibliotheque-nationale-saint-cyrille-et-methodius-partie-1-registres","title":{"rendered":"Inventaire des documents turcs ottomans sur le Waqf conserv\u00e9s dans le d\u00e9partement oriental de la Biblioth\u00e8que nationale Saint-Cyrille et Methodius (Partie 1 &#8211; Registres)"},"content":{"rendered":"<p>Cet inventaire a \u00e9t\u00e9 dress\u00e9 par les chercheurs Evgeni Radushev, Svetlana Ivanova et Rumen Kovachev, se concentrant sur les registres et s\u00e9ries de documents des waqf (fondations charitables) conserv\u00e9s sous forme de cahiers et dans deux registres de qadi consacr\u00e9s aux waqfs. Les documents individuels doivent \u00eatre inclus dans un deuxi\u00e8me volume de l&rsquo;Inventaire. Des annotations d\u00e9taill\u00e9es sont donn\u00e9es pour chaque document. Les donn\u00e9es contenues dans les registres nous renseignent notamment sur la localisation des waqfs fonciers dans les Balkans et en Anatolie, leurs fondateurs, les types de propri\u00e9t\u00e9s du waqf, les toponymes et l&rsquo;onomastique, les salaires des fonctionnaires du waqf, les prix du march\u00e9 et les entreprises des diff\u00e9rents waqfs, d\u00e9crivant un tableau d\u00e9taill\u00e9 de l\u2019administration des waqfs dans l&rsquo;Empire ottoman. L&rsquo;inventaire comprend 472 documents provenant uniquement des fonds du D\u00e9partement oriental de la Biblioth\u00e8que nationale de Sofia. Ils sont r\u00e9dig\u00e9s principalement en ottoman ou en arabe. Chronologiquement, ils s&rsquo;\u00e9chelonnent entre le XVe et le XXe si\u00e8cle. Les documents sont class\u00e9s par ordre chronologique.<\/p>\n<p>Le volume contient un index des noms des fondateurs, des administrateurs des waqfs ainsi que de certains dirigeants. Les informations biographiques sont importantes pour l&rsquo;histoire locale ainsi que pour l&rsquo;histoire administrative de l&#8217;empire. L&rsquo;index des lieux recense les noms ottomans et modernes de villages et de quartiers. Viennent ensuite l&rsquo;index des mati\u00e8res et le glossaire des termes. Le glossaire comprend des informations utiles pour les chercheurs travaillant sur l&rsquo;histoire ottomane.<\/p>\n<p>La publication est une r\u00e9f\u00e9rence sur l\u2019histoire sociale et \u00e9conomique ottomane dans les Balkans.<\/p>\n","protected":false},"excerpt":{"rendered":"<p>Pr\u00e9par\u00e9 par Evgeni Radushev, Svetlana Ivanova, Rumen Kovachev<br \/>\nSous la direction de l\u2019IRCICA et du Centre international d&rsquo;\u00e9tudes sur les minorit\u00e9s et les relations interculturelles (IMIR), Sofia, Bulgarie 2003<\/p>\n","protected":false},"featured_media":27974,"template":"","meta":{"_acf_changed":false,"_mi_skip_tracking":false},"product_cat":[367],"product_tag":[],"class_list":{"0":"post-27977","1":"product","2":"type-product","3":"status-publish","4":"has-post-thumbnail","6":"product_cat-etat-ottoman-et-sa-civilisation","8":"first","9":"outofstock","10":"shipping-taxable","11":"purchasable","12":"product-type-simple"},"acf":[],"aioseo_notices":[],"_links":{"self":[{"href":"https:\/\/www.ircica.org\/fr\/wp-json\/wp\/v2\/product\/27977","targetHints":{"allow":["GET"]}}],"collection":[{"href":"https:\/\/www.ircica.org\/fr\/wp-json\/wp\/v2\/product"}],"about":[{"href":"https:\/\/www.ircica.org\/fr\/wp-json\/wp\/v2\/types\/product"}],"wp:featuredmedia":[{"embeddable":true,"href":"https:\/\/www.ircica.org\/fr\/wp-json\/wp\/v2\/media\/27974"}],"wp:attachment":[{"href":"https:\/\/www.ircica.org\/fr\/wp-json\/wp\/v2\/media?parent=27977"}],"wp:term":[{"taxonomy":"product_cat","embeddable":true,"href":"https:\/\/www.ircica.org\/fr\/wp-json\/wp\/v2\/product_cat?post=27977"},{"taxonomy":"product_tag","embeddable":true,"href":"https:\/\/www.ircica.org\/fr\/wp-json\/wp\/v2\/product_tag?post=27977"}],"curies":[{"name":"wp","href":"https:\/\/api.w.org\/{rel}","templated":true}]}}