{"id":27984,"date":"1990-08-18T00:00:00","date_gmt":"1990-08-17T21:00:00","guid":{"rendered":"https:\/\/www.ircica.org\/publications\/non%20class\u00e9\/the-book-kitab-al-hiyal-of-banu-musa-bin-shakir-interpreted-in-sense-of-modern-systems-and-control-engineering"},"modified":"2024-12-19T10:48:53","modified_gmt":"2024-12-19T07:48:53","slug":"the-book-kitab-al-hiyal-of-banu-musa-bin-shakir-interpreted-in-sense-of-modern-systems-and-control-engineering","status":"publish","type":"product","link":"https:\/\/www.ircica.org\/fr\/publications\/histoire-des-sciences\/le-livre-kitab-al-hiyal-de-banu-musa-bin-shakir","title":{"rendered":"Le livre \u00ab\u00a0Kitab al-Hiyal\u00a0\u00bb de Banu Musa bin Shakir"},"content":{"rendered":"<p>Cette \u00e9tude met en lumi\u00e8re l\u2019une des importantes contributions du monde musulman \u00e0 l\u2019histoire des sciences m\u00e9caniques au 9\u00e8me si\u00e8cle. Il s&rsquo;agit d&rsquo;une analyse de \u00ab Kitab al-Hiyal \u00bb \u00e9crite par les fr\u00e8res Banu Musa, du point de vue des syst\u00e8mes modernes et de l&rsquo;ing\u00e9nierie de contr\u00f4le. Les tasses magiques, les m\u00e9canismes de contr\u00f4le automatique, les lampes \u00e0 huile, les fontaines et autres dispositifs d\u00e9crits dans le livre ne constituent qu&rsquo;un aspect du travail des fr\u00e8res, qui furent parmi le premier groupe de scientifiques de la p\u00e9riode abbasside \u00e0 faire avancer les math\u00e9matiques et l&rsquo;astronomie d\u00e9velopp\u00e9es par les Grecs de l&rsquo;Antiquit\u00e9.<\/p>\n","protected":false},"excerpt":{"rendered":"<p><strong>Interpr\u00e9t\u00e9 du point de vue des syst\u00e8mes modernes et de l&rsquo;ing\u00e9nierie de contr\u00f4le<\/strong><\/p>\n<p>Par Atilla Bir<br \/>\nIstanbul, 1990 (en anglais, introduction en arabe aussi)<\/p>\n","protected":false},"featured_media":27982,"template":"","meta":{"_acf_changed":false,"_mi_skip_tracking":false},"product_cat":[185],"product_tag":[],"class_list":{"0":"post-27984","1":"product","2":"type-product","3":"status-publish","4":"has-post-thumbnail","6":"product_cat-histoire-des-sciences","8":"first","9":"outofstock","10":"shipping-taxable","11":"purchasable","12":"product-type-simple"},"acf":[],"aioseo_notices":[],"_links":{"self":[{"href":"https:\/\/www.ircica.org\/fr\/wp-json\/wp\/v2\/product\/27984","targetHints":{"allow":["GET"]}}],"collection":[{"href":"https:\/\/www.ircica.org\/fr\/wp-json\/wp\/v2\/product"}],"about":[{"href":"https:\/\/www.ircica.org\/fr\/wp-json\/wp\/v2\/types\/product"}],"wp:featuredmedia":[{"embeddable":true,"href":"https:\/\/www.ircica.org\/fr\/wp-json\/wp\/v2\/media\/27982"}],"wp:attachment":[{"href":"https:\/\/www.ircica.org\/fr\/wp-json\/wp\/v2\/media?parent=27984"}],"wp:term":[{"taxonomy":"product_cat","embeddable":true,"href":"https:\/\/www.ircica.org\/fr\/wp-json\/wp\/v2\/product_cat?post=27984"},{"taxonomy":"product_tag","embeddable":true,"href":"https:\/\/www.ircica.org\/fr\/wp-json\/wp\/v2\/product_tag?post=27984"}],"curies":[{"name":"wp","href":"https:\/\/api.w.org\/{rel}","templated":true}]}}