{"id":27991,"date":"1992-08-18T00:00:00","date_gmt":"1992-08-17T21:00:00","guid":{"rendered":"https:\/\/www.ircica.org\/publications\/non%20class\u00e9\/transfer-of-modern-science-and-technology-to-the-muslim-world-proceedings-of-the-international-symposium-on-modern-sciences-and-the-muslim-world-istanbul-2-4-september-1987"},"modified":"2024-12-19T11:00:22","modified_gmt":"2024-12-19T08:00:22","slug":"transfer-of-modern-science-and-technology-to-the-muslim-world-proceedings-of-the-international-symposium-on-modern-sciences-and-the-muslim-world-istanbul-2-4-september-1987","status":"publish","type":"product","link":"https:\/\/www.ircica.org\/fr\/publications\/histoire-des-sciences\/transfert-de-la-science-et-de-la-technologie-modernes-vers-le-monde-musulman","title":{"rendered":"Transfert de la science et de la technologie modernes vers le monde musulman"},"content":{"rendered":"<p>Un recueil de vingt-quatre articles sur divers aspects du transfert des\u00a0 sciences de l&rsquo;Occident vers le monde musulman au cours des si\u00e8cles pass\u00e9s. Il s\u2019agit des actes du Symposium international sur \u00ab Les sciences modernes et le monde musulman \u00bb organis\u00e9 par l&rsquo;IRCICA en 1987. L&rsquo;introduction du livre passe en revue l&rsquo;\u00e9tat des sciences dans la p\u00e9riode classique de l&rsquo;\u00c9tat ottoman, qui couvrait la plus grande partie du monde musulman, ainsi que les premiers contacts des Ottomans avec les sciences occidentales.<\/p>\n","protected":false},"excerpt":{"rendered":"<p><strong>Actes du Symposium international sur \u00ab\u00a0Les sciences modernes et le monde musulman\u00a0\u00bb<\/strong><br \/>\n<strong>Istanbul, 2-4 septembre 1987<\/strong><\/p>\n<p>Ed. Ekmeleddin \u0130hsano\u011flu<br \/>\nIstanbul, 1992 (en anglais)<\/p>\n","protected":false},"featured_media":27989,"template":"","meta":{"_acf_changed":false,"_mi_skip_tracking":false},"product_cat":[185],"product_tag":[],"class_list":{"0":"post-27991","1":"product","2":"type-product","3":"status-publish","4":"has-post-thumbnail","6":"product_cat-histoire-des-sciences","8":"first","9":"instock","10":"shipping-taxable","11":"product-type-simple"},"acf":[],"aioseo_notices":[],"_links":{"self":[{"href":"https:\/\/www.ircica.org\/fr\/wp-json\/wp\/v2\/product\/27991","targetHints":{"allow":["GET"]}}],"collection":[{"href":"https:\/\/www.ircica.org\/fr\/wp-json\/wp\/v2\/product"}],"about":[{"href":"https:\/\/www.ircica.org\/fr\/wp-json\/wp\/v2\/types\/product"}],"wp:featuredmedia":[{"embeddable":true,"href":"https:\/\/www.ircica.org\/fr\/wp-json\/wp\/v2\/media\/27989"}],"wp:attachment":[{"href":"https:\/\/www.ircica.org\/fr\/wp-json\/wp\/v2\/media?parent=27991"}],"wp:term":[{"taxonomy":"product_cat","embeddable":true,"href":"https:\/\/www.ircica.org\/fr\/wp-json\/wp\/v2\/product_cat?post=27991"},{"taxonomy":"product_tag","embeddable":true,"href":"https:\/\/www.ircica.org\/fr\/wp-json\/wp\/v2\/product_tag?post=27991"}],"curies":[{"name":"wp","href":"https:\/\/api.w.org\/{rel}","templated":true}]}}