{"id":27998,"date":"1985-11-18T00:00:00","date_gmt":"1985-11-17T22:00:00","guid":{"rendered":"https:\/\/www.ircica.org\/publications\/non%20class\u00e9\/aciklamali-turk-kimya-eserleri-bibliyografyasi-annotated-bibliography-of-turkish-literature-of-chemistry"},"modified":"2024-12-19T11:10:32","modified_gmt":"2024-12-19T08:10:32","slug":"aciklamali-turk-kimya-eserleri-bibliyografyasi-annotated-bibliography-of-turkish-literature-of-chemistry","status":"publish","type":"product","link":"https:\/\/www.ircica.org\/fr\/publications\/bibliographies-catalogues\/bibliographie-annotee-des-publications-turques-sur-la-chimie","title":{"rendered":"Bibliographie annot\u00e9e des publications turques sur la chimie"},"content":{"rendered":"<p>Ce livre couvre 259 ouvrages sur la chimie publi\u00e9s en Turquie au cours de presque cent ans, de 1830 \u00e0 1928, class\u00e9es par ordre chronologique selon la date de publication, ainsi que des index des auteurs, des \u00e9tablissements d&rsquo;enseignement et des noms des maisons d\u2019\u00e9dition et d&rsquo;\u00e9diteurs.<\/p>\n","protected":false},"excerpt":{"rendered":"<p>Ekmeleddin Ihsano\u011flu<br \/>\nBeta Yay., Istanbul, 1985 (en turc)<\/p>\n","protected":false},"featured_media":27996,"template":"","meta":{"_acf_changed":false,"_mi_skip_tracking":false},"product_cat":[183,185],"product_tag":[],"class_list":{"0":"post-27998","1":"product","2":"type-product","3":"status-publish","4":"has-post-thumbnail","6":"product_cat-bibliographies-catalogues-3","7":"product_cat-histoire-des-sciences","9":"first","10":"instock","11":"shipping-taxable","12":"product-type-simple"},"acf":[],"aioseo_notices":[],"_links":{"self":[{"href":"https:\/\/www.ircica.org\/fr\/wp-json\/wp\/v2\/product\/27998","targetHints":{"allow":["GET"]}}],"collection":[{"href":"https:\/\/www.ircica.org\/fr\/wp-json\/wp\/v2\/product"}],"about":[{"href":"https:\/\/www.ircica.org\/fr\/wp-json\/wp\/v2\/types\/product"}],"wp:featuredmedia":[{"embeddable":true,"href":"https:\/\/www.ircica.org\/fr\/wp-json\/wp\/v2\/media\/27996"}],"wp:attachment":[{"href":"https:\/\/www.ircica.org\/fr\/wp-json\/wp\/v2\/media?parent=27998"}],"wp:term":[{"taxonomy":"product_cat","embeddable":true,"href":"https:\/\/www.ircica.org\/fr\/wp-json\/wp\/v2\/product_cat?post=27998"},{"taxonomy":"product_tag","embeddable":true,"href":"https:\/\/www.ircica.org\/fr\/wp-json\/wp\/v2\/product_tag?post=27998"}],"curies":[{"name":"wp","href":"https:\/\/api.w.org\/{rel}","templated":true}]}}