{"id":28045,"date":"2024-12-24T14:55:20","date_gmt":"2024-12-24T11:55:20","guid":{"rendered":"https:\/\/www.ircica.org\/publications\/non%20class\u00e9\/current-conditions-of-the-preservation-and-research-of-ancient-written-sources"},"modified":"2024-12-24T16:19:17","modified_gmt":"2024-12-24T13:19:17","slug":"current-conditions-of-the-preservation-and-research-of-ancient-written-sources","status":"publish","type":"product","link":"https:\/\/www.ircica.org\/fr\/publications\/histoire-de-la-civilisation-islamique\/asie\/letat-actuel-de-preservation-et-detude-des-sources-ecrites-anciennes","title":{"rendered":"L\u2019\u00e9tat actuel de pr\u00e9servation et d\u2019\u00e9tude des sources \u00e9crites anciennes"},"content":{"rendered":"<p>La s\u00e9rie de conf\u00e9rences organis\u00e9es conjointement par l\u2019IRCICA et l\u2019Institut Al-Biruni d\u2019\u00e9tudes orientales de l\u2019Acad\u00e9mie des sciences de la R\u00e9publique d\u2019Ouzb\u00e9kistan (Tachkent), intitul\u00e9e \u00ab La conf\u00e9rence Ubaydulla Karimov des jeunes orientalistes \u00bb, est un forum p\u00e9riodique authentique \u00e0 bien des \u00e9gards, notamment parce qu\u2019elle encourage les jeunes chercheurs \u00e0 participer \u00e0 l\u2019exploration et \u00e0 l\u2019application de nouvelles connaissances et des meilleures m\u00e9thodes dans l\u2019\u00e9tude et la pr\u00e9servation des manuscrits historiques. La dix-huiti\u00e8me \u00e9dition de la conf\u00e9rence s\u2019est tenue les 4 et 5 ao\u00fbt 2022. En collaboration avec l\u2019Institut Al-Biruni d\u2019\u00e9tudes orientales, la conf\u00e9rence a b\u00e9n\u00e9fici\u00e9 de la coop\u00e9ration du Centre de la civilisation islamique en Ouzb\u00e9kistan et de l\u2019Universit\u00e9 d\u2019\u00c9tat d\u2019\u00e9tudes orientales de Tachkent. Une exposition intitul\u00e9e \u00ab La conservation et la restauration des manuscrits du fonds de l\u2019Institut Al-Biruni d\u2019\u00e9tudes orientales de l\u2019Acad\u00e9mie des sciences d\u2019Ouzb\u00e9kistan \u00bb a \u00e9t\u00e9 inaugur\u00e9e \u00e0 l\u2019occasion de la conf\u00e9rence. Une table ronde intitul\u00e9e \u00ab L\u2019exp\u00e9rience de l\u2019Ouzb\u00e9kistan dans la pr\u00e9servation et l\u2019\u00e9tude des sources \u00e9crites anciennes \u00bb a \u00e9t\u00e9 organis\u00e9e en marge de la conf\u00e9rence. Les th\u00e8mes des s\u00e9ances refl\u00e8tent \u00e9galement les orientations th\u00e9matiques des articles contenus dans le livre : \u00ab L\u2019\u00e9tat actuel de conservation, de restauration et de catalogage des manuscrits \u00bb, \u00ab Les \u00e9tudes des sources historiques \u00bb, \u00ab L\u2019histoire et l\u2019historiographie de l\u2019Asie centrale \u00bb, \u00ab La langue et la litt\u00e9rature \u00bb, \u00ab Les \u00e9tudes islamiques\u00a0\u00bb, \u00ab Les arts du livre \u00bb. Parmi les 80 communications pr\u00e9sent\u00e9es, 67 ont \u00e9t\u00e9 retenues pour la publication. Les langues utilis\u00e9es sont l\u2019ouzbek, le turc et le russe, et les r\u00e9sum\u00e9s sont en anglais.<\/p>\n","protected":false},"excerpt":{"rendered":"<p><strong>Les actes de la 18e conf\u00e9rence internationale de l\u2019acad\u00e9micien Ubaydulla Karimov des jeunes orientalistes<br \/>\n<\/strong><strong>Ao\u00fbt 2022, Tachkent, R\u00e9publique d\u2019Ouzb\u00e9kistan<\/strong><\/p>\n<p>L\u2019IRCICA et l\u2019Institut Al-Biruni d\u2019\u00e9tudes orientales<br \/>\nSous la direction de\u00a0: Mahmud Erol K\u0131l\u0131\u00e7 et Bakhrom Abdukhalimov<br \/>\nPr\u00e9par\u00e9 pour publication par Surayyo Karimova, Akbar Idiev, Ashirbek Muminov, Yekta Zulfikar, Abdusatter Jumanazarov, Oysara Madalieva<br \/>\nS\u00e9rie des sources et des \u00e9tudes sur l\u2019histoire de la civilisation islamique ; no. 57<br \/>\nTextes en ouzbek, turc et russe, avec des r\u00e9sum\u00e9s en anglais<br \/>\nIstanbul, 2024, 480 p., illustr\u00e9<\/p>\n","protected":false},"featured_media":28021,"template":"","meta":{"_acf_changed":false,"_mi_skip_tracking":false},"product_cat":[181,164],"product_tag":[],"class_list":{"0":"post-28045","1":"product","2":"type-product","3":"status-publish","4":"has-post-thumbnail","6":"product_cat-asie","7":"product_cat-histoire-de-la-civilisation-islamique","9":"first","10":"instock","11":"shipping-taxable","12":"product-type-simple"},"acf":[],"aioseo_notices":[],"_links":{"self":[{"href":"https:\/\/www.ircica.org\/fr\/wp-json\/wp\/v2\/product\/28045","targetHints":{"allow":["GET"]}}],"collection":[{"href":"https:\/\/www.ircica.org\/fr\/wp-json\/wp\/v2\/product"}],"about":[{"href":"https:\/\/www.ircica.org\/fr\/wp-json\/wp\/v2\/types\/product"}],"wp:featuredmedia":[{"embeddable":true,"href":"https:\/\/www.ircica.org\/fr\/wp-json\/wp\/v2\/media\/28021"}],"wp:attachment":[{"href":"https:\/\/www.ircica.org\/fr\/wp-json\/wp\/v2\/media?parent=28045"}],"wp:term":[{"taxonomy":"product_cat","embeddable":true,"href":"https:\/\/www.ircica.org\/fr\/wp-json\/wp\/v2\/product_cat?post=28045"},{"taxonomy":"product_tag","embeddable":true,"href":"https:\/\/www.ircica.org\/fr\/wp-json\/wp\/v2\/product_tag?post=28045"}],"curies":[{"name":"wp","href":"https:\/\/api.w.org\/{rel}","templated":true}]}}