{"id":28070,"date":"2024-12-25T10:07:26","date_gmt":"2024-12-25T07:07:26","guid":{"rendered":"https:\/\/www.ircica.org\/publications\/non%20class\u00e9\/al-quds-history-from-its-conquest-up-to-the-ottomans"},"modified":"2024-12-25T10:13:47","modified_gmt":"2024-12-25T07:13:47","slug":"al-quds-history-from-its-conquest-up-to-the-ottomans","status":"publish","type":"product","link":"https:\/\/www.ircica.org\/fr\/publications\/histoire-de-la-civilisation-islamique\/asie\/moyen-orient-et-mediterranee\/lhistoire-dal-qods-depuis-sa-conquete-jusquaux-ottomans","title":{"rendered":"L\u2019histoire d\u2019al-Qods depuis sa conqu\u00eate jusqu\u2019aux Ottomans"},"content":{"rendered":"<p>L\u2019IRCICA accorde de l\u2019importance \u00e0 la constitution de fonds documentaires de r\u00e9f\u00e9rence et \u00e0 la publication d\u2019\u00e9tudes objectives sur l\u2019histoire islamique et le patrimoine culturel d\u2019al-Qods et de la Palestine. Ce livre du professeur Fatma Akku\u015f Yi\u011fit (chef de la division d\u2019histoire de l\u2019Institut des sciences sociales de l\u2019Universit\u00e9 K\u00e2tip \u00c7elebi d\u2019Izmir) a \u00e9t\u00e9 s\u00e9lectionn\u00e9 pour publication en raison de sa couverture chronologique m\u00e9ticuleuse de l\u2019histoire d\u2019al-Qods depuis la conqu\u00eate musulmane jusqu\u2019au d\u00e9but de la p\u00e9riode ottomane. La premi\u00e8re partie du livre est intitul\u00e9e \u00ab Al-Qods depuis sa conqu\u00eate jusqu\u2019au r\u00e8gne des Mamelouks \u00bb. Du pacte du calife Omar (Qu\u2019Allah soit satisfait de lui) en passant par les p\u00e9riodes omeyyade et abbasside, puis les premiers \u00c9tats turco-islamiques (toulounide et ikhchidide), les p\u00e9riodes des Fatimides, des Seldjoukides et du royaume des Crois\u00e9s \u00e0 Al-Qods, cette partie couvre l\u2019histoire d\u2019al-Qods jusqu\u2019\u00e0 Saladin Al-Ayyubi et au-del\u00e0. La deuxi\u00e8me partie est consacr\u00e9e \u00e0 \u00ab Al-Qods pendant la p\u00e9riode mamelouke \u00bb, sous ses aspects relatifs \u00e0 l\u2019histoire politique, aux syst\u00e8mes administratif et militaire, o\u00f9 le lecteur trouve des informations d\u00e9taill\u00e9es sur la structure de l\u2019\u00c9tat, les d\u00e9partements et les fonctionnaires. La troisi\u00e8me partie est consacr\u00e9e \u00e0 \u00ab La population, la structure sociale et la vie urbaine \u00e0 Al-Qods \u00bb qui contient des informations approfondies sur les diff\u00e9rentes communaut\u00e9s religieuses, ethniques et linguistiques, les institutions et les infrastructures. Dans la quatri\u00e8me partie, le lecteur trouve, sous le titre \u00ab Les \u0153uvres mameloukes \u00e0 Al-Qods \u00bb, des analyses d\u00e9taill\u00e9es des politiques, des caract\u00e9ristiques et des \u0153uvres produites\/construites par chacun des douze sultans mamelouks, de Baybars (1260-1277) \u00e0 Qait Bay (1468-1496). L\u2019IRCICA estime que, compte tenu de sa couverture temporelle et de son approche scientifique, cet ouvrage r\u00e9pondra \u00e0 un besoin pressant.<\/p>\n","protected":false},"excerpt":{"rendered":"<p>Fatma Akku\u015f Yi\u011fit<br \/>\n\u00c9dit\u00e9 par Cengiz Tomar\u00a0; pr\u00e9face : Mahmud Erol K\u0131l\u0131\u00e7<br \/>\nIRCICA, Istanbul, 2024<br \/>\n347 p. (en turc)<\/p>\n","protected":false},"featured_media":28051,"template":"","meta":{"_acf_changed":false,"_mi_skip_tracking":false},"product_cat":[164,362],"product_tag":[],"class_list":{"0":"post-28070","1":"product","2":"type-product","3":"status-publish","4":"has-post-thumbnail","6":"product_cat-histoire-de-la-civilisation-islamique","7":"product_cat-moyen-orient-et-mediterranee","9":"first","10":"instock","11":"shipping-taxable","12":"product-type-simple"},"acf":[],"aioseo_notices":[],"_links":{"self":[{"href":"https:\/\/www.ircica.org\/fr\/wp-json\/wp\/v2\/product\/28070","targetHints":{"allow":["GET"]}}],"collection":[{"href":"https:\/\/www.ircica.org\/fr\/wp-json\/wp\/v2\/product"}],"about":[{"href":"https:\/\/www.ircica.org\/fr\/wp-json\/wp\/v2\/types\/product"}],"wp:featuredmedia":[{"embeddable":true,"href":"https:\/\/www.ircica.org\/fr\/wp-json\/wp\/v2\/media\/28051"}],"wp:attachment":[{"href":"https:\/\/www.ircica.org\/fr\/wp-json\/wp\/v2\/media?parent=28070"}],"wp:term":[{"taxonomy":"product_cat","embeddable":true,"href":"https:\/\/www.ircica.org\/fr\/wp-json\/wp\/v2\/product_cat?post=28070"},{"taxonomy":"product_tag","embeddable":true,"href":"https:\/\/www.ircica.org\/fr\/wp-json\/wp\/v2\/product_tag?post=28070"}],"curies":[{"name":"wp","href":"https:\/\/api.w.org\/{rel}","templated":true}]}}