{"id":28100,"date":"2024-12-26T09:35:28","date_gmt":"2024-12-26T06:35:28","guid":{"rendered":"https:\/\/www.ircica.org\/publications\/non%20class\u00e9\/the-berlin-conference-and-the-ottoman-state-1884-1885-challenges-and-ambitions"},"modified":"2024-12-26T09:41:07","modified_gmt":"2024-12-26T06:41:07","slug":"the-berlin-conference-and-the-ottoman-state-1884-1885-challenges-and-ambitions","status":"publish","type":"product","link":"https:\/\/www.ircica.org\/fr\/publications\/histoire-de-la-civilisation-islamique\/afrique\/la-conference-de-berlin-et-letat-ottoman-1884-1885-enjeux-et-ambitions","title":{"rendered":"La Conf\u00e9rence de Berlin et l\u2019\u00c9tat ottoman (1884-1885) : Enjeux et Ambitions"},"content":{"rendered":"<p>Ce livre explore la position de l\u2019\u00c9tat ottoman lors de la Conf\u00e9rence de Berlin (1884-1885), conf\u00e9rence qui a lanc\u00e9 le partage de l\u2019Afrique entre les puissances coloniales. S\u2019appuyant sur des sources primaires et secondaires, l\u2019auteur compare les motivations politiques, \u00e9conomiques et sociales de l\u2019expansion europ\u00e9enne en Afrique avec les perspectives et les objectifs des Ottomans, afin de d\u00e9montrer la position plut\u00f4t d\u00e9fensive de ces derniers, en contraste total avec l\u2019expansionnisme des Europ\u00e9ens. Dans cette perspective, l\u2019\u00e9tude offre un nouveau regard sur les luttes de l\u2019\u00c9tat ottoman au milieu des transformations de l\u2019ordre mondial \u00e0 la fin du 19e si\u00e8cle. Ce livre en fran\u00e7ais est la th\u00e8se de doctorat du chercheur camerounais de l\u2019IRCICA, le Dr. Gassim Ibrahim.<\/p>\n","protected":false},"excerpt":{"rendered":"<p>Gassim Ibrahim<br \/>\nIRCICA, Istanbul, 2024<br \/>\n284 p. (en fran\u00e7ais)<\/p>\n","protected":false},"featured_media":28093,"template":"","meta":{"_acf_changed":false,"_mi_skip_tracking":false},"product_cat":[180],"product_tag":[],"class_list":{"0":"post-28100","1":"product","2":"type-product","3":"status-publish","4":"has-post-thumbnail","6":"product_cat-afrique","8":"first","9":"instock","10":"shipping-taxable","11":"product-type-simple"},"acf":[],"aioseo_notices":[],"_links":{"self":[{"href":"https:\/\/www.ircica.org\/fr\/wp-json\/wp\/v2\/product\/28100","targetHints":{"allow":["GET"]}}],"collection":[{"href":"https:\/\/www.ircica.org\/fr\/wp-json\/wp\/v2\/product"}],"about":[{"href":"https:\/\/www.ircica.org\/fr\/wp-json\/wp\/v2\/types\/product"}],"wp:featuredmedia":[{"embeddable":true,"href":"https:\/\/www.ircica.org\/fr\/wp-json\/wp\/v2\/media\/28093"}],"wp:attachment":[{"href":"https:\/\/www.ircica.org\/fr\/wp-json\/wp\/v2\/media?parent=28100"}],"wp:term":[{"taxonomy":"product_cat","embeddable":true,"href":"https:\/\/www.ircica.org\/fr\/wp-json\/wp\/v2\/product_cat?post=28100"},{"taxonomy":"product_tag","embeddable":true,"href":"https:\/\/www.ircica.org\/fr\/wp-json\/wp\/v2\/product_tag?post=28100"}],"curies":[{"name":"wp","href":"https:\/\/api.w.org\/{rel}","templated":true}]}}