{"id":28137,"date":"2024-12-27T09:50:25","date_gmt":"2024-12-27T06:50:25","guid":{"rendered":"https:\/\/www.ircica.org\/publications\/non%20class\u00e9\/glimpses-on-the-two-holy-sites-in-al-quds-and-al-khalil-from-the-surre-register-and-other-ottoman-documents"},"modified":"2024-12-27T10:03:58","modified_gmt":"2024-12-27T07:03:58","slug":"glimpses-on-the-two-holy-sites-in-al-quds-and-al-khalil-from-the-surre-register-and-other-ottoman-documents","status":"publish","type":"product","link":"https:\/\/www.ircica.org\/fr\/publications\/histoire-de-la-civilisation-islamique\/asie\/moyen-orient-et-mediterranee\/apercu-des-deux-lieux-saints-dal-qods-et-dal-khalil-a-partir-du-registre-de-surre-et-dautres-documents-ottomans","title":{"rendered":"Aper\u00e7u des deux lieux saints d\u2019al-Qods et d\u2019al-Khalil \u00e0 partir du registre de Surre et d\u2019autres documents ottomans"},"content":{"rendered":"<p>Cette pr\u00e9cieuse \u00e9tude r\u00e9alis\u00e9e par la chercheuse Abla al-Muhtadi du Centre d\u2019\u00e9tudes strat\u00e9giques de l\u2019Universit\u00e9 de Jordanie porte sur un registre ottoman des <em>Surre<\/em> datant du 16<sup>e<\/sup> si\u00e8cle, l\u2019un des plus anciens registres existants. Les processions de <em>Surre<\/em> envoy\u00e9s \u00e0 La Mecque et \u00e0 M\u00e9dine \u00e9taient r\u00e9guli\u00e8rement consign\u00e9es dans les registres de <em>Surre<\/em>, de m\u00eame que ceux envoy\u00e9s \u00e0 al-Qods. Ces registres, aujourd\u2019hui conserv\u00e9s dans les archives ottomanes de la R\u00e9publique turque, sont des sources originales et de premi\u00e8re main sur l\u2019histoire d\u2019al-Qods. Ils nous \u00e9clairent sur le statut socio-\u00e9conomique de la ville sous le r\u00e8gne ottoman et nous montrent combien d\u2019aides ont \u00e9t\u00e9 re\u00e7ues, et par qui, dans la ville. Outre al-Qods, la ville de Khalil al-Rahman, appel\u00e9e aujourd\u2019hui al-Khalil, o\u00f9 se trouve le mausol\u00e9e du proph\u00e8te Ibrahim (<em>saw<\/em>), \u00e9tait \u00e9galement consid\u00e9r\u00e9e comme un \u00ab Haram al-Sharif \u00bb et donc comme une destination de <em>Surre<\/em>. Ainsi, entre le 16e et le 20e si\u00e8cle, des colis et des paquets (<em>surre<\/em>) \u00e9taient \u00e9t\u00e9 envoy\u00e9s chaque ann\u00e9e \u00e0 al-Qods et al-Khalil, ainsi qu\u2019\u00e0 La Mecque et \u00e0 M\u00e9dine. L\u2019IRCICA a le plaisir de pr\u00e9senter cette publication en contribution \u00e0 la documentation historique sur al-Qods et la Palestine.<\/p>\n","protected":false},"excerpt":{"rendered":"<p>Pr\u00e9par\u00e9 par Abla al-Muhtadi<br \/>\nPr\u00e9face : Mahmud Erol K\u0131l\u0131\u00e7<br \/>\nIRCICA, Istanbul, 2024<br \/>\n459 p. (en arabe, pr\u00e9face en anglais)<\/p>\n","protected":false},"featured_media":28110,"template":"","meta":{"_acf_changed":false,"_mi_skip_tracking":false},"product_cat":[362],"product_tag":[],"class_list":{"0":"post-28137","1":"product","2":"type-product","3":"status-publish","4":"has-post-thumbnail","6":"product_cat-moyen-orient-et-mediterranee","8":"first","9":"instock","10":"shipping-taxable","11":"product-type-simple"},"acf":[],"aioseo_notices":[],"_links":{"self":[{"href":"https:\/\/www.ircica.org\/fr\/wp-json\/wp\/v2\/product\/28137","targetHints":{"allow":["GET"]}}],"collection":[{"href":"https:\/\/www.ircica.org\/fr\/wp-json\/wp\/v2\/product"}],"about":[{"href":"https:\/\/www.ircica.org\/fr\/wp-json\/wp\/v2\/types\/product"}],"wp:featuredmedia":[{"embeddable":true,"href":"https:\/\/www.ircica.org\/fr\/wp-json\/wp\/v2\/media\/28110"}],"wp:attachment":[{"href":"https:\/\/www.ircica.org\/fr\/wp-json\/wp\/v2\/media?parent=28137"}],"wp:term":[{"taxonomy":"product_cat","embeddable":true,"href":"https:\/\/www.ircica.org\/fr\/wp-json\/wp\/v2\/product_cat?post=28137"},{"taxonomy":"product_tag","embeddable":true,"href":"https:\/\/www.ircica.org\/fr\/wp-json\/wp\/v2\/product_tag?post=28137"}],"curies":[{"name":"wp","href":"https:\/\/api.w.org\/{rel}","templated":true}]}}