{"id":28147,"date":"2014-12-27T15:13:53","date_gmt":"2014-12-27T13:13:53","guid":{"rendered":"https:\/\/www.ircica.org\/publications\/non%20class\u00e9\/mosul-in-the-light-of-ottoman-archive-documents-and-historical-photographs-preserved-in-ircicas-archive"},"modified":"2024-12-27T15:32:58","modified_gmt":"2024-12-27T12:32:58","slug":"mosul-in-the-light-of-ottoman-archive-documents-and-historical-photographs-preserved-in-ircicas-archive","status":"publish","type":"product","link":"https:\/\/www.ircica.org\/fr\/publications\/histoire-de-la-civilisation-islamique\/asie\/moyen-orient-et-mediterranee\/mossoul-a-la-lumiere-des-documents-darchives-ottomanes-et-des-photographies-historiques-conserves-dans-les-archives-de-lircica","title":{"rendered":"Mossoul \u00e0 la lumi\u00e8re des documents d\u2019archives ottomanes et des photographies historiques conserv\u00e9s dans les archives de l\u2019IRCICA"},"content":{"rendered":"<p>Cet album reli\u00e9 de haute qualit\u00e9 contient des r\u00e9f\u00e9rences documentaires de premi\u00e8re main sur la p\u00e9riode ottomane \u00e0 Mossoul, en Irak, pr\u00e9sent\u00e9es sous forme d\u2019images et de traductions en arabe de d\u00e9crets officiels ottomans et de communications relatives \u00e0 Mossoul dans la premi\u00e8re partie, et de photographies historiques de Mossoul provenant des archives de l\u2019IRCICA, dans la seconde. Les documents datant des deux derniers si\u00e8cles du r\u00e8gne ottoman ont \u00e9t\u00e9 s\u00e9lectionn\u00e9s dans les archives ottomanes de l\u2019\u00c9tat turc \u00e9tant donn\u00e9 leur importance dans la mise en exergue des politiques administratives et de d\u00e9veloppement ottomanes concernant Mossoul. Les photographies proviennent des albums du sultan Abd\u00fclhamid II (fin du 19<sup>e<\/sup>-d\u00e9but du 20<sup>e<\/sup> si\u00e8cle) et montrent les b\u00e2timents et les rues de la ville. L\u2019album a \u00e9t\u00e9 pr\u00e9par\u00e9 par le Dr. Faz\u0131l Bayat (IRCICA) dans le cadre d\u2019un projet conjoint de l\u2019IRCICA et du Centre culturel et social de Mossoul.<\/p>\n","protected":false},"excerpt":{"rendered":"<p>Pr\u00e9par\u00e9 par Faz\u0131l Bayat<br \/>\nL\u2019IRCICA et le Centre culturel et social de Mossoul<br \/>\nIstanbul, 2014<br \/>\n159 p., en arabe<\/p>\n","protected":false},"featured_media":28144,"template":"","meta":{"_acf_changed":false,"_mi_skip_tracking":false},"product_cat":[362],"product_tag":[],"class_list":{"0":"post-28147","1":"product","2":"type-product","3":"status-publish","4":"has-post-thumbnail","6":"product_cat-moyen-orient-et-mediterranee","8":"first","9":"outofstock","10":"shipping-taxable","11":"purchasable","12":"product-type-simple"},"acf":[],"aioseo_notices":[],"_links":{"self":[{"href":"https:\/\/www.ircica.org\/fr\/wp-json\/wp\/v2\/product\/28147","targetHints":{"allow":["GET"]}}],"collection":[{"href":"https:\/\/www.ircica.org\/fr\/wp-json\/wp\/v2\/product"}],"about":[{"href":"https:\/\/www.ircica.org\/fr\/wp-json\/wp\/v2\/types\/product"}],"wp:featuredmedia":[{"embeddable":true,"href":"https:\/\/www.ircica.org\/fr\/wp-json\/wp\/v2\/media\/28144"}],"wp:attachment":[{"href":"https:\/\/www.ircica.org\/fr\/wp-json\/wp\/v2\/media?parent=28147"}],"wp:term":[{"taxonomy":"product_cat","embeddable":true,"href":"https:\/\/www.ircica.org\/fr\/wp-json\/wp\/v2\/product_cat?post=28147"},{"taxonomy":"product_tag","embeddable":true,"href":"https:\/\/www.ircica.org\/fr\/wp-json\/wp\/v2\/product_tag?post=28147"}],"curies":[{"name":"wp","href":"https:\/\/api.w.org\/{rel}","templated":true}]}}