{"id":28155,"date":"2006-12-27T15:38:32","date_gmt":"2006-12-27T13:38:32","guid":{"rendered":"https:\/\/www.ircica.org\/publications\/non%20class\u00e9\/essays-in-honour-of-ekmeleddin-ihsanoglu"},"modified":"2024-12-27T15:51:20","modified_gmt":"2024-12-27T12:51:20","slug":"essays-in-honour-of-ekmeleddin-ihsanoglu","status":"publish","type":"product","link":"https:\/\/www.ircica.org\/fr\/publications\/biographies\/essais-en-lhonneur-dekmeleddin-ihsanoglu","title":{"rendered":"Essais en l\u2019honneur d\u2019Ekmeleddin \u0130hsano\u011flu"},"content":{"rendered":"<p>Ce livre est un Festschrift en deux volumes en l\u2019honneur du professeur Ekmeleddin \u0130hsano\u011flu, qui a \u00e9t\u00e9 directeur g\u00e9n\u00e9ral de l\u2019IRCICA de 1980 \u00e0 2004 et secr\u00e9taire g\u00e9n\u00e9ral de l\u2019OCI de 2005 \u00e0 2014. Le premier volume contient quarante-cinq articles sur l\u2019histoire, la vie culturelle, les arts et les sciences du monde musulman, \u00e9crits par des chercheurs du monde entier. Le second volume contient les points de vue, les impressions et les souvenirs des coll\u00e8gues, des connaissances, des \u00e9tudiants et des amis d\u2019\u0130hsano\u011flu issus des milieux universitaires, diplomatiques et culturels, ainsi que sa biographie et une liste de ses publications. Le Festschrift a \u00e9t\u00e9 coordonn\u00e9 et pr\u00e9par\u00e9 pour la publication par un groupe d\u2019experts en sciences sociales de l\u2019IRCICA et d\u2019universit\u00e9s d\u2019Istanbul qui ont \u00e9t\u00e9 ses collaborateurs pendant de nombreuses ann\u00e9es : Mustafa Ka\u00e7ar (Universit\u00e9 d\u2019Istanbul), Zeynep Durukal (IRCICA), le professeur Ali Aky\u0131ld\u0131z (Universit\u00e9 de Marmara). Les essais du premier volume sont regroup\u00e9s en trois parties : I. L\u2019histoire ottomane : le centre, les provinces, les \u00e9tudes et les sources ; II. La vie culturelle ; III. L\u2019histoire des sciences. Le deuxi\u00e8me volume met en lumi\u00e8re ses r\u00e9alisations acad\u00e9miques et diplomatiques.<\/p>\n","protected":false},"excerpt":{"rendered":"<p><strong>Volume I : Soci\u00e9t\u00e9s, cultures, sciences : Un recueil d\u2019articles<br \/>\n<\/strong><strong>Volume II : Biographie, bibliographie et souvenirs d\u2019Ihsano\u011flu<\/strong><\/p>\n<p>Edit\u00e9 par Mustafa Ka\u00e7ar, Zeynep Durukal<br \/>\n1154 p. Articles en turc, anglais et fran\u00e7ais.<br \/>\nIRCICA, Istanbul, 2006<br \/>\nISBN 929063157X (set)<\/p>\n","protected":false},"featured_media":28152,"template":"","meta":{"_acf_changed":false,"_mi_skip_tracking":false},"product_cat":[359],"product_tag":[],"class_list":{"0":"post-28155","1":"product","2":"type-product","3":"status-publish","4":"has-post-thumbnail","6":"product_cat-biographies-fr","8":"first","9":"instock","10":"shipping-taxable","11":"product-type-simple"},"acf":[],"aioseo_notices":[],"_links":{"self":[{"href":"https:\/\/www.ircica.org\/fr\/wp-json\/wp\/v2\/product\/28155","targetHints":{"allow":["GET"]}}],"collection":[{"href":"https:\/\/www.ircica.org\/fr\/wp-json\/wp\/v2\/product"}],"about":[{"href":"https:\/\/www.ircica.org\/fr\/wp-json\/wp\/v2\/types\/product"}],"wp:featuredmedia":[{"embeddable":true,"href":"https:\/\/www.ircica.org\/fr\/wp-json\/wp\/v2\/media\/28152"}],"wp:attachment":[{"href":"https:\/\/www.ircica.org\/fr\/wp-json\/wp\/v2\/media?parent=28155"}],"wp:term":[{"taxonomy":"product_cat","embeddable":true,"href":"https:\/\/www.ircica.org\/fr\/wp-json\/wp\/v2\/product_cat?post=28155"},{"taxonomy":"product_tag","embeddable":true,"href":"https:\/\/www.ircica.org\/fr\/wp-json\/wp\/v2\/product_tag?post=28155"}],"curies":[{"name":"wp","href":"https:\/\/api.w.org\/{rel}","templated":true}]}}