{"id":28206,"date":"2024-12-30T15:29:10","date_gmt":"2024-12-30T12:29:10","guid":{"rendered":"https:\/\/www.ircica.org\/publications\/non%20class\u00e9\/saduaqas-ghilmani-and-the-great-steppe-scholars"},"modified":"2024-12-30T15:35:56","modified_gmt":"2024-12-30T12:35:56","slug":"saduaqas-ghilmani-and-the-great-steppe-scholars","status":"publish","type":"product","link":"https:\/\/www.ircica.org\/fr\/publications\/histoire-de-la-civilisation-islamique\/asie\/asie-centrale-et-caucase\/saduaqas-ghilmani-et-les-savants-de-la-grande-steppe","title":{"rendered":"Saduaqas Ghilmani et les savants de la grande steppe"},"content":{"rendered":"<p>L\u2019Universit\u00e9 nationale eurasienne L. N. Gumilev et l\u2019IRCICA ont organis\u00e9 conjointement la conf\u00e9rence internationale sur \u00abSaduaqas Ghilmani et les savants de la grande steppe\u00bb, le 15 f\u00e9vrier 2019, \u00e0 Astana, au Kazakhstan. La conf\u00e9rence d\u00e9di\u00e9e \u00e0 l\u2019illustre savant musulman Saduaqas Gh\u00eflmani (1890-1972) a re\u00e7u des articles de recherche sur la culture et la connaissance islamiques au Kazakhstan et en Asie centrale en g\u00e9n\u00e9ral. Le livre des actes contient 25 articles dans la section intitul\u00e9e \u00ab La vie et les activit\u00e9s de Saduaqas Ghilmani \u00bb, 41 articles sous le titre \u00ab La culture islamique dans le Kazakhstan m\u00e9di\u00e9val \u00bb, et 25 articles sous le titre \u00ab La civilisation islamique \u00e0 l\u2019\u00e9poque nouvelle et moderne \u00bb.<\/p>\n","protected":false},"excerpt":{"rendered":"<p><strong>Actes de la Conf\u00e9rence internationale sur \u00ab Saduaqas Ghilmani et les savants de la grande steppe \u00bb, f\u00e9vrier 2019, Astana, Kazakhstan<\/strong><\/p>\n<p>Sous la direction du professeur Mahmud Erol K\u0131l\u0131\u00e7 et du professeur Yerlan Battashuly Sydykov<br \/>\nPr\u00e9par\u00e9 pour publication par : Dikhan Qamzabekuly, Ashirbek Muminov<br \/>\nTextes en kazakh, anglais et russe ; r\u00e9sum\u00e9s en anglais<br \/>\nS\u00e9rie des sources et des \u00e9tudes sur l\u2019histoire de la civilisation islamique ; 59<br \/>\nIstanbul, 2024, 568 p., illustr\u00e9<\/p>\n","protected":false},"featured_media":28179,"template":"","meta":{"_acf_changed":false,"_mi_skip_tracking":false},"product_cat":[200],"product_tag":[],"class_list":{"0":"post-28206","1":"product","2":"type-product","3":"status-publish","4":"has-post-thumbnail","6":"product_cat-asie-centrale-et-caucase","8":"first","9":"instock","10":"shipping-taxable","11":"product-type-simple"},"acf":[],"aioseo_notices":[],"_links":{"self":[{"href":"https:\/\/www.ircica.org\/fr\/wp-json\/wp\/v2\/product\/28206","targetHints":{"allow":["GET"]}}],"collection":[{"href":"https:\/\/www.ircica.org\/fr\/wp-json\/wp\/v2\/product"}],"about":[{"href":"https:\/\/www.ircica.org\/fr\/wp-json\/wp\/v2\/types\/product"}],"wp:featuredmedia":[{"embeddable":true,"href":"https:\/\/www.ircica.org\/fr\/wp-json\/wp\/v2\/media\/28179"}],"wp:attachment":[{"href":"https:\/\/www.ircica.org\/fr\/wp-json\/wp\/v2\/media?parent=28206"}],"wp:term":[{"taxonomy":"product_cat","embeddable":true,"href":"https:\/\/www.ircica.org\/fr\/wp-json\/wp\/v2\/product_cat?post=28206"},{"taxonomy":"product_tag","embeddable":true,"href":"https:\/\/www.ircica.org\/fr\/wp-json\/wp\/v2\/product_tag?post=28206"}],"curies":[{"name":"wp","href":"https:\/\/api.w.org\/{rel}","templated":true}]}}