{"id":28261,"date":"2019-01-06T11:31:39","date_gmt":"2019-01-06T08:31:39","guid":{"rendered":"https:\/\/www.ircica.org\/publications\/non%20class\u00e9\/anti-muslim-extremism-in-europe-arabic-ed"},"modified":"2025-01-06T11:42:34","modified_gmt":"2025-01-06T08:42:34","slug":"anti-muslim-extremism-in-europe-arabic-ed","status":"publish","type":"product","link":"https:\/\/www.ircica.org\/fr\/publications\/relations-interculturelles\/lextremisme-antimusulman-en-europe-ed-arabe","title":{"rendered":"L\u2019extr\u00e9misme antimusulman en Europe (ed. arabe)"},"content":{"rendered":"<p>L\u2019ouvrage du Dr Farid Hafez est une \u00e9tude d\u00e9taill\u00e9e et une \u00e9valuation de la propagation de l\u2019extr\u00e9misme antimusulman en Europe. Il a fourni une \u00e9valuation actualis\u00e9e du probl\u00e8me au moment de sa pr\u00e9paration en 2017. Apr\u00e8s une d\u00e9finition approfondie du ph\u00e9nom\u00e8ne et un examen de ses causes et de ses ramifications, l\u2019\u00e9tude montre comment les mouvements extr\u00e9mistes antimusulmans coop\u00e8rent entre eux \u00e0 l\u2019\u00e9chelle mondiale en Europe, ainsi qu\u2019au-del\u00e0. Elle examine les acteurs et les discours, et la mani\u00e8re dont ces derniers sont rendus h\u00e9g\u00e9moniques et transf\u00e9r\u00e9s des groupuscules marginaux vers une sph\u00e8re publique plus large. Elle analyse les diff\u00e9rents sch\u00e9mas par lesquels l\u2019extr\u00e9misme antimusulman, organis\u00e9 au sein d\u2019une petite minorit\u00e9 de groupes d\u2019extr\u00eame droite, est progressivement devenu presque \u00ab normal \u00bb dans la plupart des soci\u00e9t\u00e9s europ\u00e9ennes.<\/p>\n","protected":false},"excerpt":{"rendered":"<p>Farid Hafez<br \/>\nIRCICA, 2019 (original : en anglais ; traductions : en arabe et en fran\u00e7ais)<br \/>\n138 p. S\u00e9rie des rapports de l\u2019IRCICA sur l\u2019extr\u00e9misme ; no. 3<\/p>\n","protected":false},"featured_media":28254,"template":"","meta":{"_acf_changed":false,"_mi_skip_tracking":false},"product_cat":[170],"product_tag":[],"class_list":{"0":"post-28261","1":"product","2":"type-product","3":"status-publish","4":"has-post-thumbnail","6":"product_cat-relations-interculturelles","8":"first","9":"outofstock","10":"shipping-taxable","11":"purchasable","12":"product-type-simple"},"acf":[],"aioseo_notices":[],"_links":{"self":[{"href":"https:\/\/www.ircica.org\/fr\/wp-json\/wp\/v2\/product\/28261","targetHints":{"allow":["GET"]}}],"collection":[{"href":"https:\/\/www.ircica.org\/fr\/wp-json\/wp\/v2\/product"}],"about":[{"href":"https:\/\/www.ircica.org\/fr\/wp-json\/wp\/v2\/types\/product"}],"wp:featuredmedia":[{"embeddable":true,"href":"https:\/\/www.ircica.org\/fr\/wp-json\/wp\/v2\/media\/28254"}],"wp:attachment":[{"href":"https:\/\/www.ircica.org\/fr\/wp-json\/wp\/v2\/media?parent=28261"}],"wp:term":[{"taxonomy":"product_cat","embeddable":true,"href":"https:\/\/www.ircica.org\/fr\/wp-json\/wp\/v2\/product_cat?post=28261"},{"taxonomy":"product_tag","embeddable":true,"href":"https:\/\/www.ircica.org\/fr\/wp-json\/wp\/v2\/product_tag?post=28261"}],"curies":[{"name":"wp","href":"https:\/\/api.w.org\/{rel}","templated":true}]}}