{"id":28269,"date":"1994-08-18T00:00:00","date_gmt":"1994-08-17T21:00:00","guid":{"rendered":"https:\/\/www.ircica.org\/publications\/non%20class\u00e9\/studije-o-bosni-historijski-prilozi-iz-osmansko-turskog-perioda"},"modified":"2025-01-06T11:57:56","modified_gmt":"2025-01-06T08:57:56","slug":"studije-o-bosni-historijski-prilozi-iz-osmansko-turskog-perioda","status":"publish","type":"product","link":"https:\/\/www.ircica.org\/fr\/publications\/histoire-de-la-civilisation-islamique\/europe-de-lest-et-balkans\/etudes-sur-la-bosnie-contributions-historiques-de-la-periode-turque-ottomane-en-bosnie","title":{"rendered":"\u00c9tudes sur la Bosnie. Contributions historiques de la p\u00e9riode turque ottomane en Bosnie"},"content":{"rendered":"<p>Ce livre comprend dix-huit articles de l\u2019\u00e9rudit bosniaque le Dr. Adem Handzi\u0107 (1916-1998) traitant des d\u00e9veloppements socio-\u00e9conomiques du d\u00e9but de la p\u00e9riode ottomane en Bosnie. Les articles portent principalement sur l\u2019av\u00e8nement de l\u2019islam en Bosnie, les migrations et leurs effets sur la structure d\u00e9mographique du pays, les agglom\u00e9rations urbaines, le r\u00f4le social et \u00e9conomique de l\u2019institution <em>waqf<\/em>, et l\u2019organisation administrative ottomane dans les Balkans au d\u00e9but de la p\u00e9riode ottomane. Chaque article est accompagn\u00e9 d\u2019un r\u00e9sum\u00e9 en anglais. La pr\u00e9face est \u00e9crite par le c\u00e9l\u00e8bre historien et auteur bosniaque le professeur \u00e9m\u00e9rite Mustafa Imamovi\u0107 (1941-2017).<\/p>\n","protected":false},"excerpt":{"rendered":"<p><strong>Studije o Bosni, Historijski Prilozi iz Osmansko-Turskog Perioda<\/strong><\/p>\n<p>Adem Handzi\u0107<br \/>\nPr\u00e9face de Mustafa Imamovi\u0107<br \/>\nIstanbul, 1994 (en bosniaque et r\u00e9sum\u00e9s en anglais)<\/p>\n","protected":false},"featured_media":28266,"template":"","meta":{"_acf_changed":false,"_mi_skip_tracking":false},"product_cat":[364],"product_tag":[],"class_list":{"0":"post-28269","1":"product","2":"type-product","3":"status-publish","4":"has-post-thumbnail","6":"product_cat-europe-de-lest-et-balkans","8":"first","9":"outofstock","10":"shipping-taxable","11":"purchasable","12":"product-type-simple"},"acf":[],"aioseo_notices":[],"_links":{"self":[{"href":"https:\/\/www.ircica.org\/fr\/wp-json\/wp\/v2\/product\/28269","targetHints":{"allow":["GET"]}}],"collection":[{"href":"https:\/\/www.ircica.org\/fr\/wp-json\/wp\/v2\/product"}],"about":[{"href":"https:\/\/www.ircica.org\/fr\/wp-json\/wp\/v2\/types\/product"}],"wp:featuredmedia":[{"embeddable":true,"href":"https:\/\/www.ircica.org\/fr\/wp-json\/wp\/v2\/media\/28266"}],"wp:attachment":[{"href":"https:\/\/www.ircica.org\/fr\/wp-json\/wp\/v2\/media?parent=28269"}],"wp:term":[{"taxonomy":"product_cat","embeddable":true,"href":"https:\/\/www.ircica.org\/fr\/wp-json\/wp\/v2\/product_cat?post=28269"},{"taxonomy":"product_tag","embeddable":true,"href":"https:\/\/www.ircica.org\/fr\/wp-json\/wp\/v2\/product_tag?post=28269"}],"curies":[{"name":"wp","href":"https:\/\/api.w.org\/{rel}","templated":true}]}}