{"id":28282,"date":"1982-08-15T00:00:00","date_gmt":"1982-08-14T21:00:00","guid":{"rendered":"https:\/\/www.ircica.org\/publications\/non%20class\u00e9\/ottoman-yearbooks-salnames-and-nevsals"},"modified":"2025-01-06T12:20:03","modified_gmt":"2025-01-06T09:20:03","slug":"ottoman-yearbooks-salnames-and-nevsals","status":"publish","type":"product","link":"https:\/\/www.ircica.org\/fr\/publications\/bibliographies-catalogues\/annuaires-ottomans-salname-et-nevsal","title":{"rendered":"Annuaires ottomans (Salname et Nevsal)"},"content":{"rendered":"<p>Cet ouvrage est un catalogue collectif et une bibliographie des annuaires officiels de l&rsquo;\u00c9tat ottoman appel\u00e9s \u00ab Salname \u00bb (relev\u00e9 annuel) ou \u00ab Nevsal \u00bb (nouvel an) qui ont \u00e9t\u00e9 \u00e9mis entre 1847 et 1922 (donc pendant la p\u00e9riode de la R\u00e9publique de Turquie aussi pendant quelques ann\u00e9es) et sont conserv\u00e9s aujourd\u2019hui dans les archives d\u2019Istanbul. Ils \u00e9taient pr\u00e9par\u00e9s par l&rsquo;\u00c9tat ottoman et les provinces, et \u00e9galement comme almanachs par certaines institutions et personnes ; ils contiennent des informations g\u00e9n\u00e9rales et sp\u00e9cifiques sur les d\u00e9veloppements annuels dans tous les domaines concernant les administrations de l&rsquo;\u00c9tat et des provinces. Le catalogue recense 730 de ces sources originales qui sont d\u2019une valeur documentaire exceptionnelle, et donne des informations bibliographiques et des descriptions d\u00e9taill\u00e9es sur chaque annuaire.<\/p>\n","protected":false},"excerpt":{"rendered":"<p>Par Hasan Duman<br \/>\nIRCICA, Istanbul, 1982 (en turc, introduction en anglais, arabe, fran\u00e7ais)<\/p>\n","protected":false},"featured_media":28275,"template":"","meta":{"_acf_changed":false,"_mi_skip_tracking":false},"product_cat":[183],"product_tag":[],"class_list":{"0":"post-28282","1":"product","2":"type-product","3":"status-publish","4":"has-post-thumbnail","6":"product_cat-bibliographies-catalogues-3","8":"first","9":"outofstock","10":"shipping-taxable","11":"purchasable","12":"product-type-simple"},"acf":[],"aioseo_notices":[],"_links":{"self":[{"href":"https:\/\/www.ircica.org\/fr\/wp-json\/wp\/v2\/product\/28282","targetHints":{"allow":["GET"]}}],"collection":[{"href":"https:\/\/www.ircica.org\/fr\/wp-json\/wp\/v2\/product"}],"about":[{"href":"https:\/\/www.ircica.org\/fr\/wp-json\/wp\/v2\/types\/product"}],"wp:featuredmedia":[{"embeddable":true,"href":"https:\/\/www.ircica.org\/fr\/wp-json\/wp\/v2\/media\/28275"}],"wp:attachment":[{"href":"https:\/\/www.ircica.org\/fr\/wp-json\/wp\/v2\/media?parent=28282"}],"wp:term":[{"taxonomy":"product_cat","embeddable":true,"href":"https:\/\/www.ircica.org\/fr\/wp-json\/wp\/v2\/product_cat?post=28282"},{"taxonomy":"product_tag","embeddable":true,"href":"https:\/\/www.ircica.org\/fr\/wp-json\/wp\/v2\/product_tag?post=28282"}],"curies":[{"name":"wp","href":"https:\/\/api.w.org\/{rel}","templated":true}]}}