{"id":28318,"date":"2024-12-31T11:56:16","date_gmt":"2024-12-31T08:56:16","guid":{"rendered":"https:\/\/www.ircica.org\/publications\/non%20class\u00e9\/history-of-islamic-learning-and-scholarship-in-africa"},"modified":"2025-01-08T13:00:39","modified_gmt":"2025-01-08T10:00:39","slug":"history-of-islamic-learning-and-scholarship-in-africa","status":"publish","type":"product","link":"https:\/\/www.ircica.org\/fr\/publications\/histoire-de-la-civilisation-islamique\/afrique\/lhistoire-du-savoir-et-de-la-connaissance-islamiques-en-afrique","title":{"rendered":"L&rsquo;Histoire du savoir et de la connaissance islamiques en Afrique"},"content":{"rendered":"<p>L\u2019IRCICA, conjointement avec le Secr\u00e9tariat g\u00e9n\u00e9ral de l\u2019OCI et l\u2019Arewa House, affili\u00e9 \u00e0 l\u2019Universit\u00e9 Ahmadu Bello, \u00e0 Kaduna, au Nig\u00e9ria, a organis\u00e9 la Conf\u00e9rence internationale sur l\u2019\u00ab Histoire du savoir et de la connaissance islamiques en Afrique \u00bb, du 13 au 15 juin 2023. Des participants d\u2019universit\u00e9s et d\u2019instituts de recherche de divers pays et de l\u2019IRCICA ont pr\u00e9sent\u00e9 des communications lors de la conf\u00e9rence. Le livre contient 7 articles dans la section intitul\u00e9e \u00ab L\u2019\u00e9ducation islamique et l\u2019\u00e9rudition \u00bb, 6 dans la section \u00ab Les mouvements intellectuels et spirituels \u00bb, et 6 dans la section \u00ab Le colonialisme et le renouveau culturel \u00bb.<\/p>\n","protected":false},"excerpt":{"rendered":"<p><strong>Actes de la conf\u00e9rence internationale sur \u00ab\u00a0l\u2019Histoire du savoir et de la connaissance islamiques en Afrique\u00a0\u00bb. Juin 2023, Kaduna, Nig\u00e9ria<\/strong><\/p>\n<p>Pr\u00e9par\u00e9 pour publication par le professeur Sad\u0131k \u00dcnay et le professeur Shua\u2019ibu Shehu Aliyu<br \/>\nS\u00e9rie des sources et des \u00e9tudes sur l\u2019histoire de la civilisation islamique ; 58<br \/>\n452 p., illustr\u00e9 (en anglais)<\/p>\n","protected":false},"featured_media":28303,"template":"","meta":{"_acf_changed":false,"_mi_skip_tracking":false},"product_cat":[180],"product_tag":[],"class_list":{"0":"post-28318","1":"product","2":"type-product","3":"status-publish","4":"has-post-thumbnail","6":"product_cat-afrique","8":"first","9":"instock","10":"shipping-taxable","11":"product-type-simple"},"acf":[],"aioseo_notices":[],"_links":{"self":[{"href":"https:\/\/www.ircica.org\/fr\/wp-json\/wp\/v2\/product\/28318","targetHints":{"allow":["GET"]}}],"collection":[{"href":"https:\/\/www.ircica.org\/fr\/wp-json\/wp\/v2\/product"}],"about":[{"href":"https:\/\/www.ircica.org\/fr\/wp-json\/wp\/v2\/types\/product"}],"wp:featuredmedia":[{"embeddable":true,"href":"https:\/\/www.ircica.org\/fr\/wp-json\/wp\/v2\/media\/28303"}],"wp:attachment":[{"href":"https:\/\/www.ircica.org\/fr\/wp-json\/wp\/v2\/media?parent=28318"}],"wp:term":[{"taxonomy":"product_cat","embeddable":true,"href":"https:\/\/www.ircica.org\/fr\/wp-json\/wp\/v2\/product_cat?post=28318"},{"taxonomy":"product_tag","embeddable":true,"href":"https:\/\/www.ircica.org\/fr\/wp-json\/wp\/v2\/product_tag?post=28318"}],"curies":[{"name":"wp","href":"https:\/\/api.w.org\/{rel}","templated":true}]}}