{"id":28412,"date":"2024-12-31T23:15:32","date_gmt":"2024-12-31T20:15:32","guid":{"rendered":"https:\/\/www.ircica.org\/publications\/non%20class\u00e9\/current-assessments-of-islamic-cultural-heritage-around-the-world"},"modified":"2025-01-29T09:28:32","modified_gmt":"2025-01-29T06:28:32","slug":"current-assessments-of-islamic-cultural-heritage-around-the-world","status":"publish","type":"product","link":"https:\/\/www.ircica.org\/fr\/publications\/patrimoine-culturel-et-architectural\/evaluations-actuelles-du-patrimoine-culturel-islamique-dans-le-monde","title":{"rendered":"\u00c9valuations actuelles du patrimoine culturel islamique dans le monde"},"content":{"rendered":"<p>L\u2019IRCICA a le plaisir de pr\u00e9senter un recueil d\u2019articles \u00e9crits par des experts du monde entier sur l\u2019\u00e9tat actuel du patrimoine architectural islamique dans divers pays et r\u00e9gions. Il contient dix-neuf articles r\u00e9dig\u00e9s par des auteurs invit\u00e9s, portant sur l\u2019Afghanistan, l\u2019Azerba\u00efdjan, la Bosnie-Herz\u00e9govine, l\u2019\u00c9gypte, l\u2019Iran, le Kosovo, le Liban, la Libye, la Mac\u00e9doine, le Mont\u00e9n\u00e9gro, le Pakistan, la Palestine, l\u2019Arabie saoudite, la Syrie, la Turquie, le Y\u00e9men, les pays arabes, les Balkans, la Crim\u00e9e et la G\u00e9orgie. La diversit\u00e9 g\u00e9ographique et m\u00e9thodologique des \u00e9tudes a permis de constituer un \u00e9chantillon pr\u00e9cieux qui refl\u00e8te de mani\u00e8re significative l\u2019\u00e9tat des biens patrimoniaux en termes de conditions physiques et de perspectives d\u2019avenir de survie, de fonctionnalit\u00e9 culturelle et d\u2019importance \u00e9conomique, ainsi que les pratiques de conservation et de gestion qui s\u2019y rapportent. L\u2019\u00e9chantillon repr\u00e9sentatif a contribu\u00e9 \u00e0 atteindre l\u2019un des principaux objectifs du projet de livre qui, comme l\u2019explique le directeur g\u00e9n\u00e9ral de l\u2019IRCICA, le professeur Mahmud Erol K\u0131l\u0131\u00e7 dans la pr\u00e9face, consiste \u00e0 contextualiser les nombreux th\u00e8mes et questions qui \u00e9voluent dans l\u2019\u00e9tude et le traitement du patrimoine architectural au niveau international, afin d\u2019obtenir des bases solides pour se concentrer sur les biens du patrimoine islamique. L\u2019introduction du Dr Alidost Ertu\u011frul, initiateur du projet et chef de la section d\u2019architecture de l\u2019IRCICA, pr\u00e9sente une synth\u00e8se de ces th\u00e8mes et questions telles que sp\u00e9cifi\u00e9es par diff\u00e9rents auteurs, en mettant l\u2019accent sur les probl\u00e8mes g\u00e9n\u00e9raux et sp\u00e9cifiques li\u00e9s \u00e0 la pr\u00e9servation et \u00e0 la gestion du patrimoine architectural. Un riche panorama de monuments et de paysages urbains appara\u00eet en arri\u00e8re-plan, illustrant des histoires de constructions, de d\u00e9dicaces, de destructions, de restaurations ainsi que les multiples dangers et d\u00e9fis persistants.<\/p>\n","protected":false},"excerpt":{"rendered":"<p>Pr\u00e9face de Mahmud Erol K\u0131l\u0131\u00e7<br \/>\n\u00c9dit\u00e9 et pr\u00e9par\u00e9 pour publication par Alidost Ertu\u011frul et Hussein Alragabi<br \/>\nIRCICA, 2024<br \/>\n286 p., illustr. en couleur, cartes<\/p>\n","protected":false},"featured_media":28397,"template":"","meta":{"_acf_changed":false,"_mi_skip_tracking":false},"product_cat":[173],"product_tag":[],"class_list":{"0":"post-28412","1":"product","2":"type-product","3":"status-publish","4":"has-post-thumbnail","6":"product_cat-patrimoine-culturel-et-architectural","8":"first","9":"instock","10":"shipping-taxable","11":"product-type-simple"},"acf":[],"aioseo_notices":[],"_links":{"self":[{"href":"https:\/\/www.ircica.org\/fr\/wp-json\/wp\/v2\/product\/28412","targetHints":{"allow":["GET"]}}],"collection":[{"href":"https:\/\/www.ircica.org\/fr\/wp-json\/wp\/v2\/product"}],"about":[{"href":"https:\/\/www.ircica.org\/fr\/wp-json\/wp\/v2\/types\/product"}],"wp:featuredmedia":[{"embeddable":true,"href":"https:\/\/www.ircica.org\/fr\/wp-json\/wp\/v2\/media\/28397"}],"wp:attachment":[{"href":"https:\/\/www.ircica.org\/fr\/wp-json\/wp\/v2\/media?parent=28412"}],"wp:term":[{"taxonomy":"product_cat","embeddable":true,"href":"https:\/\/www.ircica.org\/fr\/wp-json\/wp\/v2\/product_cat?post=28412"},{"taxonomy":"product_tag","embeddable":true,"href":"https:\/\/www.ircica.org\/fr\/wp-json\/wp\/v2\/product_tag?post=28412"}],"curies":[{"name":"wp","href":"https:\/\/api.w.org\/{rel}","templated":true}]}}