{"id":28610,"date":"2025-03-03T14:43:16","date_gmt":"2025-03-03T11:43:16","guid":{"rendered":"https:\/\/www.ircica.org\/publications\/non%20class\u00e9\/book-on-the-kaba"},"modified":"2025-03-03T15:26:21","modified_gmt":"2025-03-03T12:26:21","slug":"book-on-the-kaba","status":"publish","type":"product","link":"https:\/\/www.ircica.org\/fr\/publications\/histoire-de-la-civilisation-islamique\/asie\/moyen-orient-et-mediterranee\/livre-sur-la-ka%CA%BBba","title":{"rendered":"Livre sur la Ka\u02bbba"},"content":{"rendered":"<p>L\u2019IRCICA a le plaisir de publier cet ouvrage de recherche authentique et catalogue relatif \u00e0 l\u2019histoire de la Ka\u2018ba &#8211; le lieu le plus sacr\u00e9 des musulmans sur terre &#8211; et aux services et traditions artistiques d\u00e9velopp\u00e9s autour d\u2019elle et de le lancer d\u00e8s le mois de Ramadhan 1446\/mars 2025. La publication contient des articles savants suivis d\u2019un catalogue photographique richement annot\u00e9 de la collection de couvertures de la Ka\u2018ba r\u00e9unies par M. Bekir Kantarc\u0131, sp\u00e9cialiste de l\u2019histoire de l\u2019art islamique et collectionneur d\u2019objets de la Ka\u2018ba, sur une p\u00e9riode de trente ans, comprenant des couvertures\/rideaux de la Ka\u2018ba datant de diff\u00e9rents si\u00e8cles. La plupart des couvertures pr\u00e9sent\u00e9es dans le catalogue appartiennent \u00e0 la p\u00e9riode saoudienne (20e et 21e si\u00e8cles) et les autres remontent \u00e0 diff\u00e9rents si\u00e8cles de la p\u00e9riode ottomane ; les couvertures qui ont \u00e9t\u00e9 remplac\u00e9es par de nouvelles ont \u00e9t\u00e9 conserv\u00e9es dans des palais ou des mus\u00e9es et\/ou des parties d\u2019entre elles ont \u00e9t\u00e9 distribu\u00e9es aux p\u00e8lerins. Le catalogue met ainsi en lumi\u00e8re de nombreuses couvertures qui se trouvaient dans des collections priv\u00e9es. Quant aux articles figurant au d\u00e9but du livre, ils portent sur les sujets suivants : l\u2019histoire de la Ka\u02bbba depuis la Jahiliya jusqu\u2019\u00e0 l\u2019av\u00e8nement de l\u2019islam ; les restaurations effectu\u00e9es pendant la p\u00e9riode islamique ; les services rendus \u00e0 la Ka\u02bbba et aux waqfs de Harameyn ; les reliques sacr\u00e9es de la Ka\u02bbba ; les utilisations des couvertures, les sources et les \u0153uvres d\u2019art les repr\u00e9sentant avant et pendant la p\u00e9riode ottomane ; et l\u2019histoire des couvertures de la Ka\u02bbba au cours de la p\u00e9riode saoudienne. Leurs auteurs sont le Dr. Adnan Demircan, le professeur H\u00fclya Tezcan, le professeur Hasan F\u0131rat Diker, le Dr. Seyit Ali Kahraman, le Dr. Selin \u0130pek, Zeynep \u00c7elik Atba\u015f, le Dr. Tuba Kurtulu\u015f et Mohammed H. Al Mojan. Cette premi\u00e8re \u00e9dition en turc sera suivie d\u2019autres \u00e9ditions dans d\u2019autres langues.<\/p>\n","protected":false},"excerpt":{"rendered":"<p>\u00c9diteurs : Sevgi A\u011fca Diker et Cengiz Tomar<br \/>\nCoordinateurs de la publication : Hasan Mert Kaya et Bekir Kantarc\u0131<br \/>\nCoordinateurs : Halil \u0130brahim U\u00e7ar et Burcu Karata\u015f<br \/>\nPhotos : Mustafa Y\u0131lmaz<br \/>\nPr\u00e9face : Mahmud Erol K\u0131l\u0131\u00e7<br \/>\nIRCICA, 2025; 435 p.: illustr\u00e9 (en turc)<\/p>\n","protected":false},"featured_media":28598,"template":"","meta":{"_acf_changed":false,"_mi_skip_tracking":false},"product_cat":[164,362],"product_tag":[],"class_list":{"0":"post-28610","1":"product","2":"type-product","3":"status-publish","4":"has-post-thumbnail","6":"product_cat-histoire-de-la-civilisation-islamique","7":"product_cat-moyen-orient-et-mediterranee","9":"first","10":"instock","11":"shipping-taxable","12":"product-type-simple"},"acf":[],"aioseo_notices":[],"_links":{"self":[{"href":"https:\/\/www.ircica.org\/fr\/wp-json\/wp\/v2\/product\/28610","targetHints":{"allow":["GET"]}}],"collection":[{"href":"https:\/\/www.ircica.org\/fr\/wp-json\/wp\/v2\/product"}],"about":[{"href":"https:\/\/www.ircica.org\/fr\/wp-json\/wp\/v2\/types\/product"}],"wp:featuredmedia":[{"embeddable":true,"href":"https:\/\/www.ircica.org\/fr\/wp-json\/wp\/v2\/media\/28598"}],"wp:attachment":[{"href":"https:\/\/www.ircica.org\/fr\/wp-json\/wp\/v2\/media?parent=28610"}],"wp:term":[{"taxonomy":"product_cat","embeddable":true,"href":"https:\/\/www.ircica.org\/fr\/wp-json\/wp\/v2\/product_cat?post=28610"},{"taxonomy":"product_tag","embeddable":true,"href":"https:\/\/www.ircica.org\/fr\/wp-json\/wp\/v2\/product_tag?post=28610"}],"curies":[{"name":"wp","href":"https:\/\/api.w.org\/{rel}","templated":true}]}}