{"id":28914,"date":"2025-04-15T11:32:36","date_gmt":"2025-04-15T08:32:36","guid":{"rendered":"https:\/\/www.ircica.org\/publications\/non%20class\u00e9\/history-and-legacy-of-muslims-in-the-caribbean"},"modified":"2025-04-15T11:37:16","modified_gmt":"2025-04-15T08:37:16","slug":"history-and-legacy-of-muslims-in-the-caribbean","status":"publish","type":"product","link":"https:\/\/www.ircica.org\/fr\/publications\/histoire-de-la-civilisation-islamique\/lhistoire-et-le-patrimoine-des-musulmans-dans-les-caraibes","title":{"rendered":"L\u2019histoire et le patrimoine des musulmans dans les Cara\u00efbes"},"content":{"rendered":"<p>Le livre des actes de la conf\u00e9rence sur l\u2019\u00ab Histoire et le patrimoine des musulmans dans les Cara\u00efbes \u00bb qui s\u2019est tenue \u00e0 Georgetown, en septembre 2023, contient seize articles de recherche sur des sujets sp\u00e9cialis\u00e9s regroup\u00e9s en trois parties, intitul\u00e9es \u00ab Patrimoine historique et migration \u00bb ; \u00ab Questions culturelles et \u00e9conomiques \u00bb ; \u00ab Mouvements civils \u00bb. Cette conf\u00e9rence fut le tout premier \u00e9v\u00e9nement savant organis\u00e9 par l\u2019OCI et l\u2019IRCICA dans la r\u00e9gion des Cara\u00efbes. Elle a contribu\u00e9 \u00e0 renforcer la sensibilisation et les liens entre les communaut\u00e9s musulmanes des deux \u00c9tats membres de l\u2019OCI de la r\u00e9gion \u2013 le Guyana et le Suriname, ainsi que la Barbade et Trinit\u00e9-et-Tobago \u2013 et les publics culturels des autres \u00c9tats membres de l\u2019OCI \u00e0 travers les continents. Inaugur\u00e9 par le Pr\u00e9sident du Guyana, S.E. Mohamed Irfaan Ali, qui a prononc\u00e9 un discours d\u00e9taill\u00e9, l\u2019\u00e9v\u00e9nement a \u00e9galement renforc\u00e9 les liens internationaux entre les chercheurs travaillant sur l\u2019histoire, le patrimoine culturel et le d\u00e9veloppement social des communaut\u00e9s musulmanes des Cara\u00efbes. Il a permis d\u2019\u00e9valuer les sources et les publications et de mettre en lumi\u00e8re divers aspects du sujet, d\u00e9finis en fonction des communaut\u00e9s de diff\u00e9rents contextes g\u00e9ographiques et historiques, ainsi que de leurs affiliations religieuses et culturelles. La conf\u00e9rence a \u00e9t\u00e9 organis\u00e9e en collaboration avec l\u2019Universit\u00e9 du Guyana et a r\u00e9uni des sp\u00e9cialistes d\u2019universit\u00e9s, d\u2019organisations culturelles et m\u00e9diatiques de diff\u00e9rents pays : la Barbade, le Canada, la Colombie, le Guyana, Ha\u00efti, la Malaisie, le Suriname, Trinit\u00e9-et-Tobago et les \u00c9tats-Unis. Les articles du livre refl\u00e8tent l\u2019\u00e9volution des centres d\u2019int\u00e9r\u00eat dans ce domaine de recherche concernant les processus de formation historique et les d\u00e9veloppements contemporains des communaut\u00e9s afro-musulmanes et indo-musulmanes de la r\u00e9gion ; leurs relations intercommunautaires et internationales, leurs tendances \u00e9conomiques, d\u00e9mographiques et \u00e9ducatives et leurs perspectives d\u2019avenir ; leurs traditions artistiques et litt\u00e9raires ; les activit\u00e9s des organisations musulmanes, des mosqu\u00e9es et des institutions culturelles \u00e0 travers l\u2019histoire et aujourd\u2019hui, et d\u2019autres faits et d\u00e9veloppements pertinents.<\/p>\n<p>Ce livre \u00e9tendra les horizons des chercheurs et contribuera \u00e0 la connaissance du grand public sur les communaut\u00e9s musulmanes des Cara\u00efbes.<\/p>\n","protected":false},"excerpt":{"rendered":"<p><strong>Actes de la conf\u00e9rence internationale sur l\u2019histoire et le patrimoine des musulmans dans les Cara\u00efbes<br \/>\nseptembre 2023, Georgetown, R\u00e9publique coop\u00e9rative du Guyana<\/strong><\/p>\n<p>Sources et \u00e9tudes sur l\u2019histoire de la civilisation islamique\u00a0; n\u00b0\u00a060<br \/>\nIRCICA, Istanbul, 2025, 443\u00a0p., illustr\u00e9<\/p>\n","protected":false},"featured_media":28899,"template":"","meta":{"_acf_changed":false,"_mi_skip_tracking":false},"product_cat":[164],"product_tag":[],"class_list":{"0":"post-28914","1":"product","2":"type-product","3":"status-publish","4":"has-post-thumbnail","6":"product_cat-histoire-de-la-civilisation-islamique","8":"first","9":"instock","10":"shipping-taxable","11":"product-type-simple"},"acf":[],"aioseo_notices":[],"_links":{"self":[{"href":"https:\/\/www.ircica.org\/fr\/wp-json\/wp\/v2\/product\/28914","targetHints":{"allow":["GET"]}}],"collection":[{"href":"https:\/\/www.ircica.org\/fr\/wp-json\/wp\/v2\/product"}],"about":[{"href":"https:\/\/www.ircica.org\/fr\/wp-json\/wp\/v2\/types\/product"}],"wp:featuredmedia":[{"embeddable":true,"href":"https:\/\/www.ircica.org\/fr\/wp-json\/wp\/v2\/media\/28899"}],"wp:attachment":[{"href":"https:\/\/www.ircica.org\/fr\/wp-json\/wp\/v2\/media?parent=28914"}],"wp:term":[{"taxonomy":"product_cat","embeddable":true,"href":"https:\/\/www.ircica.org\/fr\/wp-json\/wp\/v2\/product_cat?post=28914"},{"taxonomy":"product_tag","embeddable":true,"href":"https:\/\/www.ircica.org\/fr\/wp-json\/wp\/v2\/product_tag?post=28914"}],"curies":[{"name":"wp","href":"https:\/\/api.w.org\/{rel}","templated":true}]}}