{"id":29077,"date":"2025-04-21T15:21:26","date_gmt":"2025-04-21T12:21:26","guid":{"rendered":"https:\/\/www.ircica.org\/publications\/non%20class\u00e9\/istanbul-in-photographs-from-the-period-of-sultan-abdulhamid-ii"},"modified":"2025-05-20T16:05:08","modified_gmt":"2025-05-20T13:05:08","slug":"istanbul-in-photographs-from-the-period-of-sultan-abdulhamid-ii","status":"publish","type":"product","link":"https:\/\/www.ircica.org\/fr\/publications\/photographies-historiques\/istanbul-dans-les-photographies-a-lepoque-du-sultan-abdulhamid-ii","title":{"rendered":"Istanbul dans les photographies \u00e0 l\u2019\u00e9poque du sultan Abd\u00fclhamid II"},"content":{"rendered":"<p>Cet album photographique de luxe, grand format et reli\u00e9, est pr\u00e9sent\u00e9 par la Chambre de commerce d\u2019Istanbul et l\u2019IRCICA en hommage \u00e0 la ville et en vue de le faire connaitre au monde entier. L\u2019album a \u00e9t\u00e9 compil\u00e9 par l\u2019IRCICA \u00e0 partir de ses archives de copies des albums photographiques de Y\u0131ld\u0131z datant de la p\u00e9riode du sultan Abd\u00fclhamid II (fin du 19e-d\u00e9but du 20e si\u00e8cle). De nombreux textes explicatifs fond\u00e9s sur des recherches ont \u00e9t\u00e9 ajout\u00e9s aux photographies qui, dans l\u2019ensemble, offrent une histoire urbaine de la ville sous tous ses aspects. L\u2019index d\u00e9taill\u00e9 renforce sa valeur en tant que r\u00e9f\u00e9rence pour les chercheurs. L\u2019album contient un total de 1042 photographies class\u00e9es sous les chapitres suivants : 1. Mosqu\u00e9es ; 2. Fontaines, citernes, aqueducs ; 3. H\u00f4pitaux et \u00e9tablissements de sant\u00e9 ; 4. Grand Bazar ; 5. Postes de police ; 6. Casernes ; 7. Ponts ; 8. Kiosques et mansions ; 9. Tours &#8211; tours d\u2019horloge ; 10. C\u00e9r\u00e9monies ; 11. Mus\u00e9es ; 12. Minist\u00e8res et b\u00e2timents officiels ; 13. \u00c9coles ; 14. L\u2019arm\u00e9e, la marine et les pompiers ; 15. \u00c9tablissements industriels et infrastructurels ; 16. Palais et qasrs ; 17. Ambassades ; 18. Quartiers ; 19. Vie sociale ; 20. Murs et forteresses ; 21. Tombeaux et cimeti\u00e8res ; 22. Visites d\u2019hommes d\u2019\u00c9tat \u00e9trangers ; 23. Mansions maritimes, r\u00e9sidences en bord de mer. Parmi elles figurent des photographies de 33 mosqu\u00e9es ; 44 fontaines et aqueducs, 19 installations et infrastructures industrielles ; 14 h\u00f4pitaux et \u00e9tablissements de sant\u00e9 ; 15 \u00e9coles ; 24 commissariats de police ; 9 casernes militaires ; de nombreuses maisons et b\u00e2timents, dont beaucoup n\u2019existent plus ; des quartiers, des rues et des jardins ; des vues de la vie sociale et des fonctions officielles. L\u2019avant-propos de M. \u015eekib Avdagi\u00e7, pr\u00e9sident du conseil d\u2019administration de la Chambre de commerce d\u2019Istanbul, souligne l\u2019importance de cette publication, qui refl\u00e8te l\u2019importance accord\u00e9e par l\u2019\u00c9tat ottoman au d\u00e9veloppement de la ville. La pr\u00e9face du professeur Mahmud Erol K\u0131l\u0131\u00e7, directeur g\u00e9n\u00e9ral de l\u2019IRCICA, contient des informations sur l\u2019introduction de la photographie dans l\u2019\u00c9tat ottoman, les premiers studios photo et photographes d\u2019Istanbul, les albums photographiques de Y\u0131ld\u0131z et leur constitution sous le r\u00e8gne du sultan Abd\u00fclhamid II, ainsi que les diverses publications de l\u2019IRCICA bas\u00e9es sur cette collection.<\/p>\n","protected":false},"excerpt":{"rendered":"<p>Proprietors: \u015eekib Avdagi\u00e7, Prof. Dr. Mahmud Erol K\u0131l\u0131\u00e7<br \/>\nEditor: Prof. Dr. Cengiz Tomar<br \/>\nPrepared by: H\u00fcmeyra Zerdeci, Dilek Orbay, Orhan \u00c7olak, Zeynep Durukal<br \/>\nIstanbul Chamber of Commerce and IRCICA, 2024<br \/>\nSeries of Historical Photograph Albums, nr. 11 (2 volumes), 33&#215;28 cm., xix+1287 p.<br \/>\nIn English and Turkish<\/p>\n","protected":false},"featured_media":29063,"template":"","meta":{"_acf_changed":false,"_mi_skip_tracking":false},"product_cat":[169],"product_tag":[],"class_list":{"0":"post-29077","1":"product","2":"type-product","3":"status-publish","4":"has-post-thumbnail","6":"product_cat-photographies-historiques","8":"first","9":"instock","10":"shipping-taxable","11":"product-type-simple"},"acf":[],"aioseo_notices":[],"_links":{"self":[{"href":"https:\/\/www.ircica.org\/fr\/wp-json\/wp\/v2\/product\/29077","targetHints":{"allow":["GET"]}}],"collection":[{"href":"https:\/\/www.ircica.org\/fr\/wp-json\/wp\/v2\/product"}],"about":[{"href":"https:\/\/www.ircica.org\/fr\/wp-json\/wp\/v2\/types\/product"}],"wp:featuredmedia":[{"embeddable":true,"href":"https:\/\/www.ircica.org\/fr\/wp-json\/wp\/v2\/media\/29063"}],"wp:attachment":[{"href":"https:\/\/www.ircica.org\/fr\/wp-json\/wp\/v2\/media?parent=29077"}],"wp:term":[{"taxonomy":"product_cat","embeddable":true,"href":"https:\/\/www.ircica.org\/fr\/wp-json\/wp\/v2\/product_cat?post=29077"},{"taxonomy":"product_tag","embeddable":true,"href":"https:\/\/www.ircica.org\/fr\/wp-json\/wp\/v2\/product_tag?post=29077"}],"curies":[{"name":"wp","href":"https:\/\/api.w.org\/{rel}","templated":true}]}}