{"id":4543,"date":"2019-01-01T00:00:00","date_gmt":"2018-12-31T21:00:00","guid":{"rendered":"https:\/\/www.ircica.org\/publications\/non%20class\u00e9\/al-mushaf-al-sharif-bibliotheque-nationale-paris"},"modified":"2024-01-10T16:42:09","modified_gmt":"2024-01-10T13:42:09","slug":"al-mushaf-al-sharif-bibliotheque-nationale-paris","status":"publish","type":"product","link":"https:\/\/www.ircica.org\/fr\/publications\/etudes-sur-le-saint-coran\/al-mushaf-al-sharif-bibliotheque-nationale-paris","title":{"rendered":"Al-Mushaf Al-Sharif (Biblioth\u00e8que Nationale, Paris)"},"content":{"rendered":"<p>Le pr\u00e9sent livre, issu de la s\u00e9rie d\u2019\u00e9tudes de l\u2019IRCICA sur les copies les plus anciennes du Saint Coran, met en lumi\u00e8re les caract\u00e9ristiques de la copie partielle conserv\u00e9e \u00e0 la Biblioth\u00e8que nationale de France \u00e0 Paris. Bien qu\u2019il n\u2019y ait aucune information concernant sa date, celle-ci est certainement l\u2019une des plus anciennes copies ayant atteint notre \u00e9poque, m\u00eame plus ancienne que certaines des copies attribu\u00e9es aux \u00e9poques des troisi\u00e8me et quatri\u00e8me califes. L\u2019\u00e9tude analytique m\u00e9ticuleuse, r\u00e9alis\u00e9e par le Dr Tayyar Alt\u0131kula\u00e7, un grand sp\u00e9cialiste des \u00e9tudes coraniques, examine ses caract\u00e9ristiques en mati\u00e8re d\u2019\u00e9criture, d\u2019orthographe et d\u2019autres crit\u00e8res techniques et les compare avec celles d\u2019autres anciennes copies du Coran. Le texte analytique commence par un r\u00e9cit du voyage du fragment \u00e0 Paris et une reconnaissance des travaux ant\u00e9rieurs sur celui-ci, en particulier l\u2019impression de 56 folios (sur 79 dans la m\u00eame biblioth\u00e8que et plus ailleurs) par Fran\u00e7ois D\u00e9roche et Sergio Noja Noseda en 1998. Vient ensuite un examen page par page de la copie. Il s\u2019agit de la cinqui\u00e8me \u00e9tude publi\u00e9e par l\u2019IRCICA dans cette s\u00e9rie. Elle sera suivie d\u2019une \u00e9tude sur une copie tr\u00e8s ancienne du Coran, \u00e0 savoir le fragment trouv\u00e9 \u00e0 la Biblioth\u00e8que de l\u2019Universit\u00e9 de T\u00fcbingen, en Allemagne.<\/p>\n<p>Cet ouvrage, en plus de son apport en termes de r\u00e9sultats et d\u2019observations savantes, mais aussi en mai\u00e8re de m\u00e9thodologie et de couverture, est une contribution pr\u00e9cieuse aux \u00e9tudes sur l\u2019histoire de la diffusion du Coran \u00e0 travers le monde.<\/p>\n","protected":false},"excerpt":{"rendered":"<p>Pr\u00e9par\u00e9 par Dr. Tayyar Alt\u0131kula\u00e7<br \/>\nIRCICA, Istanbul, 2015<br \/>\n39, 281, 45 pp.<br \/>\nTexte en Arabe et en Turc<\/p>\n","protected":false},"featured_media":6735,"template":"","meta":{"_acf_changed":false,"_mi_skip_tracking":false},"product_cat":[117],"product_tag":[118,119],"class_list":{"0":"post-4543","1":"product","2":"type-product","3":"status-publish","4":"has-post-thumbnail","6":"product_cat-etudes-sur-le-saint-coran","7":"product_tag-al-mushaf-3","8":"product_tag-al-sharif-3","10":"first","11":"instock","12":"shipping-taxable","13":"product-type-simple"},"acf":[],"aioseo_notices":[],"_links":{"self":[{"href":"https:\/\/www.ircica.org\/fr\/wp-json\/wp\/v2\/product\/4543","targetHints":{"allow":["GET"]}}],"collection":[{"href":"https:\/\/www.ircica.org\/fr\/wp-json\/wp\/v2\/product"}],"about":[{"href":"https:\/\/www.ircica.org\/fr\/wp-json\/wp\/v2\/types\/product"}],"wp:featuredmedia":[{"embeddable":true,"href":"https:\/\/www.ircica.org\/fr\/wp-json\/wp\/v2\/media\/6735"}],"wp:attachment":[{"href":"https:\/\/www.ircica.org\/fr\/wp-json\/wp\/v2\/media?parent=4543"}],"wp:term":[{"taxonomy":"product_cat","embeddable":true,"href":"https:\/\/www.ircica.org\/fr\/wp-json\/wp\/v2\/product_cat?post=4543"},{"taxonomy":"product_tag","embeddable":true,"href":"https:\/\/www.ircica.org\/fr\/wp-json\/wp\/v2\/product_tag?post=4543"}],"curies":[{"name":"wp","href":"https:\/\/api.w.org\/{rel}","templated":true}]}}