{"id":4559,"date":"2019-01-01T17:04:51","date_gmt":"2019-01-01T14:04:51","guid":{"rendered":"https:\/\/www.ircica.org\/publications\/non%20class\u00e9\/al-mushaf-al-sharif-british-library-london"},"modified":"2024-01-10T16:29:43","modified_gmt":"2024-01-10T13:29:43","slug":"al-mushaf-al-sharif-londres-reproduction-de-la-bibliotheque-britannique","status":"publish","type":"product","link":"https:\/\/www.ircica.org\/fr\/publications\/etudes-sur-le-saint-coran\/al-mushaf-al-sharif-londres-reproduction-de-la-bibliotheque-britannique","title":{"rendered":"Al-Mushaf Al-Sharif (Londres, reproduction de la Biblioth\u00e8que Britannique)"},"content":{"rendered":"<p>L\u2019IRCICA publie des \u00e9tudes sur les premiers exemplaires du Saint Coran conserv\u00e9s dans diff\u00e9rentes biblioth\u00e8ques de par le monde. Ces \u00e9tudes retracent le processus de transmission du Coran \u00e0 partir des premiers manuscrits et examinent les cas et les d\u00e9veloppements relatifs \u00e0 des aspects tels que le script, l\u2019orthographe et la composition physique des exemplaires du Coran ainsi que leur situation dans le temps et l\u2019espace. Le pr\u00e9sent livre publi\u00e9 en 2017 sous ladite s\u00e9rie, examine l\u2019exemplaire du Saint Coran \u00e9crit probablement au premier si\u00e8cle de l\u2019h\u00e9gire et conserv\u00e9 \u00e0 la British Library (Biblioth\u00e8que Britannique), Londres, Royaume-Uni. C\u2019est un exemplaire partiel, dont les folios existants comprennent 37 sourates, dont 29 en format complet.<\/p>\n<p>L\u2019IRCICA avait auparavant publi\u00e9 des livres sur les exemplaires suivants du Saint Coran : deux exemplaires attribu\u00e9s \u00e0 l\u2019\u00e9poque du troisi\u00e8me Calife Uthman bin Affan et conserv\u00e9s respectivement au Mus\u00e9e du Palais de Topkap\u0131 \u00e0 Istanbul (2007) et \u00e0 la biblioth\u00e8que centrale des manuscrits islamiques au Caire (2009) ; l\u2019exemplaire attribu\u00e9 \u00e0 l\u2019\u00e9poque d\u2019Ali bin Abi Talib et conserv\u00e9 \u00e0 la biblioth\u00e8que des manuscrits pr\u00e8s de la grande mosqu\u00e9e de Sanaa, au Y\u00e9men (2011) ; l\u2019exemplaire\u00a0 de la p\u00e9riode d\u2019Uthman bin Affan et conserv\u00e9 au Mus\u00e9e islamique du Caire (2014) ; l\u2019exemplaire (fragment) conserv\u00e9 \u00e0 la Biblioth\u00e8que nationale de France, \u00e0 Paris (2015), et l\u2019exemplaire de T\u00fcbingen conserv\u00e9 \u00e0 la Biblioth\u00e8que de T\u00fcbingen en Allemagne (2016).<\/p>\n<p>L\u2019IRCICA a \u00e9galement publi\u00e9 une \u00e9tude qui s\u2019intitule \u00ab\u00a0Les anciens exemplaires du Coran qui nous sont parvenus. \u00c9tude sur les plus anciens exemplaires\u00a0\u00bb et qui est une synth\u00e8se de toutes les \u00e9tudes pr\u00e9c\u00e9dentes faites sur les exemplaires du Saint Coran cit\u00e9s plus haut. Celles-ci ont \u00e9t\u00e9 effectu\u00e9es par le Dr. Tayyar Alt\u0131kula\u00e7, \u00e9minent chercheur sp\u00e9cialis\u00e9 dans les \u00e9tudes coraniques, et ancien pr\u00e9sident des affaires religieuses en Turquie. La s\u00e9rie des exemplaires du Saint Coran se poursuivra avec une \u00e9dition \u00e9largie consistant en une \u00e9tude approfondie sur l\u2019exemplaire du Coran conserv\u00e9 au Mus\u00e9e Topkapi et attribu\u00e9 au troisi\u00e8me Calife Uthman bin Affan. Cette \u00e9dition comprendra une \u00e9tude comparative entre cet exemplaire et les autres exemplaires mentionn\u00e9s ci-dessus par rapport aux caract\u00e9ristiques physiques et orthographiques.<\/p>\n<p>&nbsp;<\/p>\n","protected":false},"excerpt":{"rendered":"<p>Pr\u00e9par\u00e9 pour publication par le Dr. Tayyar Alt\u0131kula\u00e7,<br \/>\nIRCICA, Istanbul, 2017; 49, 485, 51 p.<br \/>\n(Texte en arabe et en turc)<\/p>\n","protected":false},"featured_media":6725,"template":"","meta":{"_acf_changed":false,"_mi_skip_tracking":false},"product_cat":[117],"product_tag":[118,119],"class_list":{"0":"post-4559","1":"product","2":"type-product","3":"status-publish","4":"has-post-thumbnail","6":"product_cat-etudes-sur-le-saint-coran","7":"product_tag-al-mushaf-3","8":"product_tag-al-sharif-3","10":"first","11":"instock","12":"shipping-taxable","13":"product-type-simple"},"acf":[],"aioseo_notices":[],"_links":{"self":[{"href":"https:\/\/www.ircica.org\/fr\/wp-json\/wp\/v2\/product\/4559","targetHints":{"allow":["GET"]}}],"collection":[{"href":"https:\/\/www.ircica.org\/fr\/wp-json\/wp\/v2\/product"}],"about":[{"href":"https:\/\/www.ircica.org\/fr\/wp-json\/wp\/v2\/types\/product"}],"wp:featuredmedia":[{"embeddable":true,"href":"https:\/\/www.ircica.org\/fr\/wp-json\/wp\/v2\/media\/6725"}],"wp:attachment":[{"href":"https:\/\/www.ircica.org\/fr\/wp-json\/wp\/v2\/media?parent=4559"}],"wp:term":[{"taxonomy":"product_cat","embeddable":true,"href":"https:\/\/www.ircica.org\/fr\/wp-json\/wp\/v2\/product_cat?post=4559"},{"taxonomy":"product_tag","embeddable":true,"href":"https:\/\/www.ircica.org\/fr\/wp-json\/wp\/v2\/product_tag?post=4559"}],"curies":[{"name":"wp","href":"https:\/\/api.w.org\/{rel}","templated":true}]}}