{"id":4567,"date":"2019-01-02T00:00:00","date_gmt":"2019-01-01T21:00:00","guid":{"rendered":"https:\/\/www.ircica.org\/publications\/non%20class\u00e9\/%d8%a7%d9%84%d9%85%d8%b5%d8%ad%d9%81-%d8%a7%d9%84%d8%b4%d8%b1%d9%8a%d9%81-%d8%a7%d9%84%d9%85%d9%86%d8%b3%d9%88%d8%a8-%d8%a5%d9%84%d9%89-%d8%b9%d8%ab%d9%85%d8%a7%d9%86-%d8%a8%d9%86-%d8%b9%d9%81%d8%a7"},"modified":"2024-01-10T16:23:50","modified_gmt":"2024-01-10T13:23:50","slug":"al-mushaf-al-sharif-attributed-to-uthman-bin-affan-the-copy-at-al-mashhad-al-husayni-in-cairo","status":"publish","type":"product","link":"https:\/\/www.ircica.org\/fr\/publications\/etudes-sur-le-saint-coran\/al-mushaf-al-sharif-attribuee-a-lepoque-du-calife-othman-copie-du-caire","title":{"rendered":"Al-Mushaf Al-Sharif attribu\u00e9e \u00e0 l\u2019\u00e9poque du calife Othman (Copie du Caire)"},"content":{"rendered":"<p>Il s\u2019agit d\u2019une \u00e9tude scientifique d\u2019une copie du Saint Coran qui se trouve au Caire et attribu\u00e9e \u00e0 l\u2019\u00e9poque du calife Othman. Parmi les copies datant de cette p\u00e9riode, celle-ci est connue sous le nom de \u00ab Mushaf \u00a0du Caire \u00bb. Elle est actuellement conserv\u00e9e \u00e0 la Biblioth\u00e8que centrale des manuscrits islamiques affili\u00e9e au minist\u00e8re des Awqaf d\u2019\u00c9gypte. L\u2019\u00e9tude fait une comparaison entre ladite copie et les autres copies de la m\u00eame p\u00e9riode situ\u00e9es dans diff\u00e9rentes villes, \u00e0 savoir celle de Topkap\u0131, du Mus\u00e9e des Arts turcs et islamiques, de Tachkent (conserv\u00e9e \u00e0 la mosqu\u00e9e Khazrati Imam \u00e0 Tachkent, Ouzb\u00e9kistan) et de la Grande Mosqu\u00e9e de Sana\u02bfa. L\u2019Autorit\u00e9 d\u2019Abou Dhabi pour la culture et le patrimoine a fourni des contributions financi\u00e8res pour l\u2019impression du livre.<\/p>\n","protected":false},"excerpt":{"rendered":"<p>Pr\u00e9par\u00e9 pour publication par le Dr. Tayyar Alt\u0131kula\u00e7<br \/>\nIRCICA, Istanbul, 2009<br \/>\nTexte en Arabe, Introduction en Anglais et en Turc<br \/>\n(set)<\/p>\n","protected":false},"featured_media":6720,"template":"","meta":{"_acf_changed":false,"_mi_skip_tracking":false},"product_cat":[117],"product_tag":[118,119],"class_list":{"0":"post-4567","1":"product","2":"type-product","3":"status-publish","4":"has-post-thumbnail","6":"product_cat-etudes-sur-le-saint-coran","7":"product_tag-al-mushaf-3","8":"product_tag-al-sharif-3","10":"first","11":"instock","12":"shipping-taxable","13":"product-type-simple"},"acf":[],"aioseo_notices":[],"_links":{"self":[{"href":"https:\/\/www.ircica.org\/fr\/wp-json\/wp\/v2\/product\/4567","targetHints":{"allow":["GET"]}}],"collection":[{"href":"https:\/\/www.ircica.org\/fr\/wp-json\/wp\/v2\/product"}],"about":[{"href":"https:\/\/www.ircica.org\/fr\/wp-json\/wp\/v2\/types\/product"}],"wp:featuredmedia":[{"embeddable":true,"href":"https:\/\/www.ircica.org\/fr\/wp-json\/wp\/v2\/media\/6720"}],"wp:attachment":[{"href":"https:\/\/www.ircica.org\/fr\/wp-json\/wp\/v2\/media?parent=4567"}],"wp:term":[{"taxonomy":"product_cat","embeddable":true,"href":"https:\/\/www.ircica.org\/fr\/wp-json\/wp\/v2\/product_cat?post=4567"},{"taxonomy":"product_tag","embeddable":true,"href":"https:\/\/www.ircica.org\/fr\/wp-json\/wp\/v2\/product_tag?post=4567"}],"curies":[{"name":"wp","href":"https:\/\/api.w.org\/{rel}","templated":true}]}}