{"id":4576,"date":"2007-12-01T00:00:00","date_gmt":"2007-11-30T22:00:00","guid":{"rendered":"https:\/\/www.ircica.org\/publications\/non%20class\u00e9\/%d8%a7%d9%84%d9%85%d8%b5%d8%ad%d9%81-%d8%a7%d9%84%d8%b4%d8%b1%d9%8a%d9%81-%d8%a7%d9%84%d9%85%d9%86%d8%b3%d9%88%d8%a8-%d8%a5%d9%84%d9%89-%d8%b9%d8%ab%d9%85%d8%a7%d9%86-%d8%a8%d9%86-%d8%b9%d9%81%d8%a7-4"},"modified":"2023-09-12T09:40:36","modified_gmt":"2023-09-12T06:40:36","slug":"al-mushaf-al-sharif-attributed-to-uthman-bin-affan-the-copy-at-topkapi-palace-museum-in-istanbul","status":"publish","type":"product","link":"https:\/\/www.ircica.org\/fr\/publications\/etudes-sur-le-saint-coran\/al-mushaf-al-sharif-attribue-a-othman-ibn-affan-la-copie-au-musee-du-palais-de-topkapi-2","title":{"rendered":"Al-Mushaf Al-Sharif attribu\u00e9 \u00e0 Othm\u00e2n ibn Aff\u00e2n (La copie au mus\u00e9e du palais de Topkapi) 2"},"content":{"rendered":"<p>Ce livre contient une \u00e9tude savante, en arabe et en anglais, de la copie manuscrite du Saint Coran attribu\u00e9e \u00e0 la p\u00e9riode du calife Othm\u00e2n (RA) et conserv\u00e9e au mus\u00e9e du palais de Topkapi. Cette ancienne copie du Saint Coran a \u00e9t\u00e9 \u00e9tudi\u00e9e par le Dr Tayyar Alt\u0131kula\u00e7, sp\u00e9cialiste des \u00e9tudes coraniques et ancien pr\u00e9sident des affaires religieuses de Turquie, du point de vue historique et technique et par rapport \u00e0 ses caract\u00e9ristiques physiques, notamment ses caract\u00e8res et ses pages. Pr\u00e9par\u00e9e \u00e0 l\u2019origine en turc, l\u2019\u00e9tude a \u00e9t\u00e9 traduite en arabe par le Dr Salih Sadawi et publi\u00e9e en turc et en arabe en 2007 \u00ab\u00a0<em>Al-Mushaf Al-Sharif attribu\u00e9 \u00e0 Othm\u00e2n ibn Aff\u00e2n<\/em>\u00a0\u00bb (<em>La copie au mus\u00e9e du palais de Topkapi \u00e0 Istanbul<\/em>). La m\u00eame ann\u00e9e, l\u2019IRCICA a publi\u00e9 ce deuxi\u00e8me livre de la s\u00e9rie, contenant la traduction anglaise de cette \u00e9tude r\u00e9alis\u00e9e par le Dr Semiramis \u00c7avu\u015fo\u011flu. Le volume comprend \u00e0 la fois les textes anglais et arabe.<\/p>\n","protected":false},"excerpt":{"rendered":"<p>Pr\u00e9par\u00e9 pour publication par le Dr Tayyar Alt\u0131kula\u00e7<br \/>\nPr\u00e9face du professeur Ekmeleddin \u0130hsano\u011flu<br \/>\nTexte en arabe, \u00e9tude en anglais et en arabe<br \/>\nS\u00e9rie d\u2019\u00e9ditions critiques n\u00b02<br \/>\nIstanbul, 1428\/2007<br \/>\nISBN 978-92-9063-167-5<\/p>\n","protected":false},"featured_media":6762,"template":"","meta":{"_acf_changed":false,"_mi_skip_tracking":false},"product_cat":[117],"product_tag":[118,119],"class_list":{"0":"post-4576","1":"product","2":"type-product","3":"status-publish","4":"has-post-thumbnail","6":"product_cat-etudes-sur-le-saint-coran","7":"product_tag-al-mushaf-3","8":"product_tag-al-sharif-3","10":"first","11":"instock","12":"shipping-taxable","13":"product-type-simple"},"acf":[],"aioseo_notices":[],"_links":{"self":[{"href":"https:\/\/www.ircica.org\/fr\/wp-json\/wp\/v2\/product\/4576","targetHints":{"allow":["GET"]}}],"collection":[{"href":"https:\/\/www.ircica.org\/fr\/wp-json\/wp\/v2\/product"}],"about":[{"href":"https:\/\/www.ircica.org\/fr\/wp-json\/wp\/v2\/types\/product"}],"wp:featuredmedia":[{"embeddable":true,"href":"https:\/\/www.ircica.org\/fr\/wp-json\/wp\/v2\/media\/6762"}],"wp:attachment":[{"href":"https:\/\/www.ircica.org\/fr\/wp-json\/wp\/v2\/media?parent=4576"}],"wp:term":[{"taxonomy":"product_cat","embeddable":true,"href":"https:\/\/www.ircica.org\/fr\/wp-json\/wp\/v2\/product_cat?post=4576"},{"taxonomy":"product_tag","embeddable":true,"href":"https:\/\/www.ircica.org\/fr\/wp-json\/wp\/v2\/product_tag?post=4576"}],"curies":[{"name":"wp","href":"https:\/\/api.w.org\/{rel}","templated":true}]}}