{"id":4584,"date":"2011-01-01T00:00:00","date_gmt":"2010-12-31T22:00:00","guid":{"rendered":"https:\/\/www.ircica.org\/publications\/non%20class\u00e9\/%d8%a7%d9%84%d9%85%d8%b5%d8%ad%d9%81-%d8%a7%d9%84%d8%b4%d8%b1%d9%8a%d9%81-%d8%a7%d9%84%d9%85%d9%86%d8%b3%d9%88%d8%a8-%d8%a5%d9%84%d9%89-%d8%b9%d9%84%d9%8a-%d8%a8%d9%86-%d8%a3%d8%a8%d9%8a-%d8%b7%d8%a7"},"modified":"2023-09-19T13:49:25","modified_gmt":"2023-09-19T10:49:25","slug":"al-mushaf-al-sharif-attributed-to-ali-bin-abi-talib-the-copy-of-sanaa","status":"publish","type":"product","link":"https:\/\/www.ircica.org\/fr\/publications\/etudes-sur-le-saint-coran\/al-mushaf-al-sharif-attribue-a-ali-bin-abi-talib-la-copie-de-sanaa","title":{"rendered":"Al-Mushaf Al-Sharif attribu\u00e9 \u00e0 Ali Bin Abi Talib (La copie de Sanaa)"},"content":{"rendered":"<p>Cet ouvrage repr\u00e9sente une \u00e9tude savante de la copie du Saint Coran attribu\u00e9e \u00e0 l\u2019\u00e9poque du quatri\u00e8me calife, Ali bin Abi Talib, et situ\u00e9e \u00e0 la Grande Mosqu\u00e9e de Sanaa, au Y\u00e9men. Le livre est la troisi\u00e8me publication de la s\u00e9rie d\u2019\u00e9tudes de l\u2019IRCICA sur les plus anciennes copies du Coran. Il commence par un historique concis de la diffusion du Saint Coran \u00e0 travers ses copies et les d\u00e9veloppements li\u00e9s \u00e0 l\u2019\u00e9criture, \u00e0 l\u2019orthographe et \u00e0 d\u2019autres aspects physiques des copies. Puis il examine et d\u00e9crit les caract\u00e9ristiques de la copie de Sanaa.<\/p>\n","protected":false},"excerpt":{"rendered":"<p>Pr\u00e9par\u00e9 pour publication par Tayyar Alt\u0131kula\u00e7<br \/>\nIstanbul, 2011<br \/>\nArabe, avec introduction en anglais et en arabe<br \/>\nISBN 978-92-9063-236-8<\/p>\n","protected":false},"featured_media":6767,"template":"","meta":{"_acf_changed":false,"_mi_skip_tracking":false},"product_cat":[117],"product_tag":[118,119],"class_list":{"0":"post-4584","1":"product","2":"type-product","3":"status-publish","4":"has-post-thumbnail","6":"product_cat-etudes-sur-le-saint-coran","7":"product_tag-al-mushaf-3","8":"product_tag-al-sharif-3","10":"first","11":"instock","12":"shipping-taxable","13":"product-type-simple"},"acf":[],"aioseo_notices":[],"_links":{"self":[{"href":"https:\/\/www.ircica.org\/fr\/wp-json\/wp\/v2\/product\/4584","targetHints":{"allow":["GET"]}}],"collection":[{"href":"https:\/\/www.ircica.org\/fr\/wp-json\/wp\/v2\/product"}],"about":[{"href":"https:\/\/www.ircica.org\/fr\/wp-json\/wp\/v2\/types\/product"}],"wp:featuredmedia":[{"embeddable":true,"href":"https:\/\/www.ircica.org\/fr\/wp-json\/wp\/v2\/media\/6767"}],"wp:attachment":[{"href":"https:\/\/www.ircica.org\/fr\/wp-json\/wp\/v2\/media?parent=4584"}],"wp:term":[{"taxonomy":"product_cat","embeddable":true,"href":"https:\/\/www.ircica.org\/fr\/wp-json\/wp\/v2\/product_cat?post=4584"},{"taxonomy":"product_tag","embeddable":true,"href":"https:\/\/www.ircica.org\/fr\/wp-json\/wp\/v2\/product_tag?post=4584"}],"curies":[{"name":"wp","href":"https:\/\/api.w.org\/{rel}","templated":true}]}}