{"id":3405,"date":"2019-04-25T13:19:39","date_gmt":"2019-04-25T10:19:39","guid":{"rendered":"https:\/\/www.ircica.net\/iletisim-bilgileri"},"modified":"2023-08-04T11:14:18","modified_gmt":"2023-08-04T08:14:18","slug":"iletisim","status":"publish","type":"page","link":"https:\/\/www.ircica.org\/tr\/iletisim","title":{"rendered":"\u0130leti\u015fim"},"content":{"rendered":"\t\t<div data-elementor-type=\"wp-page\" data-elementor-id=\"3405\" class=\"elementor elementor-3405 elementor-3344\" data-elementor-post-type=\"page\">\n\t\t\t\t\t\t<div class=\"elementor-inner\">\n\t\t\t\t<div class=\"elementor-section-wrap\">\n\t\t\t\t\t\t\t\t\t<section class=\"penci-section penci-disSticky penci-structure-10 elementor-section elementor-top-section elementor-element elementor-element-520aa655 elementor-section-full_width elementor-section-height-default elementor-section-height-default\" data-id=\"520aa655\" data-element_type=\"section\">\n\t\t\t\t\t\t<div class=\"elementor-container elementor-column-gap-no\">\n\t\t\t\t\t\t\t<div class=\"elementor-row\">\n\t\t\t\t\t<div class=\"penci-ercol-100 penci-ercol-order-1 penci-sticky-ct    elementor-column elementor-col-100 elementor-top-column elementor-element elementor-element-26a52045\" data-id=\"26a52045\" data-element_type=\"column\">\n\t\t\t<div class=\"theiaStickySidebar elementor-column-wrap elementor-element-populated\">\n\t\t\t\t\t\t\t<div class=\"elementor-widget-wrap\">\n\t\t\t\t\t\t<div class=\"elementor-element elementor-element-f59a11a elementor-widget elementor-widget-penci-map\" data-id=\"f59a11a\" data-element_type=\"widget\" data-widget_type=\"penci-map.default\">\n\t\t\t\t<div class=\"elementor-widget-container\">\n\t\t\t<iframe style=\"width:100%;height:500px\" id=\"penci_map_21058\" class=\"penci-block-vc penci-lazy no-api\" data-src=\"https:\/\/maps.google.com\/maps?q=IRCICA&#038;t=m&#038;z=15&#038;output=embed&#038;iwloc=near&#038;maptype=road\"><\/iframe>\t\t<\/div>\n\t\t\t\t<\/div>\n\t\t\t\t<div class=\"elementor-element elementor-element-16f1ea elementor-widget elementor-widget-text-editor\" data-id=\"16f1ea\" data-element_type=\"widget\" data-widget_type=\"text-editor.default\">\n\t\t\t\t<div class=\"elementor-widget-container\">\n\t\t\t<style>\/*! elementor - v3.18.0 - 20-12-2023 *\/\n.elementor-widget-text-editor.elementor-drop-cap-view-stacked .elementor-drop-cap{background-color:#69727d;color:#fff}.elementor-widget-text-editor.elementor-drop-cap-view-framed .elementor-drop-cap{color:#69727d;border:3px solid;background-color:transparent}.elementor-widget-text-editor:not(.elementor-drop-cap-view-default) .elementor-drop-cap{margin-top:8px}.elementor-widget-text-editor:not(.elementor-drop-cap-view-default) .elementor-drop-cap-letter{width:1em;height:1em}.elementor-widget-text-editor .elementor-drop-cap{float:left;text-align:center;line-height:1;font-size:50px}.elementor-widget-text-editor .elementor-drop-cap-letter{display:inline-block}<\/style>\t\t\t\t\t<div class=\"elementor-text-editor elementor-clearfix\">\n\t\t\t\t<p><strong>\u0130slam Tarih, Sanat ve K\u00fclt\u00fcr Ara\u015ft\u0131rma Merkezi (IRCICA)<br \/><\/strong><strong style=\"color: inherit; font-family: inherit; font-size: inherit; text-align: inherit; font-style: inherit; font-variant-ligatures: inherit; font-variant-caps: inherit;\">Adres<\/strong><span style=\"color: inherit; font-family: inherit; font-size: inherit; text-align: inherit; font-style: inherit; font-variant-ligatures: inherit; font-variant-caps: inherit;\"><span style=\"font-weight: inherit;\">: Hoca Pa\u015fa Mahallesi, Alemdar Caddesi, No. 15, B\u00e2b\u0131\u00e2l\u00ee Giri\u015fi Ca\u011falo\u011flu, 34110 Fatih \u0130stanbul \/ T\u00fcrkiye<br \/><\/span><\/span><strong style=\"color: inherit; font-family: inherit; font-size: inherit; text-align: inherit; font-style: inherit; font-variant-ligatures: inherit; font-variant-caps: inherit;\">Telefon<\/strong><span style=\"color: inherit; font-family: inherit; font-size: inherit; text-align: inherit; font-style: inherit; font-variant-ligatures: inherit; font-variant-caps: inherit;\"><span style=\"font-weight: inherit;\">: +90 212 402 00 00<br \/><\/span><\/span><strong style=\"color: inherit; font-family: inherit; font-size: inherit; text-align: inherit; font-style: inherit; font-variant-ligatures: inherit; font-variant-caps: inherit;\">Fax<\/strong><span style=\"color: inherit; font-family: inherit; font-size: inherit; text-align: inherit; font-style: inherit; font-variant-ligatures: inherit; font-variant-caps: inherit;\"><span style=\"font-weight: inherit;\">: +90 212 258 43 65<br \/><\/span><\/span><strong style=\"color: inherit; font-family: inherit; font-size: inherit; text-align: inherit; font-style: inherit; font-variant-ligatures: inherit; font-variant-caps: inherit;\">E-Mail<\/strong><span style=\"color: inherit; font-family: inherit; font-size: inherit; font-weight: inherit; text-align: inherit; font-style: inherit; font-variant-ligatures: inherit; font-variant-caps: inherit;\">: <span style=\"display:inline;unicode-bidi:bidi-override;direction:rtl;\" class=\"\">gro.acicri<span style=\"display:none;\">obfsctd-409dec<\/span>&#64;acicri<\/span><\/span><span style=\"color: inherit; font-family: inherit; font-size: inherit; font-weight: inherit; text-align: inherit; font-style: inherit; font-variant-ligatures: inherit; font-variant-caps: inherit;\"><br \/><\/span><span style=\"color: inherit; font-family: inherit; font-size: inherit; font-weight: inherit; text-align: inherit; font-style: inherit; font-variant-ligatures: inherit; font-variant-caps: inherit;\"><strong>Whatsapp (<\/strong>mesaj hatt\u0131<strong>)<\/strong>: +90 549 402 60 60<\/span><br \/><span style=\"color: inherit; font-family: inherit; font-size: inherit; font-weight: inherit; text-align: inherit; font-style: inherit; font-variant-ligatures: inherit; font-variant-caps: inherit;\">\u00a0<\/span>\n<div class=\"wpcf7 no-js\" id=\"wpcf7-f3414-o1\" lang=\"en-US\" dir=\"ltr\" data-wpcf7-id=\"3414\">\n<div class=\"screen-reader-response\"><p role=\"status\" aria-live=\"polite\" aria-atomic=\"true\"><\/p> <ul><\/ul><\/div>\n<form action=\"\/tr\/wp-json\/wp\/v2\/pages\/3405#wpcf7-f3414-o1\" method=\"post\" class=\"wpcf7-form init\" aria-label=\"Contact form\" novalidate=\"novalidate\" data-status=\"init\">\n<fieldset class=\"hidden-fields-container\"><input type=\"hidden\" name=\"_wpcf7\" value=\"3414\" \/><input type=\"hidden\" name=\"_wpcf7_version\" value=\"6.1\" \/><input type=\"hidden\" name=\"_wpcf7_locale\" value=\"en_US\" \/><input type=\"hidden\" name=\"_wpcf7_unit_tag\" value=\"wpcf7-f3414-o1\" \/><input type=\"hidden\" name=\"_wpcf7_container_post\" value=\"0\" \/><input type=\"hidden\" name=\"_wpcf7_posted_data_hash\" value=\"\" \/><input type=\"hidden\" name=\"_wpcf7_recaptcha_response\" value=\"\" \/>\n<\/fieldset>\n<p class=\"name\"><span class=\"wpcf7-form-control-wrap\" data-name=\"your-name\"><input size=\"40\" maxlength=\"400\" class=\"wpcf7-form-control wpcf7-text wpcf7-validates-as-required\" aria-required=\"true\" aria-invalid=\"false\" placeholder=\"Ad\u0131n\u0131z*\" value=\"\" type=\"text\" name=\"your-name\" \/><\/span>\n<\/p>\n<p class=\"email\"><span class=\"wpcf7-form-control-wrap\" data-name=\"your-email\"><input size=\"40\" maxlength=\"400\" class=\"wpcf7-form-control wpcf7-email wpcf7-validates-as-required wpcf7-text wpcf7-validates-as-email\" aria-required=\"true\" aria-invalid=\"false\" placeholder=\"E-postan\u0131z*\" value=\"\" type=\"email\" name=\"your-email\" \/><\/span>\n<\/p>\n<p class=\"subject\"><span class=\"wpcf7-form-control-wrap\" data-name=\"your-subject\"><input size=\"40\" maxlength=\"400\" class=\"wpcf7-form-control wpcf7-text\" aria-invalid=\"false\" placeholder=\"Konu\" value=\"\" type=\"text\" name=\"your-subject\" \/><\/span>\n<\/p>\n<p class=\"message\"><span class=\"wpcf7-form-control-wrap\" data-name=\"your-message\"><textarea cols=\"40\" rows=\"10\" maxlength=\"2000\" class=\"wpcf7-form-control wpcf7-textarea wpcf7-validates-as-required\" aria-required=\"true\" aria-invalid=\"false\" placeholder=\"\u0130letiniz\" name=\"your-message\"><\/textarea><\/span>\n<\/p>\n<p class=\"submit\"><input class=\"wpcf7-form-control wpcf7-submit has-spinner\" type=\"submit\" value=\"G\u00f6nder\" \/>\n<\/p><p style=\"display: none !important;\" class=\"akismet-fields-container\" data-prefix=\"_wpcf7_ak_\"><label>&#916;<textarea name=\"_wpcf7_ak_hp_textarea\" cols=\"45\" rows=\"8\" maxlength=\"100\"><\/textarea><\/label><input type=\"hidden\" id=\"ak_js_1\" name=\"_wpcf7_ak_js\" value=\"148\"\/><script>document.getElementById( \"ak_js_1\" ).setAttribute( \"value\", ( new Date() ).getTime() );<\/script><\/p><div class=\"wpcf7-response-output\" aria-hidden=\"true\"><\/div>\n<\/form>\n<\/div>\n<\/p>\t\t\t\t\t<\/div>\n\t\t\t\t\t\t<\/div>\n\t\t\t\t<\/div>\n\t\t\t\t\t\t<\/div>\n\t\t\t\t\t<\/div>\n\t\t<\/div>\n\t\t\t\t\t\t\t\t<\/div>\n\t\t\t\t\t<\/div>\n\t\t<\/section>\n\t\t\t\t\t\t\t\t\t<\/div>\n\t\t\t<\/div>\n\t\t\t\t\t<\/div>\n\t\t","protected":false},"excerpt":{"rendered":"<p>\u0130slam Tarih, Sanat ve K\u00fclt\u00fcr Ara\u015ft\u0131rma Merkezi (IRCICA)Adres: Hoca Pa\u015fa Mahallesi, Alemdar Caddesi, No. 15, B\u00e2b\u0131\u00e2l\u00ee Giri\u015fi Ca\u011falo\u011flu, 34110 Fatih \u0130stanbul \/ T\u00fcrkiyeTelefon: +90 212 402 00 00Fax: +90 212&hellip;<\/p>\n","protected":false},"author":1,"featured_media":0,"parent":0,"menu_order":0,"comment_status":"closed","ping_status":"closed","template":"","meta":{"_acf_changed":false,"_mi_skip_tracking":false,"footnotes":""},"class_list":["post-3405","page","type-page","status-publish","hentry"],"acf":[],"aioseo_notices":[],"_links":{"self":[{"href":"https:\/\/www.ircica.org\/tr\/wp-json\/wp\/v2\/pages\/3405","targetHints":{"allow":["GET"]}}],"collection":[{"href":"https:\/\/www.ircica.org\/tr\/wp-json\/wp\/v2\/pages"}],"about":[{"href":"https:\/\/www.ircica.org\/tr\/wp-json\/wp\/v2\/types\/page"}],"author":[{"embeddable":true,"href":"https:\/\/www.ircica.org\/tr\/wp-json\/wp\/v2\/users\/1"}],"replies":[{"embeddable":true,"href":"https:\/\/www.ircica.org\/tr\/wp-json\/wp\/v2\/comments?post=3405"}],"version-history":[{"count":0,"href":"https:\/\/www.ircica.org\/tr\/wp-json\/wp\/v2\/pages\/3405\/revisions"}],"wp:attachment":[{"href":"https:\/\/www.ircica.org\/tr\/wp-json\/wp\/v2\/media?parent=3405"}],"curies":[{"name":"wp","href":"https:\/\/api.w.org\/{rel}","templated":true}]}}