{"id":5149,"date":"2020-04-23T01:51:22","date_gmt":"2020-04-22T22:51:22","guid":{"rendered":"https:\/\/www.ircica.org\/naat"},"modified":"2020-04-28T22:45:58","modified_gmt":"2020-04-28T19:45:58","slug":"naat-i-serif","status":"publish","type":"page","link":"https:\/\/www.ircica.org\/tr\/naat-i-serif","title":{"rendered":"Naat-\u0131 \u015eerif"},"content":{"rendered":"<p style=\"text-align: center;\"><a href=\"https:\/\/www.ircica.org\/wp-content\/uploads\/2020\/04\/ircica-naat-1.jpg\" data-rel=\"penci-gallery-image-content\" ><img fetchpriority=\"high\" decoding=\"async\" class=\"aligncenter size-full wp-image-5162\" src=\"https:\/\/www.ircica.org\/wp-content\/uploads\/2020\/04\/ircica-naat-1.jpg\" alt=\"\" width=\"1024\" height=\"394\" srcset=\"https:\/\/www.ircica.org\/wp-content\/uploads\/2020\/04\/ircica-naat-1.jpg 1024w, https:\/\/www.ircica.org\/wp-content\/uploads\/2020\/04\/ircica-naat-1-375x144.jpg 375w, https:\/\/www.ircica.org\/wp-content\/uploads\/2020\/04\/ircica-naat-1-780x300.jpg 780w, https:\/\/www.ircica.org\/wp-content\/uploads\/2020\/04\/ircica-naat-1-768x296.jpg 768w, https:\/\/www.ircica.org\/wp-content\/uploads\/2020\/04\/ircica-naat-1-585x225.jpg 585w\" sizes=\"(max-width: 1024px) 100vw, 1024px\" \/><\/a><\/p>\n<p style=\"text-align: right;\"><strong>\u00a0<\/strong><\/p>\n<p>Bu y\u0131l M\u00fcbarek Ramazan ay\u0131 m\u00fcnasebetiyle ba\u015flatt\u0131\u011f\u0131m\u0131z \u00e7al\u0131\u015fmalardan biri de sayfam\u0131zda Peygamberimiz Hz. Muhammed (SAV) \u015ferefine yaz\u0131lan naatler i\u00e7in \u00f6zel bir b\u00f6l\u00fcm a\u00e7makt\u0131r.<\/p>\n<p>&nbsp;<\/p>\n<p>Naat, Hz. Peygamber\u2019i metheden \u015fiirlerin genel ad\u0131d\u0131r. Bu t\u00fcr\u00fcn \u00f6nc\u00fcleri olan medhiyeler, Hz. Peygamber hen\u00fcz hayattayken Medine\u2019de s\u00f6ylenmi\u015ftir. Asr-\u0131 Saadette Hz. Peygamber i\u00e7in yazd\u0131klar\u0131 medhiyelerle \u00f6ne \u00e7\u0131kan isimler Hass\u00e2n b. S\u00e2bit, K\u00e2\u2018b b. M\u00e2lik, K\u00e2\u2018b b. Z\u00fcheyr ve Abdullah b. Rev\u00e2ha gibi \u015fair sahabelerdir.<\/p>\n<p>&nbsp;<\/p>\n<p>Naat yaz\u0131lmas\u0131n\u0131n ard\u0131nda yatan temel sebep ve motivasyon, Hz. Peygamber\u2019e duyulan sevgi ve O\u2019nun \u015fefaatine nail olma arzusudur. \u0130slam co\u011frafyas\u0131nda Hint Altk\u0131tas\u0131ndan Balkanlar\u2019a kadar as\u0131rlar boyunca O\u2019nu medhetmek i\u00e7in binlerce naat kaleme al\u0131nm\u0131\u015ft\u0131r. Klasik edebiyat sahas\u0131nda hemen her \u015fairin divan\u0131nda Allah\u2019\u0131n birli\u011fini dile getiren tevhid ve Allah\u2019a \u00f6vg\u00fcy\u00fc ve yakar\u0131\u015f\u0131 dile getiren m\u00fcnacattan sonra mutlaka yer verilmesi gereken \u015fiir naat olmu\u015ftur. Farkl\u0131 \u015fiir bi\u00e7imlerinde yaz\u0131labilen naatlerin, di\u011fer kaside ve medhiyelerden ayr\u0131lan y\u00f6n\u00fc tamamen samimi bir kalple yaz\u0131lm\u0131\u015f olmalar\u0131d\u0131r. Bu sebeple etkileyici ve lirik \u015fiirler olan naatlerde \u015fair do\u011frudan Hz. Peygamber\u2019e hitap eder. Bu da naati etkili k\u0131lan bir di\u011fer husustur.<\/p>\n<p>&nbsp;<\/p>\n<p>\u0130slam\u0131n ilk asr\u0131nda te\u015fekk\u00fcl eden ve g\u00fc\u00e7l\u00fc bir gelene\u011fe d\u00f6n\u00fc\u015fen naat s\u00f6yleme, g\u00fcn\u00fcm\u00fcze kadar kesintisiz olarak devam etmi\u015ftir. De\u011fi\u015fen d\u00fcnya ile \u015fairlerin \u015fiir anlay\u0131\u015flar\u0131, d\u00fcnyaya bak\u0131\u015flar\u0131 gibi pek \u00e7ok unsur farkl\u0131la\u015fsa da naatlerde de\u011fi\u015fmeyen \u015fey, O\u2019na duyulan sayg\u0131, h\u00fcrmet ve muhabbettir. Bug\u00fcn M\u00fcsl\u00fcmanlar\u0131n ya\u015fad\u0131\u011f\u0131 co\u011frafyalarda \u015fairler, Hz. Peygamber\u2019e y\u00f6nelerek samimi duygularla naatlerini yazmaya devam etmektedirler.<\/p>\n<p>&nbsp;<\/p>\n<p>D\u00fcnyan\u0131n \u00e7e\u015fitli b\u00f6lgelerinden \u015fairlerin de\u011fi\u015fik dillerde yazd\u0131klar\u0131 ve okuduklar\u0131 naatlerden bir se\u00e7kinin kaydedilece\u011fi bu sitenin, Res\u00fblullah Efendimize sayg\u0131n\u0131n ve hizmetin anlaml\u0131 bir ifadesi olmas\u0131 temennimizdir.<strong><br \/>\n<\/strong><\/p>\n","protected":false},"excerpt":{"rendered":"<p>\u00a0 Bu y\u0131l M\u00fcbarek Ramazan ay\u0131 m\u00fcnasebetiyle ba\u015flatt\u0131\u011f\u0131m\u0131z \u00e7al\u0131\u015fmalardan biri de sayfam\u0131zda Peygamberimiz Hz. Muhammed (SAV) \u015ferefine yaz\u0131lan naatler i\u00e7in \u00f6zel bir b\u00f6l\u00fcm a\u00e7makt\u0131r. &nbsp; Naat, Hz. Peygamber\u2019i metheden \u015fiirlerin&hellip;<\/p>\n","protected":false},"author":1,"featured_media":0,"parent":0,"menu_order":0,"comment_status":"closed","ping_status":"closed","template":"page-vc-sidebar.php","meta":{"_acf_changed":false,"_mi_skip_tracking":false,"footnotes":""},"class_list":["post-5149","page","type-page","status-publish","hentry"],"acf":[],"aioseo_notices":[],"_links":{"self":[{"href":"https:\/\/www.ircica.org\/tr\/wp-json\/wp\/v2\/pages\/5149","targetHints":{"allow":["GET"]}}],"collection":[{"href":"https:\/\/www.ircica.org\/tr\/wp-json\/wp\/v2\/pages"}],"about":[{"href":"https:\/\/www.ircica.org\/tr\/wp-json\/wp\/v2\/types\/page"}],"author":[{"embeddable":true,"href":"https:\/\/www.ircica.org\/tr\/wp-json\/wp\/v2\/users\/1"}],"replies":[{"embeddable":true,"href":"https:\/\/www.ircica.org\/tr\/wp-json\/wp\/v2\/comments?post=5149"}],"version-history":[{"count":0,"href":"https:\/\/www.ircica.org\/tr\/wp-json\/wp\/v2\/pages\/5149\/revisions"}],"wp:attachment":[{"href":"https:\/\/www.ircica.org\/tr\/wp-json\/wp\/v2\/media?parent=5149"}],"curies":[{"name":"wp","href":"https:\/\/api.w.org\/{rel}","templated":true}]}}