{"id":18719,"date":"2023-02-09T10:19:05","date_gmt":"2023-02-09T07:19:05","guid":{"rendered":"https:\/\/www.ircica.org\/publications\/kategorilenmemis\/the-thuluth-naskh-mashqs-by-mehmed-shawqi-exercise-books-of-islamic-calligraphy"},"modified":"2025-07-07T16:41:34","modified_gmt":"2025-07-07T13:41:34","slug":"mehmed-sevki-efendinin-sulus-nesih-hat-meskleri","status":"publish","type":"product","link":"https:\/\/www.ircica.org\/tr\/yayinlar\/sanat-el-sanatlari\/mehmed-sevki-efendinin-sulus-nesih-hat-meskleri","title":{"rendered":"Mehmed \u015eevk\u0131 Efendi\u2019nin S\u00fcl\u00fcs-Nesih Hat Me\u015fkleri"},"content":{"rendered":"<p>IRCICA, Hattat Mehmed \u015eevk\u0131 Efendi&#8217;nin (1829-1887) s\u00fcl\u00fcs-nesih hat me\u015fklerini derledi\u011fi kitab\u0131n g\u00f6zden ge\u00e7irilmi\u015f ve geni\u015fletilmi\u015f \u00fc\u00e7\u00fcnc\u00fc bask\u0131s\u0131n\u0131 yay\u0131nlad\u0131. Kitab\u0131n 1999 tarihli ilk bask\u0131s\u0131 \u0130slam \u0130\u015fbirli\u011fi Te\u015fkilat\u0131&#8217;na ba\u011fl\u0131 \u0130slam K\u00fclt\u00fcr Miras\u0131n\u0131 Koruma Komisyonu&#8217;nun (ICPICH) yay\u0131n\u0131 olarak, ICPICH&#8217;in Sekreteryas\u0131 ve \u0130cra Kurumu g\u00f6revini y\u00fcr\u00fcten IRCICA taraf\u0131ndan haz\u0131rlanm\u0131\u015ft\u0131. \u0130kinci bask\u0131s\u0131 ICPICH&#8217;in 2000&#8217;de IRCICA ile birle\u015ftirilmesinden sonra IRCICA&#8217;n\u0131n sanat serisinde, 2010&#8217;da \u00e7\u0131km\u0131\u015ft\u0131. Hat sanat\u0131n\u0131 \u00f6\u011frenenlerden ve ayn\u0131 zamanda sanatseverlerden b\u00fcy\u00fck ilgi g\u00f6ren kitab\u0131n \u00fc\u00e7\u00fcnc\u00fc bask\u0131s\u0131nda me\u015fklerin t\u0131pk\u0131bas\u0131mlar\u0131yla beraber a\u00e7\u0131klay\u0131c\u0131 bilgiler verilmi\u015f, ba\u015flang\u0131\u00e7 k\u0131sm\u0131nda genel olarak hat \u00f6\u011fretimi, s\u00fcre\u00e7leri ve y\u00f6ntemleri, Mehmed \u015eevk\u0131 Efendi&#8217;nin \u00e7al\u0131\u015fmalar\u0131 ve \u00f6\u011frencileri i\u00e7in haz\u0131rlad\u0131\u011f\u0131 me\u015fkler hakk\u0131nda Prof. M. U\u011fur Derman&#8217;\u0131n bilgilendirici yaz\u0131lar\u0131 yer alm\u0131\u015ft\u0131r.<\/p>\n<p>Mehmed \u015eevk\u0131 hat e\u011fitimini k\u00fc\u00e7\u00fck ya\u015ftan itibaren \u0130stanbul&#8217;da g\u00f6rm\u00fc\u015f, day\u0131s\u0131 Mehmed Hul\u00fbsi Efendi&#8217;den (\u00f6. 1874) s\u00fcl\u00fcs-nesih ve r\u0131k\u00e2&#8217; \u00f6\u011frenerek on iki ya\u015f\u0131ndayken icazet alm\u0131\u015ft\u0131r. \u00c7al\u0131\u015fmalar\u0131n\u0131 s\u00fcrd\u00fcrm\u00fc\u015f, H\u00e2f\u0131z Osman (\u00f6. 1698) ve Mustafa R\u00e2k\u0131m (\u00f6. 1826) gibi m\u00fcstesna hattatlar\u0131n eserlerinden ilhamla &#8220;\u015eevk\u0131 Mektebi&#8221; olarak an\u0131lacak \u00fcsl\u00fbbunu bulmu\u015ftur. Asker\u00ee k\u00e2tiplerin yeti\u015fti\u011fi okulda hocal\u0131k yapm\u0131\u015f, \u00f6\u011frenci gruplar\u0131na \u00f6zel dersler vermi\u015f, ayn\u0131 zamanda Harbiye Nez\u00e2reti Mektub\u00ee Kalemindeki as\u0131l g\u00f6revine devam etmi\u015ftir.<\/p>\n<p>IRCICA&#8217;n\u0131n yay\u0131nlad\u0131\u011f\u0131 bu kitapta Mehmed \u015eevk\u0131&#8217;nin m\u00fcfred\u00e2t (tek tek harflerle \u00e7al\u0131\u015fma) ve m\u00fcrekkeb\u00e2t (harf bile\u015fimleriyle \u00e7al\u0131\u015fma) i\u00e7in me\u015fk\u0131 Topkap\u0131 Saray\u0131 M\u00fczesi K\u00fct\u00fcphanesinde bulunan as\u0131llar\u0131ndan t\u0131pk\u0131bas\u0131mla verilmi\u015f, takip eden k\u0131s\u0131mda Kubbealt\u0131 K\u00fclt\u00fcr ve Sanat Vakf\u0131&#8217;nda, Ekrem Hakk\u0131 Ayverdi koleksiyonunda muhafaza edilen m\u00fcrekkeb\u00e2t ile Elif Kasidesi&#8217;nin t\u0131pk\u0131bas\u0131mlar\u0131 sunulmu\u015ftur. Son b\u00f6l\u00fcmde ise yine Topkap\u0131 Saray\u0131 M\u00fczesi K\u00fct\u00fcphanesindeki asl\u0131ndan t\u0131pk\u0131bas\u0131mla, Mehmed \u015eevk\u0131 Efendi&#8217;nin m\u00fcrekkeb\u00e2t me\u015fk\u0131 olarak tertibine \u00f6nem verdi\u011fi Hilye-i Nebev\u00ee&#8217;nin bu \u015fekilde haz\u0131rlad\u0131\u011f\u0131 bir metni yer almaktad\u0131r. Kitap IRCICA&#8217;dan istenebilir.<\/p>\n","protected":false},"excerpt":{"rendered":"<p>Giri\u015f metinleri: U\u011fur Derman; Haz\u0131rlayan: Said Kas\u0131mo\u011flu;<br \/>\n\u0130stanbul: IRCICA; 2022. \u0130slam K\u00fclt\u00fcr Miras\u0131 Serisi; no. 6, g\u00f6zden ge\u00e7irilmi\u015f ve geni\u015fletilmi\u015f 3.bask\u0131; 70, [2] s., renkli res.; 30 cm.<br \/>\n(T\u00fcrk\u00e7e, Arap\u00e7a, \u0130ngilizce, Frans\u0131zca)<br \/>\nISBN 978-92-9063-404-1<\/p>\n","protected":false},"featured_media":18696,"template":"","meta":{"_acf_changed":false,"_mi_skip_tracking":false},"product_cat":[163],"product_tag":[],"class_list":{"0":"post-18719","1":"product","2":"type-product","3":"status-publish","4":"has-post-thumbnail","6":"product_cat-sanat-el-sanatlari","8":"first","9":"instock","10":"shipping-taxable","11":"product-type-simple"},"acf":[],"aioseo_notices":[],"_links":{"self":[{"href":"https:\/\/www.ircica.org\/tr\/wp-json\/wp\/v2\/product\/18719","targetHints":{"allow":["GET"]}}],"collection":[{"href":"https:\/\/www.ircica.org\/tr\/wp-json\/wp\/v2\/product"}],"about":[{"href":"https:\/\/www.ircica.org\/tr\/wp-json\/wp\/v2\/types\/product"}],"wp:featuredmedia":[{"embeddable":true,"href":"https:\/\/www.ircica.org\/tr\/wp-json\/wp\/v2\/media\/18696"}],"wp:attachment":[{"href":"https:\/\/www.ircica.org\/tr\/wp-json\/wp\/v2\/media?parent=18719"}],"wp:term":[{"taxonomy":"product_cat","embeddable":true,"href":"https:\/\/www.ircica.org\/tr\/wp-json\/wp\/v2\/product_cat?post=18719"},{"taxonomy":"product_tag","embeddable":true,"href":"https:\/\/www.ircica.org\/tr\/wp-json\/wp\/v2\/product_tag?post=18719"}],"curies":[{"name":"wp","href":"https:\/\/api.w.org\/{rel}","templated":true}]}}