{"id":18890,"date":"2023-02-24T17:02:45","date_gmt":"2023-02-24T14:02:45","guid":{"rendered":"https:\/\/www.ircica.org\/publications\/kategorilenmemis\/guzel-sanatlar-akademisi-hat-koleksiyonu-the-academy-of-fine-arts-collection-of-calligraphy"},"modified":"2025-07-07T16:41:35","modified_gmt":"2025-07-07T13:41:35","slug":"guzel-sanatlar-akademisi-hat-koleksiyonu-the-academy-of-fine-arts-collection-of-calligraphy","status":"publish","type":"product","link":"https:\/\/www.ircica.org\/tr\/yayinlar\/sanat-el-sanatlari\/guzel-sanatlar-akademisi-hat-koleksiyonu-the-academy-of-fine-arts-collection-of-calligraphy","title":{"rendered":"G\u00fczel Sanatlar Akademisi Hat Koleksiyonu &#8211; The Academy of Fine Arts Collection of Calligraphy"},"content":{"rendered":"<p>Mimar Sinan G\u00fczel Sanatlar \u00dcniversitesi&#8217;nin \u00f6zg\u00fcn eserlerden olu\u015fan de\u011ferli hat sanat\u0131 koleksiyonu, Nisan 2022&#8217;de bir se\u00e7kisinin sergilenmesinden sonra bu alb\u00fcmle ilk defa kal\u0131c\u0131 olarak sanatseverlerle bulu\u015fmaktad\u0131r. Koleksiyonda \u00dcniversitenin, \u00f6nceki ad\u0131yla G\u00fczel Sanatlar Akademisi&#8217;nin, T\u00fcrk Tezy\u00een\u00ee Sanatlar \u015eubesi&#8217;nde 20. y\u00fczy\u0131l\u0131n ilk yar\u0131s\u0131 ve ortalar\u0131nda ders veren bir grup tan\u0131nm\u0131\u015f sanatk\u00e2r\u0131n eserleri bulunmaktad\u0131r. Bu \u015fube, 1915&#8217;te Medreset\u00fc&#8217;l-Hatt\u00e2tt\u00een ad\u0131yla kurulan ve daha sonra \u015eark Tezy\u00een\u00ee Sanatlar Mektebi ad\u0131n\u0131 alan kurumun 1936&#8217;da ayn\u0131 hoca kadrosuyla G\u00fczel Sanatlar Akademisi&#8217;ne ba\u011flanmas\u0131yla faaliyete ge\u00e7mi\u015ftir. Hocalar\u0131n\u0131n bir k\u0131sm\u0131n\u0131n bir s\u00fcre sonra zorunlu emeklilik ya\u015f\u0131na ermeleri, ancak kadrolu stat\u00fcde olmamalar\u0131ndan dolay\u0131 emekli maa\u015f\u0131na hak kazanmamalar\u0131 sebebiyle, ge\u00e7imlerine yard\u0131m amac\u0131yla bir sistem kurulmu\u015f, her ay bir eser vermeleri kar\u015f\u0131l\u0131\u011f\u0131nda kendilerine \u00fccret \u00f6denmi\u015ftir. Neticede Akademi&#8217;nin uhdesinde k\u0131ymetli bir koleksiyon meydana gelmi\u015ftir. Burada ders veren ve\/veya bu sistemde kapsanan, hat ve tezhip sanatlar\u0131n\u0131n \u00f6nde gelen isimlerinden K\u00e2mil Akdik (\u00f6. 1941), Nuri Korman (\u00f6. 1951), Necmeddin Okyay (\u00f6. 1976), \u0130smail Hakk\u0131 Altunbezer (\u00f6. 1946), Macid Ayral (\u00f6. 1961), Mustafa Halim \u00d6zyaz\u0131c\u0131 (\u00f6. 1964), Emin Bar\u0131n (\u00f6. 1987), Rikkat Kunt (\u00f6. 1986), ve Muhsin Demironat&#8217;\u0131n (\u00f6. 1983), ve Medrese&#8217;nin kurulmas\u0131ndan \u00f6nceki d\u00f6nemde bu hocalar\u0131n bir\u00e7o\u011funu yeti\u015ftirmi\u015f olan S\u00e2mi Efendi&#8217;nin (\u00f6. 1912) eserlerini ihtiva etmektedir.<\/p>\n<p>Prof. M. U\u011fur Derman taraf\u0131ndan yaz\u0131lan giri\u015f metinleri bu e\u011fitim kurumlar\u0131n\u0131n tarihini, sanatk\u00e2rlar\u0131n hayatlar\u0131n\u0131 ve \u00e7al\u0131\u015fmalar\u0131n\u0131, hat sanat\u0131n\u0131n geli\u015fmesinin tarihini ve farkl\u0131 yaz\u0131 t\u00fcrlerini anlatmaktad\u0131r. Eserlerin kopyalar\u0131na, hat ve tezhip sanatk\u00e2rlar\u0131n\u0131n isimleri, yaz\u0131l\u0131\u015f tarihi, yaz\u0131n\u0131n t\u00fcr\u00fc, kullan\u0131lan ka\u011f\u0131tlar ve s\u00fcslemeler \u00fczerine bilgiler eklenmi\u015f; Kur&#8217;an-\u0131 Kerim&#8217;den ayetler, Hadis, manzume ve \u00f6zl\u00fc s\u00f6zler olmak \u00fczere metinlerinin Arap\u00e7a, Fars\u00e7a ve Osmanl\u0131 T\u00fcrk\u00e7esindeki as\u0131llar\u0131ndan \u0130ngilizce ve T\u00fcrk\u00e7eye a\u00e7\u0131klama ama\u00e7l\u0131 terc\u00fcmeleri verilmi\u015ftir. MSGS\u00dc Rekt\u00f6r\u00fc Prof. Dr. Handan \u0130nci&#8217;nin Sunu\u015f ve IRCICA Genel Direkt\u00f6r\u00fc Prof. Dr. Mahmud Erol K\u0131l\u0131\u00e7&#8217;\u0131n \u00d6ns\u00f6z&#8217;lerinde \u00dcniversite ile Merkezin bu ortak yay\u0131n \u00e7er\u00e7evesindeki haz\u0131rl\u0131klar\u0131 ve i\u015fbirli\u011fi \u00f6zetlenmi\u015ftir.<\/p>\n<p>Tan\u0131t\u0131lan koleksiyonun \u00f6zellikleri ve metinlerde verilen zengin bilgiler g\u00f6z \u00f6n\u00fcne al\u0131nd\u0131\u011f\u0131nda bu alb\u00fcm\u00fcn \u0130slam hat sanat\u0131 \u00fczerine de\u011ferli bir kaynak te\u015fkil edece\u011fi d\u00fc\u015f\u00fcn\u00fclmektedir.<\/p>\n","protected":false},"excerpt":{"rendered":"<p>Haz\u0131rlayan: M. U\u011fur Derman, \u00c7eviren: Irvin Cemil Schick, Zeynep Durukal.<br \/>\n\u0130slam k\u00fclt\u00fcr miras\u0131 serisi no. 4, IRCICA ve MSGS\u00dc (Mimar Sinan G\u00fczel Sanatlar \u00dcniversitesi).<br \/>\n\u0130stanbul, 2023. xxix, 298 s., 28 cm., renkli res.<br \/>\n(\u0130ngilizce ve T\u00fcrk\u00e7e)<\/p>\n","protected":false},"featured_media":18875,"template":"","meta":{"_acf_changed":false,"_mi_skip_tracking":false},"product_cat":[163],"product_tag":[],"class_list":{"0":"post-18890","1":"product","2":"type-product","3":"status-publish","4":"has-post-thumbnail","6":"product_cat-sanat-el-sanatlari","8":"first","9":"instock","10":"shipping-taxable","11":"product-type-simple"},"acf":[],"aioseo_notices":[],"_links":{"self":[{"href":"https:\/\/www.ircica.org\/tr\/wp-json\/wp\/v2\/product\/18890","targetHints":{"allow":["GET"]}}],"collection":[{"href":"https:\/\/www.ircica.org\/tr\/wp-json\/wp\/v2\/product"}],"about":[{"href":"https:\/\/www.ircica.org\/tr\/wp-json\/wp\/v2\/types\/product"}],"wp:featuredmedia":[{"embeddable":true,"href":"https:\/\/www.ircica.org\/tr\/wp-json\/wp\/v2\/media\/18875"}],"wp:attachment":[{"href":"https:\/\/www.ircica.org\/tr\/wp-json\/wp\/v2\/media?parent=18890"}],"wp:term":[{"taxonomy":"product_cat","embeddable":true,"href":"https:\/\/www.ircica.org\/tr\/wp-json\/wp\/v2\/product_cat?post=18890"},{"taxonomy":"product_tag","embeddable":true,"href":"https:\/\/www.ircica.org\/tr\/wp-json\/wp\/v2\/product_tag?post=18890"}],"curies":[{"name":"wp","href":"https:\/\/api.w.org\/{rel}","templated":true}]}}