{"id":23808,"date":"2018-04-23T13:19:27","date_gmt":"2018-04-23T10:19:27","guid":{"rendered":"https:\/\/www.ircica.org\/publications\/kategorilenmemis\/proceedings-of-the-international-symposium-on-konya-in-islamic-civilisation"},"modified":"2025-07-07T16:42:49","modified_gmt":"2025-07-07T13:42:49","slug":"proceedings-of-the-international-symposium-on-konya-in-islamic-civilisation","status":"publish","type":"product","link":"https:\/\/www.ircica.org\/tr\/yayinlar\/islam-medeniyeti-tarihi\/asya\/orta-dogu-ve-akdeniz\/uluslararasi-islam-medeniyetinde-konya-sempozyumu-bildirileri","title":{"rendered":"Uluslararas\u0131 \u0130slam Medeniyetinde Konya Sempozyumu Bildirileri"},"content":{"rendered":"<p>\u0130slam Medeniyetinde Konya uluslararas\u0131 sempozyumu, \u0130slam \u0130\u015fbirli\u011fi Te\u015fkilat\u0131&#8217;n\u0131n &#8220;\u0130slam D\u00fcnyas\u0131 Turizm Ba\u015fkenti 2016 Konya&#8221; program\u0131 kapsam\u0131nda IRCICA, Konya Ticaret Odas\u0131 Karatay \u00dcniversitesi ve Konya B\u00fcy\u00fck\u015fehir Belediyesi taraf\u0131ndan 17-19 Aral\u0131k 2016\u2019da ger\u00e7ekle\u015ftirildi. Sempozyumun a\u00e7\u0131l\u0131\u015f tarihi, Mevlana Celaleddin Rumi&#8217;nin \u015eeb-i Arus kutlamalar\u0131na denk gelmekteydi. \u0130slam \u0130\u015fbirli\u011fi Te\u015fkilat\u0131 \u00dcye Devletlerinin 2016 y\u0131l\u0131 \u0130slam D\u00fcnyas\u0131 Turizm Ba\u015fkenti olarak Konya&#8217;y\u0131 se\u00e7me karar\u0131, \u0130slam \u00dclkeleri Turizm Bakanlar\u0131 Konferans\u0131&#8217;n\u0131n 8. oturumunda (Banjul, Gambiya, 2013) tan\u0131mlanm\u0131\u015f olan se\u00e7im kriterleri uyar\u0131nca, \u0130\u0130T Ekonomik ve Ticari \u0130\u015fbirli\u011fi Daimi Komitesi&#8217;nin (\u0130SEDAK) 4. Turizm Koordinasyon Komitesi Toplant\u0131s\u0131nda (Jakarta, Endonezya, 2014) al\u0131nm\u0131\u015ft\u0131. Sel\u00e7uklu Devleti&#8217;nin ba\u015fkenti olarak tan\u0131nan ve \u00f6nemli bir k\u00fclt\u00fcr ve medeniyet merkezi olan Konya, Mevlana Celaleddin el-Rumi, Sadreddin el-Konevi, \u015eems-i Tebrizi, Sahib Ata, Celaleddin Karatay, Hac\u0131veyiszade Mustafa Sabri Efendi gibi \u00f6nemli \u015fahsiyetlerin mek\u00e2n\u0131 olman\u0131n yan\u0131 s\u0131ra bir\u00e7ok tarih\u00ee medrese, e\u011fitim kurumlar\u0131 ve k\u00fclt\u00fcr kurulu\u015flar\u0131n\u0131 bar\u0131nd\u0131rmaktad\u0131r.<\/p>\n<p>Sempozyuma Arnavutluk, Azerbaycan, Birle\u015fik Arap Emirlikleri, Hindistan, \u0130ran, \u00dcrd\u00fcn, Oman, Rusya, Tacikistan, T\u00fcrkiye ve olmak \u00fczere 10 \u00fclkeden akademisyen ve ara\u015ft\u0131rmac\u0131lar kat\u0131lm\u0131\u015ft\u0131r. Akademik oturumlarda bir k\u00fclt\u00fcr turizmi merkezi olarak Konya&#8217;n\u0131n \u00e7e\u015fitli y\u00f6nleri incelenmi\u015f ve vurgulanm\u0131\u015f, \u00f6zellikle Konya&#8217;n\u0131n \u0130slam tarihindeki rol\u00fc, katk\u0131lar\u0131 ve \u00f6nemi, Sel\u00e7uklu, Osmanl\u0131 ve g\u00fcn\u00fcm\u00fcz d\u00f6nemlerindeki \u0130slam tarihi boyunca ya\u015fad\u0131\u011f\u0131 k\u00fclt\u00fcrel ve ilm\u00ee geli\u015fmeler ortaya konmu\u015f; se\u00e7kin din alimlerine, e\u011fitim kurumlar\u0131na, sosyal, sanatsal ve edeb\u00ee geli\u015fmelerine, kent ve mimari miras\u0131na de\u011finilmi\u015f; Konya&#8217;n\u0131n ilm\u00ee-mistik atmosferinden kaynaklanan ho\u015fg\u00f6r\u00fc, ku\u015fat\u0131c\u0131l\u0131k ve merhamet simgelerini ta\u015f\u0131yan bir d\u00fcnya kenti oldu\u011fu belirtilmi\u015ftir. Kitapta yirmi makale yer almaktad\u0131r.<\/p>\n","protected":false},"excerpt":{"rendered":"<p>Aral\u0131k 2016, Konya<br \/>\n441+57 s.<br \/>\nIRCICA, \u0130stanbul, 2018<\/p>\n","protected":false},"featured_media":23795,"template":"","meta":{"_acf_changed":false,"_mi_skip_tracking":false},"product_cat":[165,192],"product_tag":[],"class_list":{"0":"post-23808","1":"product","2":"type-product","3":"status-publish","4":"has-post-thumbnail","6":"product_cat-islam-medeniyeti-tarihi","7":"product_cat-orta-dogu-ve-akdeniz","9":"first","10":"instock","11":"shipping-taxable","12":"product-type-simple"},"acf":[],"aioseo_notices":[],"_links":{"self":[{"href":"https:\/\/www.ircica.org\/tr\/wp-json\/wp\/v2\/product\/23808","targetHints":{"allow":["GET"]}}],"collection":[{"href":"https:\/\/www.ircica.org\/tr\/wp-json\/wp\/v2\/product"}],"about":[{"href":"https:\/\/www.ircica.org\/tr\/wp-json\/wp\/v2\/types\/product"}],"wp:featuredmedia":[{"embeddable":true,"href":"https:\/\/www.ircica.org\/tr\/wp-json\/wp\/v2\/media\/23795"}],"wp:attachment":[{"href":"https:\/\/www.ircica.org\/tr\/wp-json\/wp\/v2\/media?parent=23808"}],"wp:term":[{"taxonomy":"product_cat","embeddable":true,"href":"https:\/\/www.ircica.org\/tr\/wp-json\/wp\/v2\/product_cat?post=23808"},{"taxonomy":"product_tag","embeddable":true,"href":"https:\/\/www.ircica.org\/tr\/wp-json\/wp\/v2\/product_tag?post=23808"}],"curies":[{"name":"wp","href":"https:\/\/api.w.org\/{rel}","templated":true}]}}