{"id":23995,"date":"2024-01-29T13:46:57","date_gmt":"2024-01-29T10:46:57","guid":{"rendered":"https:\/\/www.ircica.org\/publications\/kategorilenmemis\/1876-1954-konya-fotograflari-kulliyati-photographic-compendium"},"modified":"2025-07-07T16:42:51","modified_gmt":"2025-07-07T13:42:51","slug":"1876-1954-konya-fotograflari-kulliyati-photographic-compendium","status":"publish","type":"product","link":"https:\/\/www.ircica.org\/tr\/yayinlar\/tarihi-fotograflar\/1876-1954-konya-fotograflari-kulliyati-photographic-compendium","title":{"rendered":"1876 -1954 Konya Foto\u011fraflar\u0131 K\u00fclliyat\u0131. Photographic Compendium"},"content":{"rendered":"<p>Konya&#8217;n\u0131n tarih\u00ee foto\u011fraflar\u0131ndan olu\u015fan bu geni\u015f kapsaml\u0131 alb\u00fcm, IRCICA\u2019n\u0131n ve Konya B\u00fcy\u00fck\u015fehir Belediyesi&#8217;nin ortak bir projesinin \u00fcr\u00fcn\u00fc olup IRCICA ar\u015fivlerinde ve Belediye\u2019nin koleksiyonlar\u0131nda bulunan Konya foto\u011fraflar\u0131n\u0131 bir araya getirerek nesiller boyu ba\u015fvuru kayna\u011f\u0131 olacak bir eser meydana getirmek amac\u0131yla haz\u0131rlanm\u0131\u015ft\u0131r. Alb\u00fcmdeki, genel olarak 19. y\u00fczy\u0131l\u0131n son \u00e7eyre\u011fi ile 20. y\u00fczy\u0131l\u0131n ilk yar\u0131s\u0131na tarihlenen foto\u011fraflar, Sel\u00e7uklu ve Osmanl\u0131 d\u00f6nemlerinden ve daha \u00f6ncesinden kalan k\u00fclt\u00fcrel miras unsurlar\u0131n\u0131; an\u0131tlar\u0131, altyap\u0131 tesislerini, sokaklar\u0131, sosyal ya\u015fam\u0131, ekonomik faaliyetleri g\u00f6stermektedir. Her foto\u011fraf i\u00e7in verilen kapsaml\u0131 a\u00e7\u0131klamalarda ayr\u0131nt\u0131l\u0131 tarihsel bilgiler yer almaktad\u0131r. Ayr\u0131ca Konya&#8217;da foto\u011fraf\u00e7\u0131l\u0131\u011f\u0131n tarihi ve foto\u011fraf\u00e7\u0131lar hakk\u0131nda da geni\u015f bilgiler verilmektedir.<\/p>\n<p>Anadolu&#8217;nun merkezinde yer alan Konya, tarihin her d\u00f6neminde b\u00f6lgesinin \u00f6nde gelen bir y\u00f6netim ve k\u00fclt\u00fcr merkezi olmu\u015ftur. Konya&#8217;n\u0131n en parlak d\u00f6nemlerinden biri 11. y\u00fczy\u0131lda Sel\u00e7uklu Devleti\u2019nin ba\u015fkenti olmas\u0131yla ba\u015flam\u0131\u015ft\u0131r. Camiler, kurumlar ve altyap\u0131 tesisleriyle donat\u0131lm\u0131\u015f; ekonomik faaliyetleri geli\u015fmi\u015f, Mevlana Celaleddin Rum\u00ee ve Konya ile ba\u011flant\u0131l\u0131 bir\u00e7ok ba\u015fka \u00f6nemli tasavvuf alimlerinin varl\u0131\u011f\u0131 sayesinde t\u00fcm d\u00fcnyada bir ilim merkezi olarak tan\u0131nm\u0131\u015ft\u0131r. Sel\u00e7uklu Devleti&#8217;nin da\u011f\u0131lmas\u0131n\u0131n ard\u0131ndan Konya 15. y\u00fczy\u0131lda Karaman Beyli\u011fi&#8217;nin ba\u015fkenti olmu\u015f, daha sonra Osmanl\u0131 d\u00f6neminde de s\u0131na\u00ee imalat ve ticaret merkezi olarak \u00f6nemini korumu\u015ftur. T\u00fcrkiye Cumhuriyeti d\u00f6neminde de Konya \u00f6nemli bir \u00fcretim, ticaret ve k\u00fclt\u00fcr\/din turizmi merkezi olma vasf\u0131n\u0131 s\u00fcrd\u00fcrm\u00fc\u015ft\u00fcr. IRCICA\u2019n\u0131n Konya ile ilgili \u00e7al\u0131\u015fmalar\u0131, \u015fehrin \u0130slam \u0130\u015fbirli\u011fi Te\u015fkilat\u0131 \u00dcye Devletleri Turizm Bakanlar\u0131 Konferans\u0131 taraf\u0131ndan 2016\u2019da \u0130slam D\u00fcnyas\u0131 Turizm Ba\u015fkenti olarak ilan edilmesiyle ba\u015flam\u0131\u015f, ayn\u0131 y\u0131l Konya Karatay \u00dcniversitesi ve Konya B\u00fcy\u00fck\u015fehir Belediyesi ile i\u015fbirli\u011fi i\u00e7inde d\u00fczenledi\u011fi \u201c\u0130slam Medeniyetinde Konya\u201d uluslararas\u0131 sempozyumu, bu sempozyumun bildiriler kitab\u0131n\u0131n yay\u0131nlanmas\u0131, ve bu alb\u00fcm ile devam etmi\u015ftir.<\/p>\n<p>Osmanl\u0131 Devleti&#8217;nde foto\u011fraf\u0131n ortaya \u00e7\u0131k\u0131\u015f\u0131ndan itibaren \u00e7ok say\u0131da foto\u011fraf\u00e7\u0131, seyyah ve\/veya arkeolog Konya&#8217;y\u0131 ziyaret etmi\u015f veya buraya yerle\u015fmi\u015ftir. Alb\u00fcmde 600&#8217;den fazla foto\u011fraf, \u0130ngilizce ve T\u00fcrk\u00e7e a\u00e7\u0131klamalarla birlikte yer almaktad\u0131r. Alb\u00fcmde 600&#8217;den fazla foto\u011fraf, \u0130ngilizce ve T\u00fcrk\u00e7e a\u00e7\u0131klamalarla birlikte verilmi\u015ftir. Giri\u015f b\u00f6l\u00fcm\u00fcn\u00fc, Sultan II. Abd\u00fclhamid ve Y\u0131ld\u0131z Foto\u011fraf Alb\u00fcmleri, K\u00fclliyat ve Konya B\u00fcy\u00fck\u015fehir Belediyesi koleksiyonlar\u0131, ve alb\u00fcmde yer alan foto\u011fraf\u00e7\u0131lar hakk\u0131ndaki b\u00f6l\u00fcmler takip etmektedir. Daha sonra foto\u011fraflar ve a\u00e7\u0131klamalar\u0131 \u00f6zetle, \u015fu \u015fekilde\u00a0 grupland\u0131r\u0131lm\u0131\u015ft\u0131r: Genel G\u00f6r\u00fcn\u00fcmler ve Panoramalar; An\u0131tlar ve Eski Eserler; Medreseler; Camiler; Tekke ve Zaviyeler; T\u00fcrbeler ve Mezar Ta\u015flar\u0131; Hanlar; Hamamlar; \u00c7e\u015fmeler ve Kuyular; K\u00fct\u00fcphaneler; Kamu Yap\u0131lar\u0131; Okullar; M\u00fczeler ve Eski Eserler; Demiryollar\u0131 ve Tren \u0130stasyonlar\u0131; Ticaret, Fabrikalar; T\u00f6renler; Sosyal Hayat; Kar ve Sel; K\u0131yafetler; K\u00f6\u015fkler ve Evler; Park ve Bah\u00e7eler; \u00c7e\u015fitli Foto\u011fraflar; Sokaklar, Yollar ve K\u00f6pr\u00fcler; K\u00f6yler; \u015eah\u0131slar.<\/p>\n","protected":false},"excerpt":{"rendered":"<p>IRCICA ve Konya B\u00fcy\u00fck\u015fehir Belediyesi, Konya, 2024<br \/>\n2 cilt<br \/>\n(\u0130ngilizce ve T\u00fcrk\u00e7e)<\/p>\n","protected":false},"featured_media":23934,"template":"","meta":{"_acf_changed":false,"_mi_skip_tracking":false},"product_cat":[157],"product_tag":[],"class_list":{"0":"post-23995","1":"product","2":"type-product","3":"status-publish","4":"has-post-thumbnail","6":"product_cat-tarihi-fotograflar","8":"first","9":"instock","10":"shipping-taxable","11":"product-type-simple"},"acf":[],"aioseo_notices":[],"_links":{"self":[{"href":"https:\/\/www.ircica.org\/tr\/wp-json\/wp\/v2\/product\/23995","targetHints":{"allow":["GET"]}}],"collection":[{"href":"https:\/\/www.ircica.org\/tr\/wp-json\/wp\/v2\/product"}],"about":[{"href":"https:\/\/www.ircica.org\/tr\/wp-json\/wp\/v2\/types\/product"}],"wp:featuredmedia":[{"embeddable":true,"href":"https:\/\/www.ircica.org\/tr\/wp-json\/wp\/v2\/media\/23934"}],"wp:attachment":[{"href":"https:\/\/www.ircica.org\/tr\/wp-json\/wp\/v2\/media?parent=23995"}],"wp:term":[{"taxonomy":"product_cat","embeddable":true,"href":"https:\/\/www.ircica.org\/tr\/wp-json\/wp\/v2\/product_cat?post=23995"},{"taxonomy":"product_tag","embeddable":true,"href":"https:\/\/www.ircica.org\/tr\/wp-json\/wp\/v2\/product_tag?post=23995"}],"curies":[{"name":"wp","href":"https:\/\/api.w.org\/{rel}","templated":true}]}}