{"id":25351,"date":"2003-08-24T00:00:00","date_gmt":"2003-08-23T21:00:00","guid":{"rendered":"https:\/\/www.ircica.org\/publications\/kategorilenmemis\/islamic-monuments-of-cairo-in-the-ottoman-period"},"modified":"2025-07-07T16:43:20","modified_gmt":"2025-07-07T13:43:20","slug":"islamic-monuments-of-cairo-in-the-ottoman-period","status":"publish","type":"product","link":"https:\/\/www.ircica.org\/tr\/yayinlar\/kultur-ve-mimari-mirasi\/kahirede-osmanli-donemi-islam-abideleri","title":{"rendered":"Kahire\u2019de Osmanl\u0131 D\u00f6nemi \u0130slam Abideleri"},"content":{"rendered":"<p>IRCICA&#8217;n\u0131n Kahire\u2019de Osmanl\u0131 D\u00f6nemi \u0130slam Abideleri ba\u015fl\u0131kl\u0131 kapsaml\u0131 eseri M\u0131s\u0131r&#8217;da Osmanl\u0131 d\u00f6neminde (1517-1914) in\u015fa edilmi\u015f mimari eserleri \u00e7e\u015fitli a\u00e7\u0131lardan incelemekte ve tan\u0131tmaktad\u0131r.<\/p>\n<p><strong>1. Kitap: Camiler, Medreseler ve Tekkeler, IRCICA, \u0130stanbul, 2003<br \/>\n<\/strong>Bu kitapta Osmanl\u0131&#8217;n\u0131n M\u0131s\u0131r&#8217;\u0131 fethinden (1517) 1805&#8217;te Mehmed Ali Pa\u015fa y\u00f6netiminin ba\u015flang\u0131c\u0131na kadar ge\u00e7en d\u00f6nemde in\u015fa edilmi\u015f 141 cami, medrese, zaviye ve tekke kapsanm\u0131\u015ft\u0131r. Her bir yap\u0131yla ilgili b\u00f6l\u00fcmler kronolojik s\u0131rayla verilmi\u015f olup her birinin resm\u00ee tescil numaras\u0131, yap\u0131m tarihi, banisi, konumunun tan\u0131m\u0131 kaydedilmi\u015ftir.<\/p>\n<p><strong>2.Kitap: \u00c7e\u015fmeler, Okullar ve Sulama Yerleri, IRCICA, \u0130stanbul, 2011<\/strong><br \/>\n\u0130ki ciltten olu\u015fan ikinci kitap, Osmanl\u0131 d\u00f6neminde M\u0131s\u0131r&#8217;da yayg\u0131n olan di\u011fer yap\u0131 t\u00fcrlerine odaklanmaktad\u0131r: sebiller, ilkokullar ve hayvan sulama yerleri (yalaklar). Kitapta 16. y\u00fczy\u0131l\u0131n ba\u015f\u0131ndan 20. y\u00fczy\u0131la kadar olan d\u00f6nemde in\u015fa edilmi\u015f 474 yap\u0131 yer almaktad\u0131r. Her yap\u0131 i\u00e7in ayr\u0131nt\u0131l\u0131 bir a\u00e7\u0131klama, detayl\u0131 haritalarla yerinin tarifi, banisi ve ba\u011fl\u0131 oldu\u011fu merci, korunma durumu ve yap\u0131lm\u0131\u015f ise restorasyonlar\u0131 \u00fczerine bilgiler verilmi\u015ftir. Bay\u0131nd\u0131rl\u0131k i\u015flerinin bir unsuru olan sebilin yan\u0131nda genellikle bir ilkokul (k\u00fcttab) mevcuttu. Bu yap\u0131n\u0131n tamam\u0131 daha b\u00fcy\u00fck bir yap\u0131ya (cami, han vb.) ba\u011fl\u0131 olabilece\u011fi gibi ba\u011f\u0131ms\u0131z da olabiliyordu. Binalar\u0131n aralar\u0131ndan ge\u00e7en sulama kanallar\u0131 da bay\u0131nd\u0131rl\u0131k i\u015flerinin bir par\u00e7as\u0131yd\u0131 ve hayvanlar i\u00e7in su sa\u011fl\u0131yordu. Su, yeralt\u0131 sarn\u0131\u00e7lar\u0131n\u0131 doldurmak \u00fczere Nil&#8217;den ta\u015f\u0131n\u0131yordu.<\/p>\n<p>Bu eseri haz\u0131rlayan Mohamed Abul Amayem, Kahire&#8217;nin mimari tarihi konusunda se\u00e7kin bir uzmand\u0131r. Kahire&#8217;deki M\u0131s\u0131r Tarih\u00ee Eserler Te\u015fkilat\u0131nda, Frans\u0131z \u015eark Arkeolojisi Enstit\u00fcs\u00fc&#8217;nde ve daha sonra IRCICA&#8217;da g\u00f6rev yapm\u0131\u015ft\u0131r.<\/p>\n","protected":false},"excerpt":{"rendered":"<p>Set, Yazar: Mohamed Abul Amayem<br \/>\nIRCICA, \u0130stanbul, 1. Kitap: 2003, 2. Kitap: 2011<br \/>\nMetin: Arap\u00e7a, \u00d6ns\u00f6z: \u0130ngilizce ve T\u00fcrk\u00e7e<\/p>\n","protected":false},"featured_media":25344,"template":"","meta":{"_acf_changed":false,"_mi_skip_tracking":false},"product_cat":[174],"product_tag":[],"class_list":{"0":"post-25351","1":"product","2":"type-product","3":"status-publish","4":"has-post-thumbnail","6":"product_cat-kultur-ve-mimari-mirasi","8":"first","9":"instock","10":"shipping-taxable","11":"product-type-simple"},"acf":[],"aioseo_notices":[],"_links":{"self":[{"href":"https:\/\/www.ircica.org\/tr\/wp-json\/wp\/v2\/product\/25351","targetHints":{"allow":["GET"]}}],"collection":[{"href":"https:\/\/www.ircica.org\/tr\/wp-json\/wp\/v2\/product"}],"about":[{"href":"https:\/\/www.ircica.org\/tr\/wp-json\/wp\/v2\/types\/product"}],"wp:featuredmedia":[{"embeddable":true,"href":"https:\/\/www.ircica.org\/tr\/wp-json\/wp\/v2\/media\/25344"}],"wp:attachment":[{"href":"https:\/\/www.ircica.org\/tr\/wp-json\/wp\/v2\/media?parent=25351"}],"wp:term":[{"taxonomy":"product_cat","embeddable":true,"href":"https:\/\/www.ircica.org\/tr\/wp-json\/wp\/v2\/product_cat?post=25351"},{"taxonomy":"product_tag","embeddable":true,"href":"https:\/\/www.ircica.org\/tr\/wp-json\/wp\/v2\/product_tag?post=25351"}],"curies":[{"name":"wp","href":"https:\/\/api.w.org\/{rel}","templated":true}]}}