{"id":25798,"date":"2005-12-26T00:00:00","date_gmt":"2005-12-25T22:00:00","guid":{"rendered":"https:\/\/www.ircica.org\/publications\/kategorilenmemis\/%d8%a7%d9%84%d8%a8%d9%86%d9%8a%d8%a9-%d8%a7%d9%84%d8%a7%d9%82%d8%aa%d8%b5%d8%a7%d8%af%d9%8a%d8%a9-%d9%88%d8%a7%d9%84%d8%a7%d8%ac%d8%aa%d9%85%d8%a7%d8%b9%d9%8a%d8%a9-%d9%84%d9%85%d8%af%d9%8a%d9%86"},"modified":"2025-07-07T16:43:32","modified_gmt":"2025-07-07T13:43:32","slug":"%d8%a7%d9%84%d8%a8%d9%86%d9%8a%d8%a9-%d8%a7%d9%84%d8%a7%d9%82%d8%aa%d8%b5%d8%a7%d8%af%d9%8a%d8%a9-%d9%88%d8%a7%d9%84%d8%a7%d8%ac%d8%aa%d9%85%d8%a7%d8%b9%d9%8a%d8%a9-%d9%84%d9%85%d8%af%d9%8a%d9%86","status":"publish","type":"product","link":"https:\/\/www.ircica.org\/tr\/yayinlar\/islam-medeniyeti-tarihi\/asya\/orta-dogu-ve-akdeniz\/sam-sehrinin-xvii-asirda-sosyal-ve-ekonomik-yapisi","title":{"rendered":"\u015eam \u015eehrinin XVII. As\u0131rda Sosyal ve Ekonomik Yap\u0131s\u0131"},"content":{"rendered":"<p>Osmanl\u0131 Devleti&#8217;nin vergi kay\u0131tlar\u0131, b\u00f6lgelerin demografik yap\u0131lar\u0131n\u0131 ve b\u00f6lge sakinlerinin mali, sosyal ve mesleki durumlar\u0131n\u0131 yans\u0131tan de\u011ferli bilgi kaynaklar\u0131d\u0131r. IRCICA taraf\u0131ndan yay\u0131nlanan bu \u00e7al\u0131\u015fmada, tan\u0131nm\u0131\u015f Osmanl\u0131 ekonomi ve maliye tarih\u00e7isi Prof. Halil Sahillio\u011flu (\u00f6. 2012) 17. Y\u00fczy\u0131la ait 1977 no&#8217;lu \u00e2v\u00e2r\u0131z defterinde kay\u0131tl\u0131 verileri inceleyerek o d\u00f6nemde halk\u0131n ekonomik ve sosyal profilini yorumlamaktad\u0131r. \u00c2v\u00e2r\u0131z vergisi genellikle sava\u015f gibi ola\u011fan\u00fcst\u00fc durumlarda hane baz\u0131nda al\u0131n\u0131rd\u0131.<\/p>\n<p>Prof. Halil Sahillio\u011flu Osmanl\u0131 d\u00f6nemi mali y\u00f6netim ve para politikalar\u0131 tarihine ili\u015fkin bilgilere b\u00fcy\u00fck katk\u0131larda bulunmu\u015f; m\u00fckemmel Arap\u00e7a ve Osmanl\u0131 T\u00fcrk\u00e7esi bilgisiyle yeni bulgular ihtiva eden bir\u00e7ok kitap yazm\u0131\u015f; ayn\u0131 zamanda m\u00fctevaz\u0131 bir bilim adam\u0131 ve bilgisini c\u00f6mert\u00e7e aktaran bir hoca idi. IRCICA\u2019n\u0131n sempozyumlar\u0131nda da de\u011ferli bildiriler sunmu\u015ftur.<\/p>\n","protected":false},"excerpt":{"rendered":"<p><strong>(1977 Numaral\u0131 Av\u00e2riz Defterine G\u00f6re)<br \/>\n<\/strong>Halil Sahillio\u011flu<br \/>\n\u0130stanbul, 2005 (Arap\u00e7a, Giri\u015f ayr\u0131ca T\u00fcrk\u00e7e)<\/p>\n","protected":false},"featured_media":25791,"template":"","meta":{"_acf_changed":false,"_mi_skip_tracking":false},"product_cat":[165,192],"product_tag":[],"class_list":{"0":"post-25798","1":"product","2":"type-product","3":"status-publish","4":"has-post-thumbnail","6":"product_cat-islam-medeniyeti-tarihi","7":"product_cat-orta-dogu-ve-akdeniz","9":"first","10":"instock","11":"shipping-taxable","12":"product-type-simple"},"acf":[],"aioseo_notices":[],"_links":{"self":[{"href":"https:\/\/www.ircica.org\/tr\/wp-json\/wp\/v2\/product\/25798","targetHints":{"allow":["GET"]}}],"collection":[{"href":"https:\/\/www.ircica.org\/tr\/wp-json\/wp\/v2\/product"}],"about":[{"href":"https:\/\/www.ircica.org\/tr\/wp-json\/wp\/v2\/types\/product"}],"wp:featuredmedia":[{"embeddable":true,"href":"https:\/\/www.ircica.org\/tr\/wp-json\/wp\/v2\/media\/25791"}],"wp:attachment":[{"href":"https:\/\/www.ircica.org\/tr\/wp-json\/wp\/v2\/media?parent=25798"}],"wp:term":[{"taxonomy":"product_cat","embeddable":true,"href":"https:\/\/www.ircica.org\/tr\/wp-json\/wp\/v2\/product_cat?post=25798"},{"taxonomy":"product_tag","embeddable":true,"href":"https:\/\/www.ircica.org\/tr\/wp-json\/wp\/v2\/product_tag?post=25798"}],"curies":[{"name":"wp","href":"https:\/\/api.w.org\/{rel}","templated":true}]}}