{"id":25938,"date":"1992-06-15T00:00:00","date_gmt":"1992-06-14T21:00:00","guid":{"rendered":"https:\/\/www.ircica.org\/publications\/kategorilenmemis\/research-in-islamic-civilisation-outlook-for-the-coming-decade"},"modified":"2025-07-07T16:43:34","modified_gmt":"2025-07-07T13:43:34","slug":"research-in-islamic-civilisation-outlook-for-the-coming-decade","status":"publish","type":"product","link":"https:\/\/www.ircica.org\/tr\/yayinlar\/kulturel-gelisim-calismalari\/islam-medeniyeti-arastirmalari-gelecek-on-yil-icin-ongoruler","title":{"rendered":"\u0130slam Medeniyeti Ara\u015ft\u0131rmalar\u0131: Gelecek On Y\u0131l \u0130\u00e7in \u00d6ng\u00f6r\u00fcler"},"content":{"rendered":"<p>Bu kitapta, IRCICA\u2019n\u0131n 26-29 Eyl\u00fcl 1988\u2019de d\u00fczenledi\u011fi \u201c\u0130slam Medeniyeti Ara\u015ft\u0131rmalar\u0131: Gelecek On Y\u0131l \u0130\u00e7in \u00d6ng\u00f6r\u00fcler\u201d konulu uluslararas\u0131 seminerde sunulan on \u00fc\u00e7 bildiri, \u0130ngilizce veya Arap\u00e7a olmak \u00fczere sunulduklar\u0131 dilde yay\u0131nlanm\u0131\u015ft\u0131r. Seminere \u00e7e\u015fitli \u00fclkelerden kat\u0131lan se\u00e7kin bir grup akademisyen ve ara\u015ft\u0131rmac\u0131n\u0131n \u0130slam k\u00fclt\u00fcr\u00fc, tarihi ve medeniyetinin \u00e7e\u015fitli konular\u0131ndaki ara\u015ft\u0131rmalar\u0131n sorunlar\u0131 ve geli\u015fmelerine ili\u015fkin de\u011ferlendirmeleri, otuz y\u0131ldan fazla bir s\u00fcre sonra g\u00fcn\u00fcm\u00fczde ilim tarihi bak\u0131m\u0131ndan \u00f6nem ta\u015f\u0131maktad\u0131r.<\/p>\n","protected":false},"excerpt":{"rendered":"<p>Ekmeleddin \u0130hsano\u011flu, Ahmed Lajimi, ve Zeynep Durukal<br \/>\n\u0130stanbul, 1992<br \/>\n(\u0130ngilizce ve Arap\u00e7a)<\/p>\n","protected":false},"featured_media":25935,"template":"","meta":{"_acf_changed":false,"_mi_skip_tracking":false},"product_cat":[369],"product_tag":[],"class_list":{"0":"post-25938","1":"product","2":"type-product","3":"status-publish","4":"has-post-thumbnail","6":"product_cat-kulturel-gelisim-calismalari","8":"first","9":"instock","10":"shipping-taxable","11":"product-type-simple"},"acf":[],"aioseo_notices":[],"_links":{"self":[{"href":"https:\/\/www.ircica.org\/tr\/wp-json\/wp\/v2\/product\/25938","targetHints":{"allow":["GET"]}}],"collection":[{"href":"https:\/\/www.ircica.org\/tr\/wp-json\/wp\/v2\/product"}],"about":[{"href":"https:\/\/www.ircica.org\/tr\/wp-json\/wp\/v2\/types\/product"}],"wp:featuredmedia":[{"embeddable":true,"href":"https:\/\/www.ircica.org\/tr\/wp-json\/wp\/v2\/media\/25935"}],"wp:attachment":[{"href":"https:\/\/www.ircica.org\/tr\/wp-json\/wp\/v2\/media?parent=25938"}],"wp:term":[{"taxonomy":"product_cat","embeddable":true,"href":"https:\/\/www.ircica.org\/tr\/wp-json\/wp\/v2\/product_cat?post=25938"},{"taxonomy":"product_tag","embeddable":true,"href":"https:\/\/www.ircica.org\/tr\/wp-json\/wp\/v2\/product_tag?post=25938"}],"curies":[{"name":"wp","href":"https:\/\/api.w.org\/{rel}","templated":true}]}}