{"id":26409,"date":"2004-08-24T00:00:00","date_gmt":"2004-08-23T21:00:00","guid":{"rendered":"https:\/\/www.ircica.org\/publications\/kategorilenmemis\/%d8%b3%d9%86%d8%a7-%d8%a7%d9%84%d8%a8%d8%b1%d9%82-%d8%a7%d9%84%d8%b4%d8%a7%d9%85%d9%8a%d8%8c-%d9%85%d8%ae%d8%aa%d8%b5%d8%b1-%d8%a7%d9%84%d8%a8%d8%b1%d9%82-%d8%a7%d9%84%d8%b4%d8%a7%d9%85%d9%8a-%d9%81"},"modified":"2025-07-07T16:43:39","modified_gmt":"2025-07-07T13:43:39","slug":"%d8%b3%d9%86%d8%a7-%d8%a7%d9%84%d8%a8%d8%b1%d9%82-%d8%a7%d9%84%d8%b4%d8%a7%d9%85%d9%8a%d8%8c-%d9%85%d8%ae%d8%aa%d8%b5%d8%b1-%d8%a7%d9%84%d8%a8%d8%b1%d9%82-%d8%a7%d9%84%d8%b4%d8%a7%d9%85%d9%8a-%d9%81","status":"publish","type":"product","link":"https:\/\/www.ircica.org\/tr\/yayinlar\/islam-medeniyeti-tarihi\/asya\/orta-dogu-ve-akdeniz\/senel-ber%E1%B8%B3is-sami","title":{"rendered":"Sene\u2019l-Ber\u1e33\u0131\u2019\u015f-\u015e\u00e2m\u00ee"},"content":{"rendered":"<p>Bu kitap, K\u0131v\u00e2m\u00fcdd\u00een el-Feth b. Al\u00ee el-B\u00fcnd\u00e2r\u00ee el-\u0130sfah\u00e2n\u00ee\u2019ye (\u00f6. 643\/1245) ait \u00f6nemli bir tarih\u00ee el yazmas\u0131 eserin edisyonudur. Tarih\u00e7i ve Eyyubi Saray\u0131 imparatorluk konseyinin katibi olan el-\u0130sfah\u00e2n\u00ee\u2019nin 622\/1225 tarihli bu \u00e7al\u0131\u015fmas\u0131 \u0130madeddin el-K\u00e2tib el-\u0130sfah\u00e2n\u00ee (\u00f6. 597\/1201) taraf\u0131ndan yaz\u0131lm\u0131\u015f <em>Ber\u1e33\u0131\u2019\u015f-\u015e\u00e2m\u00ee<\/em> ba\u015fl\u0131kl\u0131, Salah ad-Din el-Eyyubi d\u00f6neminin olaylar\u0131n\u0131 anlatan eserin k\u0131salt\u0131lm\u0131\u015f versiyonudur. Bu versiyon, IRCICA Bibliyografyalar ve Yazmalar Ara\u015ft\u0131rma B\u00f6l\u00fcm\u00fc Ba\u015fkan\u0131 (2017\u2019ye kadar) Prof. Ramazan \u015ee\u015fen taraf\u0131ndan &#8211; kendisinin doktora ara\u015ft\u0131rmalar\u0131 s\u0131ras\u0131nda 1967\u2019de &#8211; ilk cildinin bir n\u00fcshas\u0131n\u0131n S\u00fcleymaniye K\u00fct\u00fcphanesi Esad Efendi Koleksiyonu&#8217;ndaki yazmalar aras\u0131nda bulunu\u015funa kadar, incelenmemi\u015fti. Prof. \u015ee\u015fen bu n\u00fcshay\u0131, <em>Ber\u1e33\u0131\u2019\u015f-\u015e\u00e2m\u00ee<\/em>\u2019nin mevcut iki cildiyle ve ilgili kaynak ve belgelerden al\u0131nt\u0131larla kar\u015f\u0131la\u015ft\u0131rarak yay\u0131na haz\u0131rlam\u0131\u015ft\u0131r.<\/p>\n","protected":false},"excerpt":{"rendered":"<p>K\u0131v\u00e2m\u00fcdd\u00een el-Feth b. Al\u00ee el-B\u00fcnd\u00e2r\u00ee, Sene\u2019l-Ber\u1e33\u0131\u2019\u015f-\u015e\u00e2m\u00ee<br \/>\nHaz. Ramazan \u015ee\u015fen<br \/>\n\u0130stanbul, 2004 (Arap\u00e7a)<\/p>\n","protected":false},"featured_media":26406,"template":"","meta":{"_acf_changed":false,"_mi_skip_tracking":false},"product_cat":[165,192],"product_tag":[],"class_list":{"0":"post-26409","1":"product","2":"type-product","3":"status-publish","4":"has-post-thumbnail","6":"product_cat-islam-medeniyeti-tarihi","7":"product_cat-orta-dogu-ve-akdeniz","9":"first","10":"instock","11":"shipping-taxable","12":"product-type-simple"},"acf":[],"aioseo_notices":[],"_links":{"self":[{"href":"https:\/\/www.ircica.org\/tr\/wp-json\/wp\/v2\/product\/26409","targetHints":{"allow":["GET"]}}],"collection":[{"href":"https:\/\/www.ircica.org\/tr\/wp-json\/wp\/v2\/product"}],"about":[{"href":"https:\/\/www.ircica.org\/tr\/wp-json\/wp\/v2\/types\/product"}],"wp:featuredmedia":[{"embeddable":true,"href":"https:\/\/www.ircica.org\/tr\/wp-json\/wp\/v2\/media\/26406"}],"wp:attachment":[{"href":"https:\/\/www.ircica.org\/tr\/wp-json\/wp\/v2\/media?parent=26409"}],"wp:term":[{"taxonomy":"product_cat","embeddable":true,"href":"https:\/\/www.ircica.org\/tr\/wp-json\/wp\/v2\/product_cat?post=26409"},{"taxonomy":"product_tag","embeddable":true,"href":"https:\/\/www.ircica.org\/tr\/wp-json\/wp\/v2\/product_tag?post=26409"}],"curies":[{"name":"wp","href":"https:\/\/api.w.org\/{rel}","templated":true}]}}