{"id":26459,"date":"2004-08-24T00:00:00","date_gmt":"2004-08-23T21:00:00","guid":{"rendered":"https:\/\/www.ircica.org\/publications\/kategorilenmemis\/a-culture-of-peaceful-coexistence-early-islamic-and-ottoman-turkish-examples-2004"},"modified":"2025-07-07T16:43:41","modified_gmt":"2025-07-07T13:43:41","slug":"a-culture-of-peaceful-coexistence-early-islamic-and-ottoman-turkish-examples-2004","status":"publish","type":"product","link":"https:\/\/www.ircica.org\/tr\/yayinlar\/kulturlerarasi-iliskiler\/bir-baris-icinde-yasama-kulturu-ilk-donem-islam-tarihinden-ve-osmanli-doneminden-ornekler","title":{"rendered":"Bir bar\u0131\u015f i\u00e7inde ya\u015fama k\u00fclt\u00fcr\u00fc, ilk d\u00f6nem \u0130slam tarihinden ve Osmanl\u0131 d\u00f6neminden \u00f6rnekler"},"content":{"rendered":"<p>Bu kitap \u0130slam d\u00fcnyas\u0131 tarihinden, \u00f6zellikle de Osmanl\u0131 d\u00f6neminden \u00f6rneklerle, \u0130slam\u2019\u0131n bar\u0131\u015f i\u00e7inde bir arada ya\u015fama k\u00fclt\u00fcr\u00fcn\u00fc anlatmaktad\u0131r. Giri\u015f b\u00f6l\u00fcm\u00fcnde yazar, \u0130slam gelene\u011finde dini-k\u00fclt\u00fcrel \u00e7o\u011fulculu\u011fun ard\u0131ndaki kavramsal \u00e7er\u00e7eveyi ve felsefeyi ele almaktad\u0131r. Bir sonraki b\u00f6l\u00fcmde \u0130slam\u2019\u0131n Yahudilere, H\u0131ristiyanlara (Ehl-i Kitab) ve Zerd\u00fc\u015ftler, Hindular, Budistler vb. Di\u011fer inan\u00e7 topluluklar\u0131na kar\u015f\u0131 ho\u015fg\u00f6r\u00fcl\u00fc tutumu, aralar\u0131nda Hz. Muhammed\u2019in yay\u0131nlad\u0131\u011f\u0131 Medine Anayasas\u0131\u2019n\u0131n da bulundu\u011fu \u00f6rneklere dayal\u0131 olarak g\u00f6sterilmektedir. Bunu d\u00f6rt halife d\u00f6nemindeki \u00e7o\u011fulculuk \u00f6rnekleri ve belli ba\u015fl\u0131 \u0130slam f\u0131kh\u0131 mezheplerinin konuya ili\u015fkin g\u00f6r\u00fc\u015fleri takip etmektedir. Sonraki b\u00f6l\u00fcmlerde gayrim\u00fcslimlerin sorumluluklar\u0131 (mal\u00ee y\u00fck\u00fcml\u00fcl\u00fck olarak cizye, hara\u00e7 ve ticaret vergisinin \u00f6denmesi); millet sistemi ve Osmanl\u0131 y\u00f6netiminin uygulamalar\u0131n\u0131n \u00f6rnekler \u00fczerinden anlat\u0131lmas\u0131; 1839 Tanzimat Ferman\u0131\u2019n\u0131n ilan\u0131ndan sonra ya\u015fanan geli\u015fmeler ve gayrim\u00fcslimlerin haklar\u0131ndaki geli\u015fmeler incelenmektedir. \u00c7al\u0131\u015fman\u0131n son b\u00f6l\u00fcm\u00fcnde dinsel-k\u00fclt\u00fcrel \u00e7o\u011fulculu\u011fun ve bar\u0131\u015f i\u00e7inde bir arada ya\u015faman\u0131n \u0130stanbul\u2019dan \u00fc\u00e7 \u00f6rne\u011fi veriliyor: Dar\u00fclaceze K\u00fclliyesi, ve farkl\u0131 din cemaatlerinin yap\u0131lar\u0131n\u0131n yan yana bulundu\u011fuKuzguncuk ve Ortak\u00f6y semtleri. Yay\u0131nda toplam 26 adet renkli ve siyah beyaz resim bulunmaktad\u0131r.<\/p>\n","protected":false},"excerpt":{"rendered":"<p>Ekmeleddin \u0130hsano\u011flu<br \/>\n\u0130stanbul, 2004, 72 p.<\/p>\n","protected":false},"featured_media":26456,"template":"","meta":{"_acf_changed":false,"_mi_skip_tracking":false},"product_cat":[171],"product_tag":[],"class_list":{"0":"post-26459","1":"product","2":"type-product","3":"status-publish","4":"has-post-thumbnail","6":"product_cat-kulturlerarasi-iliskiler","8":"first","9":"instock","10":"shipping-taxable","11":"product-type-simple"},"acf":[],"aioseo_notices":[],"_links":{"self":[{"href":"https:\/\/www.ircica.org\/tr\/wp-json\/wp\/v2\/product\/26459","targetHints":{"allow":["GET"]}}],"collection":[{"href":"https:\/\/www.ircica.org\/tr\/wp-json\/wp\/v2\/product"}],"about":[{"href":"https:\/\/www.ircica.org\/tr\/wp-json\/wp\/v2\/types\/product"}],"wp:featuredmedia":[{"embeddable":true,"href":"https:\/\/www.ircica.org\/tr\/wp-json\/wp\/v2\/media\/26456"}],"wp:attachment":[{"href":"https:\/\/www.ircica.org\/tr\/wp-json\/wp\/v2\/media?parent=26459"}],"wp:term":[{"taxonomy":"product_cat","embeddable":true,"href":"https:\/\/www.ircica.org\/tr\/wp-json\/wp\/v2\/product_cat?post=26459"},{"taxonomy":"product_tag","embeddable":true,"href":"https:\/\/www.ircica.org\/tr\/wp-json\/wp\/v2\/product_tag?post=26459"}],"curies":[{"name":"wp","href":"https:\/\/api.w.org\/{rel}","templated":true}]}}