{"id":26509,"date":"2003-12-24T00:00:00","date_gmt":"2003-12-23T22:00:00","guid":{"rendered":"https:\/\/www.ircica.org\/publications\/kategorilenmemis\/aciklamali-husn-i-hat-bibliyografyasi-annotated-bibliography-of-calligraphy"},"modified":"2025-07-07T16:43:47","modified_gmt":"2025-07-07T13:43:47","slug":"aciklamali-husn-i-hat-bibliyografyasi-annotated-bibliography-of-calligraphy","status":"publish","type":"product","link":"https:\/\/www.ircica.org\/tr\/yayinlar\/sanat-el-sanatlari\/aciklamali-husn-i-hat-bibliyografyasi","title":{"rendered":"A\u00e7\u0131klamal\u0131 H\u00fcsn-i Hat Bibliyografyas\u0131"},"content":{"rendered":"<p>Bu kitap, hat sanat\u0131 ile ilgili yurt i\u00e7i ve yurt d\u0131\u015f\u0131nda yay\u0131nlanm\u0131\u015f el yazmalar\u0131, kitaplar, makaleler ve kitap b\u00f6l\u00fcmlerinin yer ald\u0131\u011f\u0131 kapsaml\u0131 bir bibliyografya i\u00e7ermektedir. Prof. Ekmeleddin \u0130hsano\u011flu&#8217;nun sunu\u015f yaz\u0131s\u0131, yazar\u0131n \u00f6ns\u00f6z\u00fc ve hat sanat\u0131 uzman\u0131 Prof. M. U\u011fur Derman&#8217;\u0131n giri\u015f yaz\u0131s\u0131 bulunmaktad\u0131r. Bibliyografya, konuyla ilgili mevcut en kapsaml\u0131 kaynak\u00e7a olarak bilinmektedir. \u0130zmir Ege \u00dcniversitesi T\u0131p Tarihi ve Deontoloji Anabilim Dal\u0131 Ba\u015fkan\u0131 ve ayn\u0131 \u00fcniversitede Devlet T\u00fcrk Musikisi Konservatuar\u0131 M\u00fcd\u00fcr\u00fc olarak g\u00f6rev yapan t\u0131p doktoru Profes\u00f6r Ali Haydar Bayat&#8217;\u0131n (\u00f6. 2006) titiz akademik \u00e7al\u0131\u015fmas\u0131n\u0131 yans\u0131tmaktad\u0131r. Bayat\u2019\u0131n yay\u0131nlar\u0131 aras\u0131nda t\u0131p tarihi ve sanat tarihi \u00fczerine \u00e7ok say\u0131da kapsaml\u0131 \u00e7al\u0131\u015fma bulunmaktad\u0131r.<\/p>\n","protected":false},"excerpt":{"rendered":"<p>Yazmalar &#8211; Kitaplar &#8211; Makaleler &#8211; Kitaplarda Hatla \u0130lgili B\u00f6l\u00fcmler &#8211; D\u0131\u015f \u00dclkelerdeki Yay\u0131nlar<br \/>\nAli Haydar Bayat<br \/>\nIRCICA, \u0130stanbul 2003 (T\u00fcrk\u00e7e)<\/p>\n","protected":false},"featured_media":26506,"template":"","meta":{"_acf_changed":false,"_mi_skip_tracking":false},"product_cat":[182,163],"product_tag":[],"class_list":{"0":"post-26509","1":"product","2":"type-product","3":"status-publish","4":"has-post-thumbnail","6":"product_cat-bibliografyalar-kataloglar","7":"product_cat-sanat-el-sanatlari","9":"first","10":"instock","11":"shipping-taxable","12":"product-type-simple"},"acf":[],"aioseo_notices":[],"_links":{"self":[{"href":"https:\/\/www.ircica.org\/tr\/wp-json\/wp\/v2\/product\/26509","targetHints":{"allow":["GET"]}}],"collection":[{"href":"https:\/\/www.ircica.org\/tr\/wp-json\/wp\/v2\/product"}],"about":[{"href":"https:\/\/www.ircica.org\/tr\/wp-json\/wp\/v2\/types\/product"}],"wp:featuredmedia":[{"embeddable":true,"href":"https:\/\/www.ircica.org\/tr\/wp-json\/wp\/v2\/media\/26506"}],"wp:attachment":[{"href":"https:\/\/www.ircica.org\/tr\/wp-json\/wp\/v2\/media?parent=26509"}],"wp:term":[{"taxonomy":"product_cat","embeddable":true,"href":"https:\/\/www.ircica.org\/tr\/wp-json\/wp\/v2\/product_cat?post=26509"},{"taxonomy":"product_tag","embeddable":true,"href":"https:\/\/www.ircica.org\/tr\/wp-json\/wp\/v2\/product_tag?post=26509"}],"curies":[{"name":"wp","href":"https:\/\/api.w.org\/{rel}","templated":true}]}}