{"id":26685,"date":"2000-05-27T00:00:00","date_gmt":"2000-05-26T21:00:00","guid":{"rendered":"https:\/\/www.ircica.org\/publications\/kategorilenmemis\/ircica-1980-2000"},"modified":"2025-07-07T16:43:51","modified_gmt":"2025-07-07T13:43:51","slug":"ircica-1980-2000","status":"publish","type":"product","link":"https:\/\/www.ircica.org\/tr\/yayinlar\/genel\/ircica-1980-2000","title":{"rendered":"IRCICA 1980-2000"},"content":{"rendered":"<p>IRCICA&#8217;n\u0131n 20. y\u0131ld\u00f6n\u00fcm\u00fc vesilesiyle belgesel ama\u00e7l\u0131 olarak haz\u0131rlanan bu kitapta Merkezin ilk yirmi y\u0131l\u0131ndaki kurulu\u015f ve geli\u015fme safhalar\u0131 kayda ge\u00e7irilmektedir. Merkezin te\u015fkilat yap\u0131lar\u0131n\u0131n ve faaliyet konular\u0131n\u0131n kapsaml\u0131 bir s\u0131n\u0131fland\u0131rmas\u0131 alt\u0131nda \u00e7e\u015fitli alanlarda ger\u00e7ekle\u015ftirdi\u011fi projeler, t\u00f6renler ve y\u0131ld\u00f6n\u00fcm\u00fc etkinlikleri \u00f6zetlenmekte ve di\u011fer taraftan, \u0130slam \u0130\u015fbirli\u011fi Te\u015fkilat\u0131 \u00fcye devletlerinin ve akademi, sanat ve medya \u00e7evrelerinin Merkeze sa\u011flad\u0131\u011f\u0131 destek ve i\u015fbirli\u011fi anlat\u0131lmaktad\u0131r. Giri\u015f b\u00f6l\u00fcm\u00fcnde d\u00f6nemin IRCICA Genel Direkt\u00f6r\u00fc Prof. \u0130hsano\u011flu Merkezin ba\u015flang\u0131\u00e7 ve akabinde geni\u015fleme d\u00f6nemleri \u00fczerine g\u00f6r\u00fc\u015flerini payla\u015fmaktad\u0131r. Ayr\u0131nt\u0131l\u0131 Ek\u2019te konferanslar\u0131n, halka a\u00e7\u0131k s\u00f6yle\u015filerin, sergilerin ve yay\u0131nlar\u0131n tam listesi verilmi\u015ftir. Kitap \u0130\u0130T \u00dcye Devletleri D\u0131\u015fi\u015fleri Bakanlar\u0131n\u0131n 2000 y\u0131l\u0131nda Kuala Lumpur&#8217;da toplanan 27. oturumuna sunulmu\u015ftur.<\/p>\n","protected":false},"excerpt":{"rendered":"<p>Haz\u0131rlayan: Zeynep Durukal<br \/>\nIRCICA, 2000<br \/>\nxiv, 295 s., rnk. res.<br \/>\n[Bilgi i\u00e7in]<\/p>\n","protected":false},"featured_media":26682,"template":"","meta":{"_acf_changed":false,"_mi_skip_tracking":false},"product_cat":[],"product_tag":[],"class_list":{"0":"post-26685","1":"product","2":"type-product","3":"status-publish","4":"has-post-thumbnail","7":"first","8":"outofstock","9":"shipping-taxable","10":"purchasable","11":"product-type-simple"},"acf":[],"aioseo_notices":[],"_links":{"self":[{"href":"https:\/\/www.ircica.org\/tr\/wp-json\/wp\/v2\/product\/26685","targetHints":{"allow":["GET"]}}],"collection":[{"href":"https:\/\/www.ircica.org\/tr\/wp-json\/wp\/v2\/product"}],"about":[{"href":"https:\/\/www.ircica.org\/tr\/wp-json\/wp\/v2\/types\/product"}],"wp:featuredmedia":[{"embeddable":true,"href":"https:\/\/www.ircica.org\/tr\/wp-json\/wp\/v2\/media\/26682"}],"wp:attachment":[{"href":"https:\/\/www.ircica.org\/tr\/wp-json\/wp\/v2\/media?parent=26685"}],"wp:term":[{"taxonomy":"product_cat","embeddable":true,"href":"https:\/\/www.ircica.org\/tr\/wp-json\/wp\/v2\/product_cat?post=26685"},{"taxonomy":"product_tag","embeddable":true,"href":"https:\/\/www.ircica.org\/tr\/wp-json\/wp\/v2\/product_tag?post=26685"}],"curies":[{"name":"wp","href":"https:\/\/api.w.org\/{rel}","templated":true}]}}