{"id":26702,"date":"2020-12-17T13:43:00","date_gmt":"2020-12-17T10:43:00","guid":{"rendered":"https:\/\/www.ircica.org\/publications\/kategorilenmemis\/ircica-on-its-40th-anniversary-1979-2019"},"modified":"2025-07-07T16:43:51","modified_gmt":"2025-07-07T13:43:51","slug":"ircica-on-its-40th-anniversary-1979-2019","status":"publish","type":"product","link":"https:\/\/www.ircica.org\/tr\/yayinlar\/genel\/40-kurulus-yildonumunde-ircica","title":{"rendered":"40. Kurulu\u015f Y\u0131ld\u00f6n\u00fcm\u00fcnde IRCICA"},"content":{"rendered":"<p>IRCICA&#8217;n\u0131n 40. y\u0131l\u0131na kadar ger\u00e7ekle\u015ftirdi\u011fi t\u00fcm faaliyetleri kayda ge\u00e7iren bu kitap belgesel ama\u00e7la haz\u0131rlanm\u0131\u015ft\u0131r. 20. y\u0131ld\u00f6n\u00fcm\u00fcnde derlenmi\u015f olan \u201cIRCICA 1980-2000\u201d kitab\u0131nda yer alm\u0131\u015f konulara k\u0131saca de\u011finilmekte, 2000-2019 y\u0131llar\u0131 aras\u0131nda ger\u00e7ekle\u015ftirilen faaliyetlere ili\u015fkin olarak ise ayr\u0131nt\u0131l\u0131 s\u0131n\u0131fland\u0131rmalar ve bilgiler verilmektedir. Ana faaliyet programlar\u0131na g\u00f6re d\u00fczenlenmi\u015f olan bu b\u00f6l\u00fcmlerden sonra Merkezin \u00fcye devletleriyle ve uluslararas\u0131 kurulu\u015flarla ger\u00e7ekle\u015ftirdi\u011fi i\u015fbirli\u011fi \u00f6zetlenmektedir. 2019 y\u0131l\u0131nda \u0130\u0130T Genel Sekreteri olan Dr. Ahmad Al-Othaimeen \u00f6ns\u00f6z\u00fcnde, \u0130\u0130T\u2019nin k\u00fclt\u00fcr alanlar\u0131ndaki hedeflerinin ger\u00e7ekle\u015ftirilmesinde Merkezin oynad\u0131\u011f\u0131 rol\u00fcn \u00f6nem \u00fczerinde durmaktad\u0131r. IRCICA\u2019n\u0131n misyonunu yans\u0131tan \u201cDayan\u0131\u015fma \u0130\u00e7in K\u00fclt\u00fcrel \u0130\u015fbirli\u011fi\u201d slogan\u0131 ilk defa bu kitapta ifade edilmi\u015ftir.<\/p>\n","protected":false},"excerpt":{"rendered":"<p>(1979-2019)<br \/>\nHaz\u0131rlayan: Zeynep Durukal<br \/>\nIRCICA, 2020<br \/>\n252 s., rnk. res.<\/p>\n","protected":false},"featured_media":26698,"template":"","meta":{"_acf_changed":false,"_mi_skip_tracking":false},"product_cat":[],"product_tag":[],"class_list":{"0":"post-26702","1":"product","2":"type-product","3":"status-publish","4":"has-post-thumbnail","7":"first","8":"instock","9":"shipping-taxable","10":"product-type-simple"},"acf":[],"aioseo_notices":[],"_links":{"self":[{"href":"https:\/\/www.ircica.org\/tr\/wp-json\/wp\/v2\/product\/26702","targetHints":{"allow":["GET"]}}],"collection":[{"href":"https:\/\/www.ircica.org\/tr\/wp-json\/wp\/v2\/product"}],"about":[{"href":"https:\/\/www.ircica.org\/tr\/wp-json\/wp\/v2\/types\/product"}],"wp:featuredmedia":[{"embeddable":true,"href":"https:\/\/www.ircica.org\/tr\/wp-json\/wp\/v2\/media\/26698"}],"wp:attachment":[{"href":"https:\/\/www.ircica.org\/tr\/wp-json\/wp\/v2\/media?parent=26702"}],"wp:term":[{"taxonomy":"product_cat","embeddable":true,"href":"https:\/\/www.ircica.org\/tr\/wp-json\/wp\/v2\/product_cat?post=26702"},{"taxonomy":"product_tag","embeddable":true,"href":"https:\/\/www.ircica.org\/tr\/wp-json\/wp\/v2\/product_tag?post=26702"}],"curies":[{"name":"wp","href":"https:\/\/api.w.org\/{rel}","templated":true}]}}